{"id":3,"date":"2023-05-12T08:00:59","date_gmt":"2023-05-12T11:00:59","guid":{"rendered":"https:\/\/mell.tatitaswebsites.com.br\/?page_id=3"},"modified":"2023-10-24T15:13:23","modified_gmt":"2023-10-24T18:13:23","slug":"protecao-de-dados","status":"publish","type":"page","link":"https:\/\/ionn.com.br\/mellp\/protecao-de-dados\/","title":{"rendered":"Prote\u00e7\u00e3o de Dados"},"content":{"rendered":"\t\t<div data-elementor-type=\"wp-page\" data-elementor-id=\"3\" class=\"elementor elementor-3\" data-elementor-post-type=\"page\">\n\t\t\t\t\t\t<section class=\"elementor-section elementor-top-section elementor-element elementor-element-cdecc2c elementor-section-boxed elementor-section-height-default elementor-section-height-default\" data-id=\"cdecc2c\" data-element_type=\"section\" data-e-type=\"section\" data-settings=\"{&quot;background_background&quot;:&quot;classic&quot;,&quot;shape_divider_bottom&quot;:&quot;clouds&quot;,&quot;shape_divider_bottom_negative&quot;:&quot;yes&quot;}\">\n\t\t\t\t\t\t\t<div class=\"elementor-background-overlay\"><\/div>\n\t\t\t\t\t\t<div class=\"elementor-shape elementor-shape-bottom\" aria-hidden=\"true\" data-negative=\"true\">\n\t\t\t<svg xmlns=\"http:\/\/www.w3.org\/2000\/svg\" viewBox=\"0 0 283.5 27.8\" preserveAspectRatio=\"xMidYMax slice\">\n\t<path class=\"elementor-shape-fill\" d=\"M265.8 3.5c-10.9 0-15.9 6.2-15.9 6.2s-3.6-3.5-9.2-.9c-9.1 4.1-4.4 13.4-4.4 13.4s-1.2.2-1.9.9c-.6.7-.5 1.9-.5 1.9s-1-.5-2.3-.2c-1.3.3-1.6 1.4-1.6 1.4s.4-3.4-1.5-5c-3.9-3.4-8.3-.2-8.3-.2s-.6-.7-.9-.9c-.4-.2-1.2-.2-1.2-.2s-4.4-3.6-11.5-2.6-10.4 7.9-10.4 7.9-.5-3.3-3.9-4.9c-4.8-2.4-7.4 0-7.4 0s2.4-4.1-1.9-6.4-6.2 1.2-6.2 1.2-.9-.5-2.1-.5-2.3 1.1-2.3 1.1.1-.7-1.1-1.1c-1.2-.4-2 0-2 0s3.6-6.8-3.5-8.9c-6-1.8-7.9 2.6-8.4 4-.1-.3-.4-.7-.9-1.1-1-.7-1.3-.5-1.3-.5s1-4-1.7-5.2c-2.7-1.2-4.2 1.1-4.2 1.1s-3.1-1-5.7 1.4-2.1 5.5-2.1 5.5-.9 0-2.1.7-1.4 1.7-1.4 1.7-1.7-1.2-4.3-1.2c-2.6 0-4.5 1.2-4.5 1.2s-.7-1.5-2.8-2.4c-2.1-.9-4 0-4 0s2.6-5.9-4.7-9c-7.3-3.1-12.6 3.3-12.6 3.3s-.9 0-1.9.2c-.9.2-1.5.9-1.5.9S99.4 3 94.9 3.9c-4.5.9-5.7 5.7-5.7 5.7s-2.8-5-12.3-3.9-11.1 6-11.1 6-1.2-1.4-4-.7c-.8.2-1.3.5-1.8.9-.9-2.1-2.7-4.9-6.2-4.4-3.2.4-4 2.2-4 2.2s-.5-.7-1.2-.7h-1.4s-.5-.9-1.7-1.4-2.4 0-2.4 0-2.4-1.2-4.7 0-3.1 4.1-3.1 4.1-1.7-1.4-3.6-.7c-1.9.7-1.9 2.8-1.9 2.8s-.5-.5-1.7-.2c-1.2.2-1.4.7-1.4.7s-.7-2.3-2.8-2.8c-2.1-.5-4.3.2-4.3.2s-1.7-5-11.1-6c-3.8-.4-6.6.2-8.5 1v21.2h283.5V11.1c-.9.2-1.6.4-1.6.4s-5.2-8-16.1-8z\"\/>\n<\/svg>\n\t\t<\/div>\n\t\t\t\t\t<div class=\"elementor-container elementor-column-gap-default\">\n\t\t\t\t\t<div class=\"elementor-column elementor-col-100 elementor-top-column elementor-element elementor-element-59a6b3c animated-slow elementor-invisible\" data-id=\"59a6b3c\" data-element_type=\"column\" data-e-type=\"column\" data-settings=\"{&quot;animation&quot;:&quot;fadeIn&quot;}\">\n\t\t\t<div class=\"elementor-widget-wrap elementor-element-populated\">\n\t\t\t\t\t\t<div class=\"elementor-element elementor-element-64e4c9e elementor-widget elementor-widget-heading\" data-id=\"64e4c9e\" data-element_type=\"widget\" data-e-type=\"widget\" data-widget_type=\"heading.default\">\n\t\t\t\t<div class=\"elementor-widget-container\">\n\t\t\t\t\t<h1 class=\"elementor-heading-title elementor-size-default\">Pol\u00edtica de Privacidade<\/h1>\t\t\t\t<\/div>\n\t\t\t\t<\/div>\n\t\t\t\t\t<\/div>\n\t\t<\/div>\n\t\t\t\t\t<\/div>\n\t\t<\/section>\n\t\t\t\t<section class=\"elementor-section elementor-top-section elementor-element elementor-element-0a694d2 elementor-section-boxed elementor-section-height-default elementor-section-height-default\" data-id=\"0a694d2\" data-element_type=\"section\" data-e-type=\"section\" data-settings=\"{&quot;background_background&quot;:&quot;classic&quot;}\">\n\t\t\t\t\t\t<div class=\"elementor-container elementor-column-gap-default\">\n\t\t\t\t\t<div class=\"elementor-column elementor-col-100 elementor-top-column elementor-element elementor-element-1dbd4e5 animated-slow elementor-invisible\" data-id=\"1dbd4e5\" data-element_type=\"column\" data-e-type=\"column\" data-settings=\"{&quot;animation&quot;:&quot;fadeIn&quot;}\">\n\t\t\t<div class=\"elementor-widget-wrap elementor-element-populated\">\n\t\t\t\t\t\t<div class=\"elementor-element elementor-element-f11ca5c elementor-view-default elementor-widget elementor-widget-icon\" data-id=\"f11ca5c\" data-element_type=\"widget\" data-e-type=\"widget\" data-widget_type=\"icon.default\">\n\t\t\t\t<div class=\"elementor-widget-container\">\n\t\t\t\t\t\t\t<div class=\"elementor-icon-wrapper\">\n\t\t\t<div class=\"elementor-icon elementor-animation-float\">\n\t\t\t<i aria-hidden=\"true\" class=\"icon icon-shield\"><\/i>\t\t\t<\/div>\n\t\t<\/div>\n\t\t\t\t\t\t<\/div>\n\t\t\t\t<\/div>\n\t\t\t\t<div class=\"elementor-element elementor-element-c465ce5 elementor-widget elementor-widget-heading\" data-id=\"c465ce5\" data-element_type=\"widget\" data-e-type=\"widget\" data-widget_type=\"heading.default\">\n\t\t\t\t<div class=\"elementor-widget-container\">\n\t\t\t\t\t<h4 class=\"elementor-heading-title elementor-size-default\">Lei Geral de Prote\u00e7\u00e3o de Dados<\/h4>\t\t\t\t<\/div>\n\t\t\t\t<\/div>\n\t\t\t\t<div class=\"elementor-element elementor-element-1344324 elementor-widget-divider--separator-type-pattern elementor-widget-divider--view-line elementor-widget elementor-widget-divider\" data-id=\"1344324\" data-element_type=\"widget\" data-e-type=\"widget\" data-widget_type=\"divider.default\">\n\t\t\t\t<div class=\"elementor-widget-container\">\n\t\t\t\t\t\t\t<div class=\"elementor-divider\" style=\"--divider-pattern-url: url(&quot;data:image\/svg+xml,%3Csvg xmlns=&#039;http:\/\/www.w3.org\/2000\/svg&#039; preserveAspectRatio=&#039;none&#039; overflow=&#039;visible&#039; height=&#039;100%&#039; viewBox=&#039;0 0 24 24&#039; fill=&#039;none&#039; stroke=&#039;black&#039; stroke-width=&#039;1&#039; stroke-linecap=&#039;square&#039; stroke-miterlimit=&#039;10&#039;%3E%3Cpath d=&#039;M0,21c3.3,0,8.3-0.9,15.7-7.1c6.6-5.4,4.4-9.3,2.4-10.3c-3.4-1.8-7.7,1.3-7.3,8.8C11.2,20,17.1,21,24,21&#039;\/%3E%3C\/svg%3E&quot;);\">\n\t\t\t<span class=\"elementor-divider-separator\">\n\t\t\t\t\t\t<\/span>\n\t\t<\/div>\n\t\t\t\t\t\t<\/div>\n\t\t\t\t<\/div>\n\t\t\t\t<div class=\"elementor-element elementor-element-7572634 elementor-widget elementor-widget-text-editor\" data-id=\"7572634\" data-element_type=\"widget\" data-e-type=\"widget\" data-widget_type=\"text-editor.default\">\n\t\t\t\t<div class=\"elementor-widget-container\">\n\t\t\t\t\t\t\t\t\t<p>Temos a preocupa\u00e7\u00e3o em proporcionar uma experi\u00eancia de compra virtual f\u00e1cil e segura. Com alguns cliques voc\u00ea coloca no carrinho seus produtos e finaliza sua compra recebendo com seguran\u00e7a e comodidade no conforto do seu lar. Estamos comprometidos em proteger a privacidade e seguran\u00e7a dos nossos clientes durante toda a navega\u00e7\u00e3o e processo da sua compra no nosso site. A nossa pol\u00edtica de privacidade segue interpreta\u00e7\u00e3o de acordo com a Legisla\u00e7\u00e3o Brasileira e respeita a privacidade dos seus dados pessoais Voc\u00ea \u00e9 o \u00fanico respons\u00e1vel pela exatid\u00e3o dos seus dados pessoais fornecidos ao site.<br \/>Seus dados s\u00e3o recebidos por meio do protocolo HTTPS que gera maior seguran\u00e7a na comunica\u00e7\u00e3o entre o cliente e o servidor, utilizando o protocolo SSL, sigla em ingl\u00eas que significa (Secure Sockets Layer). Voc\u00ea pode encontrar o selo oficial do nosso certificado de seguran\u00e7a no rodap\u00e9 da p\u00e1gina inicial do nosso site.<\/p>\t\t\t\t\t\t\t\t<\/div>\n\t\t\t\t<\/div>\n\t\t\t\t<div class=\"elementor-element elementor-element-516152b elementor-widget elementor-widget-heading\" data-id=\"516152b\" data-element_type=\"widget\" data-e-type=\"widget\" data-widget_type=\"heading.default\">\n\t\t\t\t<div class=\"elementor-widget-container\">\n\t\t\t\t\t<h3 class=\"elementor-heading-title elementor-size-default\">Uso das Informa\u00e7\u00f5es<\/h3>\t\t\t\t<\/div>\n\t\t\t\t<\/div>\n\t\t\t\t<div class=\"elementor-element elementor-element-205e3ff elementor-widget elementor-widget-text-editor\" data-id=\"205e3ff\" data-element_type=\"widget\" data-e-type=\"widget\" data-widget_type=\"text-editor.default\">\n\t\t\t\t<div class=\"elementor-widget-container\">\n\t\t\t\t\t\t\t\t\t<p>Ressaltamos que Mell Petit n\u00e3o divulga ou compartilha seus dados cadastrais com terceiros, em nenhuma circunst\u00e2ncia.<br \/>Suas informa\u00e7\u00f5es s\u00e3o utilizadas somente por n\u00f3s, para algumas finalidades como confer\u00eancia de pedido, praticidade no preenchimento de pedido, analisar perfis e estat\u00edsticas, melhorias das opera\u00e7\u00f5es do site e envio de conte\u00fados, envio de Nota Fiscal Eletr\u00f4nica, e-mail, conte\u00fados promocionais e informativos.<\/p>\t\t\t\t\t\t\t\t<\/div>\n\t\t\t\t<\/div>\n\t\t\t\t<div class=\"elementor-element elementor-element-5051e96 elementor-widget elementor-widget-heading\" data-id=\"5051e96\" data-element_type=\"widget\" data-e-type=\"widget\" data-widget_type=\"heading.default\">\n\t\t\t\t<div class=\"elementor-widget-container\">\n\t\t\t\t\t<h3 class=\"elementor-heading-title elementor-size-default\">Cadastro de conte\u00fados promocionais e informativos<\/h3>\t\t\t\t<\/div>\n\t\t\t\t<\/div>\n\t\t\t\t<div class=\"elementor-element elementor-element-6c8b0da elementor-widget elementor-widget-text-editor\" data-id=\"6c8b0da\" data-element_type=\"widget\" data-e-type=\"widget\" data-widget_type=\"text-editor.default\">\n\t\t\t\t<div class=\"elementor-widget-container\">\n\t\t\t\t\t\t\t\t\t<p>O cadastramento de e-mail quando efetuado pelo cliente, ser\u00e1 utilizado para divulga\u00e7\u00e3o como por exemplo: reposi\u00e7\u00e3o de estoque e lan\u00e7amentos, desde que permitidos. A qualquer momento, voc\u00ea poder\u00e1 optar por n\u00e3o receber notifica\u00e7\u00f5es.<br \/>Com intuito de garantir que sua vontade seja respeitada, os e-mails que eventualmente enviamos de compras n\u00e3o conclu\u00eddas, produtos de reposi\u00e7\u00f5es em estoque e outras informa\u00e7\u00f5es sobre a Mell Petit, caso optar por n\u00e3o continuar recebendo avisos, poder\u00e1 cancelar as notifica\u00e7\u00f5es, clicando no link de atalho na \u00faltima linha do e-mail enviado.<\/p>\t\t\t\t\t\t\t\t<\/div>\n\t\t\t\t<\/div>\n\t\t\t\t\t<\/div>\n\t\t<\/div>\n\t\t\t\t\t<\/div>\n\t\t<\/section>\n\t\t\t\t<\/div>\n\t\t","protected":false},"excerpt":{"rendered":"<p>Pol\u00edtica de Privacidade Lei Geral de Prote\u00e7\u00e3o de Dados Temos a preocupa\u00e7\u00e3o em proporcionar uma experi\u00eancia de compra virtual f\u00e1cil e segura. Com alguns cliques voc\u00ea coloca no carrinho seus produtos e finaliza sua compra recebendo com seguran\u00e7a e comodidade no conforto do seu lar. Estamos comprometidos em proteger a privacidade e seguran\u00e7a dos nossos [&hellip;]<\/p>\n","protected":false},"author":1,"featured_media":0,"parent":0,"menu_order":0,"comment_status":"closed","ping_status":"closed","template":"elementor_header_footer","meta":{"footnotes":""},"class_list":["post-3","page","type-page","status-publish","hentry"],"yoast_head":"<!-- This site is optimized with the Yoast SEO plugin v27.4 - https:\/\/yoast.com\/product\/yoast-seo-wordpress\/ -->\n<title>Prote\u00e7\u00e3o de Dados &#8212; Mell Petit &#8212; Sa\u00eddas de maternidade<\/title>\n<meta name=\"description\" content=\"Prote\u00e7\u00e3o de Dados: Temos a preocupa\u00e7\u00e3o em proporcionar uma experi\u00eancia de compra virtual f\u00e1cil e segura.\" \/>\n<meta name=\"robots\" content=\"index, follow, max-snippet:-1, max-image-preview:large, max-video-preview:-1\" \/>\n<link rel=\"canonical\" href=\"https:\/\/ionn.com.br\/mellp\/protecao-de-dados\/\" \/>\n<meta property=\"og:locale\" content=\"pt_BR\" \/>\n<meta property=\"og:type\" content=\"article\" \/>\n<meta property=\"og:title\" content=\"Prote\u00e7\u00e3o de Dados &#8212; Mell Petit &#8212; Sa\u00eddas de maternidade\" \/>\n<meta property=\"og:description\" content=\"Prote\u00e7\u00e3o de Dados: Temos a preocupa\u00e7\u00e3o em proporcionar uma experi\u00eancia de compra virtual f\u00e1cil e segura.\" \/>\n<meta property=\"og:url\" content=\"https:\/\/ionn.com.br\/mellp\/protecao-de-dados\/\" \/>\n<meta property=\"og:site_name\" content=\"Mell Petit\" \/>\n<meta property=\"article:publisher\" content=\"https:\/\/facebook.com\/mellpetit\" \/>\n<meta property=\"article:modified_time\" content=\"2023-10-24T18:13:23+00:00\" \/>\n<meta property=\"og:image\" content=\"https:\/\/ionn.com.br\/mellp\/wp-content\/uploads\/loja-virtual-roupas-de-bebe-recem-nascido-sao-paulo.webp\" \/>\n\t<meta property=\"og:image:width\" content=\"178\" \/>\n\t<meta property=\"og:image:height\" content=\"117\" \/>\n\t<meta property=\"og:image:type\" content=\"image\/webp\" \/>\n<meta name=\"twitter:card\" content=\"summary_large_image\" \/>\n<script type=\"application\/ld+json\" class=\"yoast-schema-graph\">{\"@context\":\"https:\\\/\\\/schema.org\",\"@graph\":[{\"@type\":\"WebPage\",\"@id\":\"https:\\\/\\\/ionn.com.br\\\/mellp\\\/protecao-de-dados\\\/\",\"url\":\"https:\\\/\\\/ionn.com.br\\\/mellp\\\/protecao-de-dados\\\/\",\"name\":\"Prote\u00e7\u00e3o de Dados &#8212; Mell Petit &#8212; Sa\u00eddas de maternidade\",\"isPartOf\":{\"@id\":\"https:\\\/\\\/ionn.com.br\\\/mellp\\\/#website\"},\"datePublished\":\"2023-05-12T11:00:59+00:00\",\"dateModified\":\"2023-10-24T18:13:23+00:00\",\"description\":\"Prote\u00e7\u00e3o de Dados: Temos a preocupa\u00e7\u00e3o em proporcionar uma experi\u00eancia de compra virtual f\u00e1cil e segura.\",\"breadcrumb\":{\"@id\":\"https:\\\/\\\/ionn.com.br\\\/mellp\\\/protecao-de-dados\\\/#breadcrumb\"},\"inLanguage\":\"pt-BR\",\"potentialAction\":[{\"@type\":\"ReadAction\",\"target\":[\"https:\\\/\\\/ionn.com.br\\\/mellp\\\/protecao-de-dados\\\/\"]}]},{\"@type\":\"BreadcrumbList\",\"@id\":\"https:\\\/\\\/ionn.com.br\\\/mellp\\\/protecao-de-dados\\\/#breadcrumb\",\"itemListElement\":[{\"@type\":\"ListItem\",\"position\":1,\"name\":\"In\u00edcio\",\"item\":\"https:\\\/\\\/ionn.com.br\\\/mellp\\\/\"},{\"@type\":\"ListItem\",\"position\":2,\"name\":\"Prote\u00e7\u00e3o de Dados\"}]},{\"@type\":\"WebSite\",\"@id\":\"https:\\\/\\\/ionn.com.br\\\/mellp\\\/#website\",\"url\":\"https:\\\/\\\/ionn.com.br\\\/mellp\\\/\",\"name\":\"Mell Petit\",\"description\":\"Sa\u00eddas de maternidade\",\"publisher\":{\"@id\":\"https:\\\/\\\/ionn.com.br\\\/mellp\\\/#organization\"},\"alternateName\":\"Mell Petit\",\"potentialAction\":[{\"@type\":\"SearchAction\",\"target\":{\"@type\":\"EntryPoint\",\"urlTemplate\":\"https:\\\/\\\/ionn.com.br\\\/mellp\\\/?s={search_term_string}\"},\"query-input\":{\"@type\":\"PropertyValueSpecification\",\"valueRequired\":true,\"valueName\":\"search_term_string\"}}],\"inLanguage\":\"pt-BR\"},{\"@type\":\"Organization\",\"@id\":\"https:\\\/\\\/ionn.com.br\\\/mellp\\\/#organization\",\"name\":\"Mell Petit\",\"alternateName\":\"Mell Petit\",\"url\":\"https:\\\/\\\/ionn.com.br\\\/mellp\\\/\",\"logo\":{\"@type\":\"ImageObject\",\"inLanguage\":\"pt-BR\",\"@id\":\"https:\\\/\\\/ionn.com.br\\\/mellp\\\/#\\\/schema\\\/logo\\\/image\\\/\",\"url\":\"https:\\\/\\\/ionn.com.br\\\/mellp\\\/wp-content\\\/uploads\\\/loja-virtual-roupas-de-bebe-recem-nascido-sao-paulo.webp\",\"contentUrl\":\"https:\\\/\\\/ionn.com.br\\\/mellp\\\/wp-content\\\/uploads\\\/loja-virtual-roupas-de-bebe-recem-nascido-sao-paulo.webp\",\"width\":178,\"height\":117,\"caption\":\"Mell Petit\"},\"image\":{\"@id\":\"https:\\\/\\\/ionn.com.br\\\/mellp\\\/#\\\/schema\\\/logo\\\/image\\\/\"},\"sameAs\":[\"https:\\\/\\\/facebook.com\\\/mellpetit\",\"https:\\\/\\\/instagram.com\\\/mellpetit\"]}]}<\/script>\n<!-- \/ Yoast SEO plugin. -->","yoast_head_json":{"title":"Prote\u00e7\u00e3o de Dados &#8212; Mell Petit &#8212; Sa\u00eddas de maternidade","description":"Prote\u00e7\u00e3o de Dados: Temos a preocupa\u00e7\u00e3o em proporcionar uma experi\u00eancia de compra virtual f\u00e1cil e segura.","robots":{"index":"index","follow":"follow","max-snippet":"max-snippet:-1","max-image-preview":"max-image-preview:large","max-video-preview":"max-video-preview:-1"},"canonical":"https:\/\/ionn.com.br\/mellp\/protecao-de-dados\/","og_locale":"pt_BR","og_type":"article","og_title":"Prote\u00e7\u00e3o de Dados &#8212; Mell Petit &#8212; Sa\u00eddas de maternidade","og_description":"Prote\u00e7\u00e3o de Dados: Temos a preocupa\u00e7\u00e3o em proporcionar uma experi\u00eancia de compra virtual f\u00e1cil e segura.","og_url":"https:\/\/ionn.com.br\/mellp\/protecao-de-dados\/","og_site_name":"Mell Petit","article_publisher":"https:\/\/facebook.com\/mellpetit","article_modified_time":"2023-10-24T18:13:23+00:00","og_image":[{"width":178,"height":117,"url":"https:\/\/ionn.com.br\/mellp\/wp-content\/uploads\/loja-virtual-roupas-de-bebe-recem-nascido-sao-paulo.webp","type":"image\/webp"}],"twitter_card":"summary_large_image","schema":{"@context":"https:\/\/schema.org","@graph":[{"@type":"WebPage","@id":"https:\/\/ionn.com.br\/mellp\/protecao-de-dados\/","url":"https:\/\/ionn.com.br\/mellp\/protecao-de-dados\/","name":"Prote\u00e7\u00e3o de Dados &#8212; Mell Petit &#8212; Sa\u00eddas de maternidade","isPartOf":{"@id":"https:\/\/ionn.com.br\/mellp\/#website"},"datePublished":"2023-05-12T11:00:59+00:00","dateModified":"2023-10-24T18:13:23+00:00","description":"Prote\u00e7\u00e3o de Dados: Temos a preocupa\u00e7\u00e3o em proporcionar uma experi\u00eancia de compra virtual f\u00e1cil e segura.","breadcrumb":{"@id":"https:\/\/ionn.com.br\/mellp\/protecao-de-dados\/#breadcrumb"},"inLanguage":"pt-BR","potentialAction":[{"@type":"ReadAction","target":["https:\/\/ionn.com.br\/mellp\/protecao-de-dados\/"]}]},{"@type":"BreadcrumbList","@id":"https:\/\/ionn.com.br\/mellp\/protecao-de-dados\/#breadcrumb","itemListElement":[{"@type":"ListItem","position":1,"name":"In\u00edcio","item":"https:\/\/ionn.com.br\/mellp\/"},{"@type":"ListItem","position":2,"name":"Prote\u00e7\u00e3o de Dados"}]},{"@type":"WebSite","@id":"https:\/\/ionn.com.br\/mellp\/#website","url":"https:\/\/ionn.com.br\/mellp\/","name":"Mell Petit","description":"Sa\u00eddas de maternidade","publisher":{"@id":"https:\/\/ionn.com.br\/mellp\/#organization"},"alternateName":"Mell Petit","potentialAction":[{"@type":"SearchAction","target":{"@type":"EntryPoint","urlTemplate":"https:\/\/ionn.com.br\/mellp\/?s={search_term_string}"},"query-input":{"@type":"PropertyValueSpecification","valueRequired":true,"valueName":"search_term_string"}}],"inLanguage":"pt-BR"},{"@type":"Organization","@id":"https:\/\/ionn.com.br\/mellp\/#organization","name":"Mell Petit","alternateName":"Mell Petit","url":"https:\/\/ionn.com.br\/mellp\/","logo":{"@type":"ImageObject","inLanguage":"pt-BR","@id":"https:\/\/ionn.com.br\/mellp\/#\/schema\/logo\/image\/","url":"https:\/\/ionn.com.br\/mellp\/wp-content\/uploads\/loja-virtual-roupas-de-bebe-recem-nascido-sao-paulo.webp","contentUrl":"https:\/\/ionn.com.br\/mellp\/wp-content\/uploads\/loja-virtual-roupas-de-bebe-recem-nascido-sao-paulo.webp","width":178,"height":117,"caption":"Mell Petit"},"image":{"@id":"https:\/\/ionn.com.br\/mellp\/#\/schema\/logo\/image\/"},"sameAs":["https:\/\/facebook.com\/mellpetit","https:\/\/instagram.com\/mellpetit"]}]}},"_links":{"self":[{"href":"https:\/\/ionn.com.br\/mellp\/wp-json\/wp\/v2\/pages\/3","targetHints":{"allow":["GET"]}}],"collection":[{"href":"https:\/\/ionn.com.br\/mellp\/wp-json\/wp\/v2\/pages"}],"about":[{"href":"https:\/\/ionn.com.br\/mellp\/wp-json\/wp\/v2\/types\/page"}],"author":[{"embeddable":true,"href":"https:\/\/ionn.com.br\/mellp\/wp-json\/wp\/v2\/users\/1"}],"replies":[{"embeddable":true,"href":"https:\/\/ionn.com.br\/mellp\/wp-json\/wp\/v2\/comments?post=3"}],"version-history":[{"count":26,"href":"https:\/\/ionn.com.br\/mellp\/wp-json\/wp\/v2\/pages\/3\/revisions"}],"predecessor-version":[{"id":3518,"href":"https:\/\/ionn.com.br\/mellp\/wp-json\/wp\/v2\/pages\/3\/revisions\/3518"}],"wp:attachment":[{"href":"https:\/\/ionn.com.br\/mellp\/wp-json\/wp\/v2\/media?parent=3"}],"curies":[{"name":"wp","href":"https:\/\/api.w.org\/{rel}","templated":true}]}}