{"id":58,"date":"2023-05-12T12:22:59","date_gmt":"2023-05-12T15:22:59","guid":{"rendered":"https:\/\/mell.tatitaswebsites.com.br\/?page_id=58"},"modified":"2023-10-24T15:12:42","modified_gmt":"2023-10-24T18:12:42","slug":"politica-de-troca-e-devolucao","status":"publish","type":"page","link":"https:\/\/ionn.com.br\/mellp\/politica-de-troca-e-devolucao\/","title":{"rendered":"Pol\u00edtica de Troca e Devolu\u00e7\u00e3o"},"content":{"rendered":"\t\t<div data-elementor-type=\"wp-page\" data-elementor-id=\"58\" class=\"elementor elementor-58\" data-elementor-post-type=\"page\">\n\t\t\t\t\t\t<section class=\"elementor-section elementor-top-section elementor-element elementor-element-7fa4d6a elementor-section-boxed elementor-section-height-default elementor-section-height-default\" data-id=\"7fa4d6a\" data-element_type=\"section\" data-e-type=\"section\" data-settings=\"{&quot;background_background&quot;:&quot;classic&quot;,&quot;shape_divider_bottom&quot;:&quot;clouds&quot;,&quot;shape_divider_bottom_negative&quot;:&quot;yes&quot;}\">\n\t\t\t\t\t\t\t<div class=\"elementor-background-overlay\"><\/div>\n\t\t\t\t\t\t<div class=\"elementor-shape elementor-shape-bottom\" aria-hidden=\"true\" data-negative=\"true\">\n\t\t\t<svg xmlns=\"http:\/\/www.w3.org\/2000\/svg\" viewBox=\"0 0 283.5 27.8\" preserveAspectRatio=\"xMidYMax slice\">\n\t<path class=\"elementor-shape-fill\" d=\"M265.8 3.5c-10.9 0-15.9 6.2-15.9 6.2s-3.6-3.5-9.2-.9c-9.1 4.1-4.4 13.4-4.4 13.4s-1.2.2-1.9.9c-.6.7-.5 1.9-.5 1.9s-1-.5-2.3-.2c-1.3.3-1.6 1.4-1.6 1.4s.4-3.4-1.5-5c-3.9-3.4-8.3-.2-8.3-.2s-.6-.7-.9-.9c-.4-.2-1.2-.2-1.2-.2s-4.4-3.6-11.5-2.6-10.4 7.9-10.4 7.9-.5-3.3-3.9-4.9c-4.8-2.4-7.4 0-7.4 0s2.4-4.1-1.9-6.4-6.2 1.2-6.2 1.2-.9-.5-2.1-.5-2.3 1.1-2.3 1.1.1-.7-1.1-1.1c-1.2-.4-2 0-2 0s3.6-6.8-3.5-8.9c-6-1.8-7.9 2.6-8.4 4-.1-.3-.4-.7-.9-1.1-1-.7-1.3-.5-1.3-.5s1-4-1.7-5.2c-2.7-1.2-4.2 1.1-4.2 1.1s-3.1-1-5.7 1.4-2.1 5.5-2.1 5.5-.9 0-2.1.7-1.4 1.7-1.4 1.7-1.7-1.2-4.3-1.2c-2.6 0-4.5 1.2-4.5 1.2s-.7-1.5-2.8-2.4c-2.1-.9-4 0-4 0s2.6-5.9-4.7-9c-7.3-3.1-12.6 3.3-12.6 3.3s-.9 0-1.9.2c-.9.2-1.5.9-1.5.9S99.4 3 94.9 3.9c-4.5.9-5.7 5.7-5.7 5.7s-2.8-5-12.3-3.9-11.1 6-11.1 6-1.2-1.4-4-.7c-.8.2-1.3.5-1.8.9-.9-2.1-2.7-4.9-6.2-4.4-3.2.4-4 2.2-4 2.2s-.5-.7-1.2-.7h-1.4s-.5-.9-1.7-1.4-2.4 0-2.4 0-2.4-1.2-4.7 0-3.1 4.1-3.1 4.1-1.7-1.4-3.6-.7c-1.9.7-1.9 2.8-1.9 2.8s-.5-.5-1.7-.2c-1.2.2-1.4.7-1.4.7s-.7-2.3-2.8-2.8c-2.1-.5-4.3.2-4.3.2s-1.7-5-11.1-6c-3.8-.4-6.6.2-8.5 1v21.2h283.5V11.1c-.9.2-1.6.4-1.6.4s-5.2-8-16.1-8z\"\/>\n<\/svg>\n\t\t<\/div>\n\t\t\t\t\t<div class=\"elementor-container elementor-column-gap-default\">\n\t\t\t\t\t<div class=\"elementor-column elementor-col-100 elementor-top-column elementor-element elementor-element-37625c3 animated-slow elementor-invisible\" data-id=\"37625c3\" data-element_type=\"column\" data-e-type=\"column\" data-settings=\"{&quot;animation&quot;:&quot;fadeIn&quot;}\">\n\t\t\t<div class=\"elementor-widget-wrap elementor-element-populated\">\n\t\t\t\t\t\t<div class=\"elementor-element elementor-element-494a280 elementor-widget elementor-widget-heading\" data-id=\"494a280\" data-element_type=\"widget\" data-e-type=\"widget\" data-widget_type=\"heading.default\">\n\t\t\t\t<div class=\"elementor-widget-container\">\n\t\t\t\t\t<h1 class=\"elementor-heading-title elementor-size-default\">Pol\u00edtica de Troca e Devolu\u00e7\u00e3o<\/h1>\t\t\t\t<\/div>\n\t\t\t\t<\/div>\n\t\t\t\t\t<\/div>\n\t\t<\/div>\n\t\t\t\t\t<\/div>\n\t\t<\/section>\n\t\t\t\t<section class=\"elementor-section elementor-top-section elementor-element elementor-element-6382d38 elementor-section-boxed elementor-section-height-default elementor-section-height-default\" data-id=\"6382d38\" data-element_type=\"section\" data-e-type=\"section\" data-settings=\"{&quot;background_background&quot;:&quot;classic&quot;}\">\n\t\t\t\t\t\t<div class=\"elementor-container elementor-column-gap-default\">\n\t\t\t\t\t<div class=\"elementor-column elementor-col-100 elementor-top-column elementor-element elementor-element-0e94950 animated-slow elementor-invisible\" data-id=\"0e94950\" data-element_type=\"column\" data-e-type=\"column\" data-settings=\"{&quot;animation&quot;:&quot;fadeIn&quot;}\">\n\t\t\t<div class=\"elementor-widget-wrap elementor-element-populated\">\n\t\t\t\t\t\t<div class=\"elementor-element elementor-element-9d82d5e elementor-widget elementor-widget-text-editor\" data-id=\"9d82d5e\" data-element_type=\"widget\" data-e-type=\"widget\" data-widget_type=\"text-editor.default\">\n\t\t\t\t<div class=\"elementor-widget-container\">\n\t\t\t\t\t\t\t\t\tSua satisfa\u00e7\u00e3o \u00e9 nosso objetivo e para garantir transpar\u00eancia, criamos uma pol\u00edtica de trocas e devolu\u00e7\u00f5es para compras realizadas em nosso site com base no c\u00f3digo de defesa do consumidor.\nTemos um excelente controle de qualidade. Todas as nossas pe\u00e7as s\u00e3o devidamente revisadas antes do envio, para garantir que nossos produtos cheguem aos nossos clientes em perfeito estado. Entretanto, se o produto n\u00e3o for como o esperado e julgar necess\u00e1rio a troca ou devolu\u00e7\u00e3o, pedimos seguir as regras abaixo:\n\t\t\t\t\t\t\t\t<\/div>\n\t\t\t\t<\/div>\n\t\t\t\t<div class=\"elementor-element elementor-element-bf4d44c elementor-widget-divider--view-line elementor-widget elementor-widget-divider\" data-id=\"bf4d44c\" data-element_type=\"widget\" data-e-type=\"widget\" data-widget_type=\"divider.default\">\n\t\t\t\t<div class=\"elementor-widget-container\">\n\t\t\t\t\t\t\t<div class=\"elementor-divider\">\n\t\t\t<span class=\"elementor-divider-separator\">\n\t\t\t\t\t\t<\/span>\n\t\t<\/div>\n\t\t\t\t\t\t<\/div>\n\t\t\t\t<\/div>\n\t\t\t\t<div class=\"elementor-element elementor-element-f87acb2 elementor-view-default elementor-widget elementor-widget-icon\" data-id=\"f87acb2\" data-element_type=\"widget\" data-e-type=\"widget\" data-widget_type=\"icon.default\">\n\t\t\t\t<div class=\"elementor-widget-container\">\n\t\t\t\t\t\t\t<div class=\"elementor-icon-wrapper\">\n\t\t\t<div class=\"elementor-icon elementor-animation-float\">\n\t\t\t<i aria-hidden=\"true\" class=\"icon icon-retweet\"><\/i>\t\t\t<\/div>\n\t\t<\/div>\n\t\t\t\t\t\t<\/div>\n\t\t\t\t<\/div>\n\t\t\t\t<div class=\"elementor-element elementor-element-644ecb2 elementor-widget elementor-widget-heading\" data-id=\"644ecb2\" data-element_type=\"widget\" data-e-type=\"widget\" data-widget_type=\"heading.default\">\n\t\t\t\t<div class=\"elementor-widget-container\">\n\t\t\t\t\t<h4 class=\"elementor-heading-title elementor-size-default\">Trocas de Produtos<\/h4>\t\t\t\t<\/div>\n\t\t\t\t<\/div>\n\t\t\t\t<div class=\"elementor-element elementor-element-0894812 elementor-widget-divider--separator-type-pattern elementor-widget-divider--view-line elementor-widget elementor-widget-divider\" data-id=\"0894812\" data-element_type=\"widget\" data-e-type=\"widget\" data-widget_type=\"divider.default\">\n\t\t\t\t<div class=\"elementor-widget-container\">\n\t\t\t\t\t\t\t<div class=\"elementor-divider\" style=\"--divider-pattern-url: url(&quot;data:image\/svg+xml,%3Csvg xmlns=&#039;http:\/\/www.w3.org\/2000\/svg&#039; preserveAspectRatio=&#039;none&#039; overflow=&#039;visible&#039; height=&#039;100%&#039; viewBox=&#039;0 0 24 24&#039; fill=&#039;none&#039; stroke=&#039;black&#039; stroke-width=&#039;1&#039; stroke-linecap=&#039;square&#039; stroke-miterlimit=&#039;10&#039;%3E%3Cpath d=&#039;M0,21c3.3,0,8.3-0.9,15.7-7.1c6.6-5.4,4.4-9.3,2.4-10.3c-3.4-1.8-7.7,1.3-7.3,8.8C11.2,20,17.1,21,24,21&#039;\/%3E%3C\/svg%3E&quot;);\">\n\t\t\t<span class=\"elementor-divider-separator\">\n\t\t\t\t\t\t<\/span>\n\t\t<\/div>\n\t\t\t\t\t\t<\/div>\n\t\t\t\t<\/div>\n\t\t\t\t<div class=\"elementor-element elementor-element-59383b9 elementor-widget elementor-widget-heading\" data-id=\"59383b9\" data-element_type=\"widget\" data-e-type=\"widget\" data-widget_type=\"heading.default\">\n\t\t\t\t<div class=\"elementor-widget-container\">\n\t\t\t\t\t<h3 class=\"elementor-heading-title elementor-size-default\">N\u00e3o gostei, n\u00e3o serviu, quero trocar<\/h3>\t\t\t\t<\/div>\n\t\t\t\t<\/div>\n\t\t\t\t<div class=\"elementor-element elementor-element-66588b4 elementor-widget elementor-widget-text-editor\" data-id=\"66588b4\" data-element_type=\"widget\" data-e-type=\"widget\" data-widget_type=\"text-editor.default\">\n\t\t\t\t<div class=\"elementor-widget-container\">\n\t\t\t\t\t\t\t\t\t<p>a) O prazo para troca de pe\u00e7as \u00e9 de 30 (trinta) dias corridos com pr\u00e9vio comunicado a loja. Fora deste prazo, a troca n\u00e3o ser\u00e1 aceita. Para troca de mesmo produto em rela\u00e7\u00e3o a tamanho\/numera\u00e7\u00e3o, caso o produto esteja dentro das condi\u00e7\u00f5es de troca, o custo da devolu\u00e7\u00e3o e de novo envio, \u00e9 por conta do cliente.<\/p><p>b) Troca do produto em caso de indisponibilidade de estoque, voc\u00ea poder\u00e1 optar trocar por outro similar ou abater o valor pago na compra por outro produto. O custo da devolu\u00e7\u00e3o e de novo envio, \u00e9 por conta do cliente.<\/p><p>c) N\u00e3o realizamos trocas ou devolu\u00e7\u00f5es de produtos promocionais ou cupom de desconto.<br \/>Para aqueles que utilizaram frete gr\u00e1tis, em caso de troca, haver\u00e1 a cobran\u00e7a de frete para novo envio ao cliente.<\/p>\t\t\t\t\t\t\t\t<\/div>\n\t\t\t\t<\/div>\n\t\t\t\t<div class=\"elementor-element elementor-element-0403239 elementor-widget elementor-widget-text-editor\" data-id=\"0403239\" data-element_type=\"widget\" data-e-type=\"widget\" data-widget_type=\"text-editor.default\">\n\t\t\t\t<div class=\"elementor-widget-container\">\n\t\t\t\t\t\t\t\t\t<p>Para todo tipo de troca ou devolu\u00e7\u00e3o, seja ela por desist\u00eancia, constata\u00e7\u00e3o de defeito ou por outro motivo, a devolu\u00e7\u00e3o ser\u00e1 efetuada por transportadora e o cliente ap\u00f3s ter recebido o c\u00f3digo de envio reverso gerado pela Mell Petit, dever\u00e1 ir at\u00e9 uma unidade log\u00edstica mais pr\u00f3xima indicada pela loja para devolver o produto.<\/p>\t\t\t\t\t\t\t\t<\/div>\n\t\t\t\t<\/div>\n\t\t\t\t\t<\/div>\n\t\t<\/div>\n\t\t\t\t\t<\/div>\n\t\t<\/section>\n\t\t\t\t<section class=\"elementor-section elementor-top-section elementor-element elementor-element-16d8bfc elementor-section-boxed elementor-section-height-default elementor-section-height-default\" data-id=\"16d8bfc\" data-element_type=\"section\" data-e-type=\"section\" data-settings=\"{&quot;background_background&quot;:&quot;classic&quot;}\">\n\t\t\t\t\t\t<div class=\"elementor-container elementor-column-gap-default\">\n\t\t\t\t\t<div class=\"elementor-column elementor-col-100 elementor-top-column elementor-element elementor-element-b4735b7 animated-slow elementor-invisible\" data-id=\"b4735b7\" data-element_type=\"column\" data-e-type=\"column\" data-settings=\"{&quot;animation&quot;:&quot;fadeIn&quot;}\">\n\t\t\t<div class=\"elementor-widget-wrap elementor-element-populated\">\n\t\t\t\t\t\t<div class=\"elementor-element elementor-element-5240e5e elementor-view-default elementor-widget elementor-widget-icon\" data-id=\"5240e5e\" data-element_type=\"widget\" data-e-type=\"widget\" data-widget_type=\"icon.default\">\n\t\t\t\t<div class=\"elementor-widget-container\">\n\t\t\t\t\t\t\t<div class=\"elementor-icon-wrapper\">\n\t\t\t<div class=\"elementor-icon elementor-animation-float\">\n\t\t\t<i aria-hidden=\"true\" class=\"icon icon-return\"><\/i>\t\t\t<\/div>\n\t\t<\/div>\n\t\t\t\t\t\t<\/div>\n\t\t\t\t<\/div>\n\t\t\t\t<div class=\"elementor-element elementor-element-d7a70e6 elementor-widget elementor-widget-heading\" data-id=\"d7a70e6\" data-element_type=\"widget\" data-e-type=\"widget\" data-widget_type=\"heading.default\">\n\t\t\t\t<div class=\"elementor-widget-container\">\n\t\t\t\t\t<h4 class=\"elementor-heading-title elementor-size-default\">Reembolsos<\/h4>\t\t\t\t<\/div>\n\t\t\t\t<\/div>\n\t\t\t\t<div class=\"elementor-element elementor-element-b4794a6 elementor-widget-divider--separator-type-pattern elementor-widget-divider--view-line elementor-widget elementor-widget-divider\" data-id=\"b4794a6\" data-element_type=\"widget\" data-e-type=\"widget\" data-widget_type=\"divider.default\">\n\t\t\t\t<div class=\"elementor-widget-container\">\n\t\t\t\t\t\t\t<div class=\"elementor-divider\" style=\"--divider-pattern-url: url(&quot;data:image\/svg+xml,%3Csvg xmlns=&#039;http:\/\/www.w3.org\/2000\/svg&#039; preserveAspectRatio=&#039;none&#039; overflow=&#039;visible&#039; height=&#039;100%&#039; viewBox=&#039;0 0 24 24&#039; fill=&#039;none&#039; stroke=&#039;black&#039; stroke-width=&#039;1&#039; stroke-linecap=&#039;square&#039; stroke-miterlimit=&#039;10&#039;%3E%3Cpath d=&#039;M0,21c3.3,0,8.3-0.9,15.7-7.1c6.6-5.4,4.4-9.3,2.4-10.3c-3.4-1.8-7.7,1.3-7.3,8.8C11.2,20,17.1,21,24,21&#039;\/%3E%3C\/svg%3E&quot;);\">\n\t\t\t<span class=\"elementor-divider-separator\">\n\t\t\t\t\t\t<\/span>\n\t\t<\/div>\n\t\t\t\t\t\t<\/div>\n\t\t\t\t<\/div>\n\t\t\t\t<div class=\"elementor-element elementor-element-70ac519 elementor-widget elementor-widget-heading\" data-id=\"70ac519\" data-element_type=\"widget\" data-e-type=\"widget\" data-widget_type=\"heading.default\">\n\t\t\t\t<div class=\"elementor-widget-container\">\n\t\t\t\t\t<h3 class=\"elementor-heading-title elementor-size-default\">Desist\u00eancia da compra<\/h3>\t\t\t\t<\/div>\n\t\t\t\t<\/div>\n\t\t\t\t<div class=\"elementor-element elementor-element-59bb9a4 elementor-widget elementor-widget-text-editor\" data-id=\"59bb9a4\" data-element_type=\"widget\" data-e-type=\"widget\" data-widget_type=\"text-editor.default\">\n\t\t\t\t<div class=\"elementor-widget-container\">\n\t\t\t\t\t\t\t\t\t<p>a) O prazo de devolu\u00e7\u00e3o da compra \u00e9 de 7 dias corridos, a partir da data de recebimento. O produto dever\u00e1 ser devolvido nas mesmas condi\u00e7\u00f5es que foram recebidos com a Nota fiscal ou declara\u00e7\u00e3o de conte\u00fado, sem viola\u00e7\u00e3o do lacre da etiqueta fixada na pe\u00e7a, na embalagem original, sem ajustes ou sinais de uso ou lavagem.<\/p><p>b) Ao recebermos o produto, faremos uma an\u00e1lise e se constatado irregularidades descritas no item \u201ca\u201d, a Mell Petit reserva-se o direito de n\u00e3o atender a obrigatoriedade do cancelamento e\/ou devolu\u00e7\u00e3o da compra e o produto ser\u00e1 devolvido ao cliente sem aviso pr\u00e9vio, contendo a justificativa da n\u00e3o aceita\u00e7\u00e3o da devolu\u00e7\u00e3o.<br \/>c) Em caso de desist\u00eancia das pe\u00e7as, se nenhuma irregularidade for constatada, iremos proceder com reembolso total j\u00e1 considerando o frete pago anteriormente, obedecendo os crit\u00e9rios de pagamentos utilizados na sua compra. Importante ressaltar que somente haver\u00e1 estorno do frete, se houver a devolu\u00e7\u00e3o de todos os itens.<\/p><p>d) Caso o cliente tenha utilizado o benef\u00edcio de &#8220;Frete Gr\u00e1tis&#8221; no ato de sua compra, o frete da desist\u00eancia por insatisfa\u00e7\u00e3o com o produto, ser\u00e1 de responsabilidade do cliente<\/p>\t\t\t\t\t\t\t\t<\/div>\n\t\t\t\t<\/div>\n\t\t\t\t<div class=\"elementor-element elementor-element-a915aa6 elementor-widget elementor-widget-text-editor\" data-id=\"a915aa6\" data-element_type=\"widget\" data-e-type=\"widget\" data-widget_type=\"text-editor.default\">\n\t\t\t\t<div class=\"elementor-widget-container\">\n\t\t\t\t\t\t\t\t\t<p>Importante: Para compras realizadas com cart\u00f5es de cr\u00e9dito, comunicamos a administradora do cart\u00e3o que poder\u00e1 realizar o o estorno em at\u00e9 2 faturas subsequentes ao m\u00eas do pedido de devolu\u00e7\u00e3o. Se sua compra foi realizada atrav\u00e9s de boleto banc\u00e1rio, pix ou transfer\u00eancia, o reembolso acontecer\u00e1 em at\u00e9 5 dias \u00fateis em uma conta com a mesma titularidade do comprador.<\/p><p>O reembolso somente poder\u00e1 ser liberado, ap\u00f3s a devolu\u00e7\u00e3o do produto, efetuado a an\u00e1lise e nossa aprova\u00e7\u00e3o em rela\u00e7\u00e3o ao motivo declarado da desist\u00eancia.<\/p><p>Para solicitar uma troca ou devolu\u00e7\u00e3o, por gentileza nos contatar atrav\u00e9s do e-mail contato@mellpetit.com.br em at\u00e9 72 horas ap\u00f3s o recebimento da sua compra.<\/p><p>Informar no assunto \u201c TROCA e\/ ou DEVOLU\u00c7\u00c3O\u201d e na descri\u00e7\u00e3o as seguintes informa\u00e7\u00f5es: N\u00famero do pedido, Nome do comprador e descrever o motivo da troca ou devolu\u00e7\u00e3o.<\/p>\t\t\t\t\t\t\t\t<\/div>\n\t\t\t\t<\/div>\n\t\t\t\t\t<\/div>\n\t\t<\/div>\n\t\t\t\t\t<\/div>\n\t\t<\/section>\n\t\t\t\t<\/div>\n\t\t","protected":false},"excerpt":{"rendered":"<p>Pol\u00edtica de Troca e Devolu\u00e7\u00e3o Sua satisfa\u00e7\u00e3o \u00e9 nosso objetivo e para garantir transpar\u00eancia, criamos uma pol\u00edtica de trocas e devolu\u00e7\u00f5es para compras realizadas em nosso site com base no c\u00f3digo de defesa do consumidor. Temos um excelente controle de qualidade. Todas as nossas pe\u00e7as s\u00e3o devidamente revisadas antes do envio, para garantir que nossos [&hellip;]<\/p>\n","protected":false},"author":1,"featured_media":0,"parent":0,"menu_order":0,"comment_status":"closed","ping_status":"closed","template":"elementor_header_footer","meta":{"footnotes":""},"class_list":["post-58","page","type-page","status-publish","hentry"],"yoast_head":"<!-- This site is optimized with the Yoast SEO plugin v27.4 - https:\/\/yoast.com\/product\/yoast-seo-wordpress\/ -->\n<title>Pol\u00edtica de Troca e Devolu\u00e7\u00e3o &#8212; Mell Petit &#8212; Sa\u00eddas de maternidade<\/title>\n<meta name=\"description\" content=\"Conhe\u00e7a nossa Pol\u00edtica de Troca e Devolu\u00e7\u00e3o entrando em nossa p\u00e1gina. Fique tranquila em nossa loja virtual, sua compra \u00e9 segura.\" \/>\n<meta name=\"robots\" content=\"index, follow, max-snippet:-1, max-image-preview:large, max-video-preview:-1\" \/>\n<link rel=\"canonical\" href=\"https:\/\/ionn.com.br\/mellp\/politica-de-troca-e-devolucao\/\" \/>\n<meta property=\"og:locale\" content=\"pt_BR\" \/>\n<meta property=\"og:type\" content=\"article\" \/>\n<meta property=\"og:title\" content=\"Pol\u00edtica de Troca e Devolu\u00e7\u00e3o &#8212; Mell Petit &#8212; Sa\u00eddas de maternidade\" \/>\n<meta property=\"og:description\" content=\"Conhe\u00e7a nossa Pol\u00edtica de Troca e Devolu\u00e7\u00e3o entrando em nossa p\u00e1gina. Fique tranquila em nossa loja virtual, sua compra \u00e9 segura.\" \/>\n<meta property=\"og:url\" content=\"https:\/\/ionn.com.br\/mellp\/politica-de-troca-e-devolucao\/\" \/>\n<meta property=\"og:site_name\" content=\"Mell Petit\" \/>\n<meta property=\"article:publisher\" content=\"https:\/\/facebook.com\/mellpetit\" \/>\n<meta property=\"article:modified_time\" content=\"2023-10-24T18:12:42+00:00\" \/>\n<meta property=\"og:image\" content=\"https:\/\/ionn.com.br\/mellp\/wp-content\/uploads\/loja-virtual-roupas-de-bebe-recem-nascido-sao-paulo.webp\" \/>\n\t<meta property=\"og:image:width\" content=\"178\" \/>\n\t<meta property=\"og:image:height\" content=\"117\" \/>\n\t<meta property=\"og:image:type\" content=\"image\/webp\" \/>\n<meta name=\"twitter:card\" content=\"summary_large_image\" \/>\n<meta name=\"twitter:label1\" content=\"Est. tempo de leitura\" \/>\n\t<meta name=\"twitter:data1\" content=\"4 minutos\" \/>\n<script type=\"application\/ld+json\" class=\"yoast-schema-graph\">{\"@context\":\"https:\\\/\\\/schema.org\",\"@graph\":[{\"@type\":\"WebPage\",\"@id\":\"https:\\\/\\\/ionn.com.br\\\/mellp\\\/politica-de-troca-e-devolucao\\\/\",\"url\":\"https:\\\/\\\/ionn.com.br\\\/mellp\\\/politica-de-troca-e-devolucao\\\/\",\"name\":\"Pol\u00edtica de Troca e Devolu\u00e7\u00e3o &#8212; Mell Petit &#8212; Sa\u00eddas de maternidade\",\"isPartOf\":{\"@id\":\"https:\\\/\\\/ionn.com.br\\\/mellp\\\/#website\"},\"datePublished\":\"2023-05-12T15:22:59+00:00\",\"dateModified\":\"2023-10-24T18:12:42+00:00\",\"description\":\"Conhe\u00e7a nossa Pol\u00edtica de Troca e Devolu\u00e7\u00e3o entrando em nossa p\u00e1gina. Fique tranquila em nossa loja virtual, sua compra \u00e9 segura.\",\"breadcrumb\":{\"@id\":\"https:\\\/\\\/ionn.com.br\\\/mellp\\\/politica-de-troca-e-devolucao\\\/#breadcrumb\"},\"inLanguage\":\"pt-BR\",\"potentialAction\":[{\"@type\":\"ReadAction\",\"target\":[\"https:\\\/\\\/ionn.com.br\\\/mellp\\\/politica-de-troca-e-devolucao\\\/\"]}]},{\"@type\":\"BreadcrumbList\",\"@id\":\"https:\\\/\\\/ionn.com.br\\\/mellp\\\/politica-de-troca-e-devolucao\\\/#breadcrumb\",\"itemListElement\":[{\"@type\":\"ListItem\",\"position\":1,\"name\":\"In\u00edcio\",\"item\":\"https:\\\/\\\/ionn.com.br\\\/mellp\\\/\"},{\"@type\":\"ListItem\",\"position\":2,\"name\":\"Pol\u00edtica de Troca e Devolu\u00e7\u00e3o\"}]},{\"@type\":\"WebSite\",\"@id\":\"https:\\\/\\\/ionn.com.br\\\/mellp\\\/#website\",\"url\":\"https:\\\/\\\/ionn.com.br\\\/mellp\\\/\",\"name\":\"Mell Petit\",\"description\":\"Sa\u00eddas de maternidade\",\"publisher\":{\"@id\":\"https:\\\/\\\/ionn.com.br\\\/mellp\\\/#organization\"},\"alternateName\":\"Mell Petit\",\"potentialAction\":[{\"@type\":\"SearchAction\",\"target\":{\"@type\":\"EntryPoint\",\"urlTemplate\":\"https:\\\/\\\/ionn.com.br\\\/mellp\\\/?s={search_term_string}\"},\"query-input\":{\"@type\":\"PropertyValueSpecification\",\"valueRequired\":true,\"valueName\":\"search_term_string\"}}],\"inLanguage\":\"pt-BR\"},{\"@type\":\"Organization\",\"@id\":\"https:\\\/\\\/ionn.com.br\\\/mellp\\\/#organization\",\"name\":\"Mell Petit\",\"alternateName\":\"Mell Petit\",\"url\":\"https:\\\/\\\/ionn.com.br\\\/mellp\\\/\",\"logo\":{\"@type\":\"ImageObject\",\"inLanguage\":\"pt-BR\",\"@id\":\"https:\\\/\\\/ionn.com.br\\\/mellp\\\/#\\\/schema\\\/logo\\\/image\\\/\",\"url\":\"https:\\\/\\\/ionn.com.br\\\/mellp\\\/wp-content\\\/uploads\\\/loja-virtual-roupas-de-bebe-recem-nascido-sao-paulo.webp\",\"contentUrl\":\"https:\\\/\\\/ionn.com.br\\\/mellp\\\/wp-content\\\/uploads\\\/loja-virtual-roupas-de-bebe-recem-nascido-sao-paulo.webp\",\"width\":178,\"height\":117,\"caption\":\"Mell Petit\"},\"image\":{\"@id\":\"https:\\\/\\\/ionn.com.br\\\/mellp\\\/#\\\/schema\\\/logo\\\/image\\\/\"},\"sameAs\":[\"https:\\\/\\\/facebook.com\\\/mellpetit\",\"https:\\\/\\\/instagram.com\\\/mellpetit\"]}]}<\/script>\n<!-- \/ Yoast SEO plugin. -->","yoast_head_json":{"title":"Pol\u00edtica de Troca e Devolu\u00e7\u00e3o &#8212; Mell Petit &#8212; Sa\u00eddas de maternidade","description":"Conhe\u00e7a nossa Pol\u00edtica de Troca e Devolu\u00e7\u00e3o entrando em nossa p\u00e1gina. Fique tranquila em nossa loja virtual, sua compra \u00e9 segura.","robots":{"index":"index","follow":"follow","max-snippet":"max-snippet:-1","max-image-preview":"max-image-preview:large","max-video-preview":"max-video-preview:-1"},"canonical":"https:\/\/ionn.com.br\/mellp\/politica-de-troca-e-devolucao\/","og_locale":"pt_BR","og_type":"article","og_title":"Pol\u00edtica de Troca e Devolu\u00e7\u00e3o &#8212; Mell Petit &#8212; Sa\u00eddas de maternidade","og_description":"Conhe\u00e7a nossa Pol\u00edtica de Troca e Devolu\u00e7\u00e3o entrando em nossa p\u00e1gina. Fique tranquila em nossa loja virtual, sua compra \u00e9 segura.","og_url":"https:\/\/ionn.com.br\/mellp\/politica-de-troca-e-devolucao\/","og_site_name":"Mell Petit","article_publisher":"https:\/\/facebook.com\/mellpetit","article_modified_time":"2023-10-24T18:12:42+00:00","og_image":[{"width":178,"height":117,"url":"https:\/\/ionn.com.br\/mellp\/wp-content\/uploads\/loja-virtual-roupas-de-bebe-recem-nascido-sao-paulo.webp","type":"image\/webp"}],"twitter_card":"summary_large_image","twitter_misc":{"Est. tempo de leitura":"4 minutos"},"schema":{"@context":"https:\/\/schema.org","@graph":[{"@type":"WebPage","@id":"https:\/\/ionn.com.br\/mellp\/politica-de-troca-e-devolucao\/","url":"https:\/\/ionn.com.br\/mellp\/politica-de-troca-e-devolucao\/","name":"Pol\u00edtica de Troca e Devolu\u00e7\u00e3o &#8212; Mell Petit &#8212; Sa\u00eddas de maternidade","isPartOf":{"@id":"https:\/\/ionn.com.br\/mellp\/#website"},"datePublished":"2023-05-12T15:22:59+00:00","dateModified":"2023-10-24T18:12:42+00:00","description":"Conhe\u00e7a nossa Pol\u00edtica de Troca e Devolu\u00e7\u00e3o entrando em nossa p\u00e1gina. Fique tranquila em nossa loja virtual, sua compra \u00e9 segura.","breadcrumb":{"@id":"https:\/\/ionn.com.br\/mellp\/politica-de-troca-e-devolucao\/#breadcrumb"},"inLanguage":"pt-BR","potentialAction":[{"@type":"ReadAction","target":["https:\/\/ionn.com.br\/mellp\/politica-de-troca-e-devolucao\/"]}]},{"@type":"BreadcrumbList","@id":"https:\/\/ionn.com.br\/mellp\/politica-de-troca-e-devolucao\/#breadcrumb","itemListElement":[{"@type":"ListItem","position":1,"name":"In\u00edcio","item":"https:\/\/ionn.com.br\/mellp\/"},{"@type":"ListItem","position":2,"name":"Pol\u00edtica de Troca e Devolu\u00e7\u00e3o"}]},{"@type":"WebSite","@id":"https:\/\/ionn.com.br\/mellp\/#website","url":"https:\/\/ionn.com.br\/mellp\/","name":"Mell Petit","description":"Sa\u00eddas de maternidade","publisher":{"@id":"https:\/\/ionn.com.br\/mellp\/#organization"},"alternateName":"Mell Petit","potentialAction":[{"@type":"SearchAction","target":{"@type":"EntryPoint","urlTemplate":"https:\/\/ionn.com.br\/mellp\/?s={search_term_string}"},"query-input":{"@type":"PropertyValueSpecification","valueRequired":true,"valueName":"search_term_string"}}],"inLanguage":"pt-BR"},{"@type":"Organization","@id":"https:\/\/ionn.com.br\/mellp\/#organization","name":"Mell Petit","alternateName":"Mell Petit","url":"https:\/\/ionn.com.br\/mellp\/","logo":{"@type":"ImageObject","inLanguage":"pt-BR","@id":"https:\/\/ionn.com.br\/mellp\/#\/schema\/logo\/image\/","url":"https:\/\/ionn.com.br\/mellp\/wp-content\/uploads\/loja-virtual-roupas-de-bebe-recem-nascido-sao-paulo.webp","contentUrl":"https:\/\/ionn.com.br\/mellp\/wp-content\/uploads\/loja-virtual-roupas-de-bebe-recem-nascido-sao-paulo.webp","width":178,"height":117,"caption":"Mell Petit"},"image":{"@id":"https:\/\/ionn.com.br\/mellp\/#\/schema\/logo\/image\/"},"sameAs":["https:\/\/facebook.com\/mellpetit","https:\/\/instagram.com\/mellpetit"]}]}},"_links":{"self":[{"href":"https:\/\/ionn.com.br\/mellp\/wp-json\/wp\/v2\/pages\/58","targetHints":{"allow":["GET"]}}],"collection":[{"href":"https:\/\/ionn.com.br\/mellp\/wp-json\/wp\/v2\/pages"}],"about":[{"href":"https:\/\/ionn.com.br\/mellp\/wp-json\/wp\/v2\/types\/page"}],"author":[{"embeddable":true,"href":"https:\/\/ionn.com.br\/mellp\/wp-json\/wp\/v2\/users\/1"}],"replies":[{"embeddable":true,"href":"https:\/\/ionn.com.br\/mellp\/wp-json\/wp\/v2\/comments?post=58"}],"version-history":[{"count":38,"href":"https:\/\/ionn.com.br\/mellp\/wp-json\/wp\/v2\/pages\/58\/revisions"}],"predecessor-version":[{"id":3497,"href":"https:\/\/ionn.com.br\/mellp\/wp-json\/wp\/v2\/pages\/58\/revisions\/3497"}],"wp:attachment":[{"href":"https:\/\/ionn.com.br\/mellp\/wp-json\/wp\/v2\/media?parent=58"}],"curies":[{"name":"wp","href":"https:\/\/api.w.org\/{rel}","templated":true}]}}