{"id":2825,"date":"2023-07-06T11:02:17","date_gmt":"2023-07-06T14:02:17","guid":{"rendered":"https:\/\/mell.tatitaswebsites.com.br\/?post_type=product&#038;p=2825"},"modified":"2026-03-22T13:50:07","modified_gmt":"2026-03-22T16:50:07","slug":"par-de-sapatinhos-em-tricot-estilo-tenis","status":"publish","type":"product","link":"https:\/\/ionn.com.br\/mellp\/produto\/par-de-sapatinhos-em-tricot-estilo-tenis\/","title":{"rendered":"Par de Sapatinhos em tricot estilo t\u00eanis"},"content":{"rendered":"<p>Os sapatinhos em tricot mant\u00e9m os pezinhos do seu beb\u00ea aquecidos na temperatura ideal. Possui apar\u00eancia de t\u00eanis com cadar\u00e7o em tricot. Confira nossas op\u00e7\u00f5es e forme lindas combina\u00e7\u00f5es exclusivas.<\/p>\n<hr \/>\n<p>&nbsp;<\/p>\n<h3>Cuidados com a pe\u00e7a:<\/h3>\n<ol>\n<li>Lavar delicadamente a m\u00e3o<\/li>\n<li>Utilizar sab\u00e3o neutro<\/li>\n<li>N\u00e3o utilizar alvejantes<\/li>\n<li>N\u00e3o misturar com roupas coloridas<\/li>\n<li>Centrifugar com saco apropriado para lavagem<\/li>\n<li>Secar \u00e0 sombra<\/li>\n<\/ol>\n","protected":false},"excerpt":{"rendered":"<p><strong>Item incluso:<\/strong><\/p>\n<ul>\n<li>Sapatinho em tricot<\/li>\n<\/ul>\n","protected":false},"featured_media":3201,"comment_status":"open","ping_status":"closed","template":"","meta":[],"product_brand":[],"product_cat":[62,70,64,80],"product_tag":[188,171,174,193,189,105,104,272,187],"class_list":{"0":"post-2825","1":"product","2":"type-product","3":"status-publish","4":"has-post-thumbnail","6":"product_cat-menino","7":"product_cat-produtos","8":"product_cat-sapatinho-menino","9":"product_cat-sapatinhos","10":"product_tag-azul-bebe","11":"product_tag-azul-marinho","12":"product_tag-branco","13":"product_tag-cinza","14":"product_tag-mostarda","15":"product_tag-par-de-sapatinho","16":"product_tag-par-de-sapatinho-em-tricot-estilo-tenis","17":"product_tag-verde-mare","18":"product_tag-vermelho","20":"first","21":"instock","22":"taxable","23":"shipping-taxable","24":"purchasable","25":"product-type-variable"},"yoast_head":"<!-- This site is optimized with the Yoast SEO plugin v27.4 - https:\/\/yoast.com\/product\/yoast-seo-wordpress\/ -->\n<title>Par de Sapatinhos em tricot estilo t\u00eanis &#8212; Mell Petit<\/title>\n<meta name=\"description\" content=\"Os sapatinhos em tricot mant\u00e9m os pezinhos do seu beb\u00ea aquecidos na temperatura ideal. Possui apar\u00eancia de t\u00eanis com cadar\u00e7o em tricot.\" \/>\n<meta name=\"robots\" content=\"index, follow, max-snippet:-1, max-image-preview:large, max-video-preview:-1\" \/>\n<link rel=\"canonical\" href=\"https:\/\/ionn.com.br\/mellp\/produto\/par-de-sapatinhos-em-tricot-estilo-tenis\/\" \/>\n<meta property=\"og:locale\" content=\"pt_BR\" \/>\n<meta property=\"og:type\" content=\"article\" \/>\n<meta property=\"og:title\" content=\"Par de Sapatinhos em tricot estilo t\u00eanis &#8212; Mell Petit\" \/>\n<meta property=\"og:description\" content=\"Os sapatinhos em tricot mant\u00e9m os pezinhos do seu beb\u00ea aquecidos na temperatura ideal. Possui apar\u00eancia de t\u00eanis com cadar\u00e7o em tricot.\" \/>\n<meta property=\"og:url\" content=\"https:\/\/ionn.com.br\/mellp\/produto\/par-de-sapatinhos-em-tricot-estilo-tenis\/\" \/>\n<meta property=\"og:site_name\" content=\"Mell Petit\" \/>\n<meta property=\"article:publisher\" content=\"https:\/\/facebook.com\/mellpetit\" \/>\n<meta property=\"article:modified_time\" content=\"2026-03-22T16:50:07+00:00\" \/>\n<meta property=\"og:image\" content=\"https:\/\/ionn.com.br\/mellp\/wp-content\/uploads\/mell-petit-sapatinho-em-tricot-estilo-tenis-produto.webp\" \/>\n\t<meta property=\"og:image:width\" content=\"1024\" \/>\n\t<meta property=\"og:image:height\" content=\"1024\" \/>\n\t<meta property=\"og:image:type\" content=\"image\/webp\" \/>\n<meta name=\"twitter:card\" content=\"summary_large_image\" \/>\n<meta name=\"twitter:label1\" content=\"Est. tempo de leitura\" \/>\n\t<meta name=\"twitter:data1\" content=\"1 minuto\" \/>\n<script type=\"application\/ld+json\" class=\"yoast-schema-graph\">{\"@context\":\"https:\\\/\\\/schema.org\",\"@graph\":[{\"@type\":\"WebPage\",\"@id\":\"https:\\\/\\\/ionn.com.br\\\/mellp\\\/produto\\\/par-de-sapatinhos-em-tricot-estilo-tenis\\\/\",\"url\":\"https:\\\/\\\/ionn.com.br\\\/mellp\\\/produto\\\/par-de-sapatinhos-em-tricot-estilo-tenis\\\/\",\"name\":\"Par de Sapatinhos em tricot estilo t\u00eanis &#8212; Mell Petit\",\"isPartOf\":{\"@id\":\"https:\\\/\\\/ionn.com.br\\\/mellp\\\/#website\"},\"primaryImageOfPage\":{\"@id\":\"https:\\\/\\\/ionn.com.br\\\/mellp\\\/produto\\\/par-de-sapatinhos-em-tricot-estilo-tenis\\\/#primaryimage\"},\"image\":{\"@id\":\"https:\\\/\\\/ionn.com.br\\\/mellp\\\/produto\\\/par-de-sapatinhos-em-tricot-estilo-tenis\\\/#primaryimage\"},\"thumbnailUrl\":\"https:\\\/\\\/ionn.com.br\\\/mellp\\\/wp-content\\\/uploads\\\/mell-petit-sapatinho-em-tricot-estilo-tenis-produto.webp\",\"datePublished\":\"2023-07-06T14:02:17+00:00\",\"dateModified\":\"2026-03-22T16:50:07+00:00\",\"description\":\"Os sapatinhos em tricot mant\u00e9m os pezinhos do seu beb\u00ea aquecidos na temperatura ideal. Possui apar\u00eancia de t\u00eanis com cadar\u00e7o em tricot.\",\"breadcrumb\":{\"@id\":\"https:\\\/\\\/ionn.com.br\\\/mellp\\\/produto\\\/par-de-sapatinhos-em-tricot-estilo-tenis\\\/#breadcrumb\"},\"inLanguage\":\"pt-BR\",\"potentialAction\":[{\"@type\":\"ReadAction\",\"target\":[\"https:\\\/\\\/ionn.com.br\\\/mellp\\\/produto\\\/par-de-sapatinhos-em-tricot-estilo-tenis\\\/\"]}]},{\"@type\":\"ImageObject\",\"inLanguage\":\"pt-BR\",\"@id\":\"https:\\\/\\\/ionn.com.br\\\/mellp\\\/produto\\\/par-de-sapatinhos-em-tricot-estilo-tenis\\\/#primaryimage\",\"url\":\"https:\\\/\\\/ionn.com.br\\\/mellp\\\/wp-content\\\/uploads\\\/mell-petit-sapatinho-em-tricot-estilo-tenis-produto.webp\",\"contentUrl\":\"https:\\\/\\\/ionn.com.br\\\/mellp\\\/wp-content\\\/uploads\\\/mell-petit-sapatinho-em-tricot-estilo-tenis-produto.webp\",\"width\":1024,\"height\":1024,\"caption\":\"mell-petit-sapatinho-em-tricot-estilo-tenis-produto\"},{\"@type\":\"BreadcrumbList\",\"@id\":\"https:\\\/\\\/ionn.com.br\\\/mellp\\\/produto\\\/par-de-sapatinhos-em-tricot-estilo-tenis\\\/#breadcrumb\",\"itemListElement\":[{\"@type\":\"ListItem\",\"position\":1,\"name\":\"In\u00edcio\",\"item\":\"https:\\\/\\\/ionn.com.br\\\/mellp\\\/\"},{\"@type\":\"ListItem\",\"position\":2,\"name\":\"Produtos\",\"item\":\"https:\\\/\\\/ionn.com.br\\\/mellp\\\/shop\\\/\"},{\"@type\":\"ListItem\",\"position\":3,\"name\":\"Par de Sapatinhos em tricot estilo t\u00eanis\"}]},{\"@type\":\"WebSite\",\"@id\":\"https:\\\/\\\/ionn.com.br\\\/mellp\\\/#website\",\"url\":\"https:\\\/\\\/ionn.com.br\\\/mellp\\\/\",\"name\":\"Mell Petit\",\"description\":\"Sa\u00eddas de maternidade\",\"publisher\":{\"@id\":\"https:\\\/\\\/ionn.com.br\\\/mellp\\\/#organization\"},\"alternateName\":\"Mell Petit\",\"potentialAction\":[{\"@type\":\"SearchAction\",\"target\":{\"@type\":\"EntryPoint\",\"urlTemplate\":\"https:\\\/\\\/ionn.com.br\\\/mellp\\\/?s={search_term_string}\"},\"query-input\":{\"@type\":\"PropertyValueSpecification\",\"valueRequired\":true,\"valueName\":\"search_term_string\"}}],\"inLanguage\":\"pt-BR\"},{\"@type\":\"Organization\",\"@id\":\"https:\\\/\\\/ionn.com.br\\\/mellp\\\/#organization\",\"name\":\"Mell Petit\",\"alternateName\":\"Mell Petit\",\"url\":\"https:\\\/\\\/ionn.com.br\\\/mellp\\\/\",\"logo\":{\"@type\":\"ImageObject\",\"inLanguage\":\"pt-BR\",\"@id\":\"https:\\\/\\\/ionn.com.br\\\/mellp\\\/#\\\/schema\\\/logo\\\/image\\\/\",\"url\":\"https:\\\/\\\/ionn.com.br\\\/mellp\\\/wp-content\\\/uploads\\\/loja-virtual-roupas-de-bebe-recem-nascido-sao-paulo.webp\",\"contentUrl\":\"https:\\\/\\\/ionn.com.br\\\/mellp\\\/wp-content\\\/uploads\\\/loja-virtual-roupas-de-bebe-recem-nascido-sao-paulo.webp\",\"width\":178,\"height\":117,\"caption\":\"Mell Petit\"},\"image\":{\"@id\":\"https:\\\/\\\/ionn.com.br\\\/mellp\\\/#\\\/schema\\\/logo\\\/image\\\/\"},\"sameAs\":[\"https:\\\/\\\/facebook.com\\\/mellpetit\",\"https:\\\/\\\/instagram.com\\\/mellpetit\"]}]}<\/script>\n<!-- \/ Yoast SEO plugin. -->","yoast_head_json":{"title":"Par de Sapatinhos em tricot estilo t\u00eanis &#8212; Mell Petit","description":"Os sapatinhos em tricot mant\u00e9m os pezinhos do seu beb\u00ea aquecidos na temperatura ideal. Possui apar\u00eancia de t\u00eanis com cadar\u00e7o em tricot.","robots":{"index":"index","follow":"follow","max-snippet":"max-snippet:-1","max-image-preview":"max-image-preview:large","max-video-preview":"max-video-preview:-1"},"canonical":"https:\/\/ionn.com.br\/mellp\/produto\/par-de-sapatinhos-em-tricot-estilo-tenis\/","og_locale":"pt_BR","og_type":"article","og_title":"Par de Sapatinhos em tricot estilo t\u00eanis &#8212; Mell Petit","og_description":"Os sapatinhos em tricot mant\u00e9m os pezinhos do seu beb\u00ea aquecidos na temperatura ideal. Possui apar\u00eancia de t\u00eanis com cadar\u00e7o em tricot.","og_url":"https:\/\/ionn.com.br\/mellp\/produto\/par-de-sapatinhos-em-tricot-estilo-tenis\/","og_site_name":"Mell Petit","article_publisher":"https:\/\/facebook.com\/mellpetit","article_modified_time":"2026-03-22T16:50:07+00:00","og_image":[{"width":1024,"height":1024,"url":"https:\/\/ionn.com.br\/mellp\/wp-content\/uploads\/mell-petit-sapatinho-em-tricot-estilo-tenis-produto.webp","type":"image\/webp"}],"twitter_card":"summary_large_image","twitter_misc":{"Est. tempo de leitura":"1 minuto"},"schema":{"@context":"https:\/\/schema.org","@graph":[{"@type":"WebPage","@id":"https:\/\/ionn.com.br\/mellp\/produto\/par-de-sapatinhos-em-tricot-estilo-tenis\/","url":"https:\/\/ionn.com.br\/mellp\/produto\/par-de-sapatinhos-em-tricot-estilo-tenis\/","name":"Par de Sapatinhos em tricot estilo t\u00eanis &#8212; Mell Petit","isPartOf":{"@id":"https:\/\/ionn.com.br\/mellp\/#website"},"primaryImageOfPage":{"@id":"https:\/\/ionn.com.br\/mellp\/produto\/par-de-sapatinhos-em-tricot-estilo-tenis\/#primaryimage"},"image":{"@id":"https:\/\/ionn.com.br\/mellp\/produto\/par-de-sapatinhos-em-tricot-estilo-tenis\/#primaryimage"},"thumbnailUrl":"https:\/\/ionn.com.br\/mellp\/wp-content\/uploads\/mell-petit-sapatinho-em-tricot-estilo-tenis-produto.webp","datePublished":"2023-07-06T14:02:17+00:00","dateModified":"2026-03-22T16:50:07+00:00","description":"Os sapatinhos em tricot mant\u00e9m os pezinhos do seu beb\u00ea aquecidos na temperatura ideal. Possui apar\u00eancia de t\u00eanis com cadar\u00e7o em tricot.","breadcrumb":{"@id":"https:\/\/ionn.com.br\/mellp\/produto\/par-de-sapatinhos-em-tricot-estilo-tenis\/#breadcrumb"},"inLanguage":"pt-BR","potentialAction":[{"@type":"ReadAction","target":["https:\/\/ionn.com.br\/mellp\/produto\/par-de-sapatinhos-em-tricot-estilo-tenis\/"]}]},{"@type":"ImageObject","inLanguage":"pt-BR","@id":"https:\/\/ionn.com.br\/mellp\/produto\/par-de-sapatinhos-em-tricot-estilo-tenis\/#primaryimage","url":"https:\/\/ionn.com.br\/mellp\/wp-content\/uploads\/mell-petit-sapatinho-em-tricot-estilo-tenis-produto.webp","contentUrl":"https:\/\/ionn.com.br\/mellp\/wp-content\/uploads\/mell-petit-sapatinho-em-tricot-estilo-tenis-produto.webp","width":1024,"height":1024,"caption":"mell-petit-sapatinho-em-tricot-estilo-tenis-produto"},{"@type":"BreadcrumbList","@id":"https:\/\/ionn.com.br\/mellp\/produto\/par-de-sapatinhos-em-tricot-estilo-tenis\/#breadcrumb","itemListElement":[{"@type":"ListItem","position":1,"name":"In\u00edcio","item":"https:\/\/ionn.com.br\/mellp\/"},{"@type":"ListItem","position":2,"name":"Produtos","item":"https:\/\/ionn.com.br\/mellp\/shop\/"},{"@type":"ListItem","position":3,"name":"Par de Sapatinhos em tricot estilo t\u00eanis"}]},{"@type":"WebSite","@id":"https:\/\/ionn.com.br\/mellp\/#website","url":"https:\/\/ionn.com.br\/mellp\/","name":"Mell Petit","description":"Sa\u00eddas de maternidade","publisher":{"@id":"https:\/\/ionn.com.br\/mellp\/#organization"},"alternateName":"Mell Petit","potentialAction":[{"@type":"SearchAction","target":{"@type":"EntryPoint","urlTemplate":"https:\/\/ionn.com.br\/mellp\/?s={search_term_string}"},"query-input":{"@type":"PropertyValueSpecification","valueRequired":true,"valueName":"search_term_string"}}],"inLanguage":"pt-BR"},{"@type":"Organization","@id":"https:\/\/ionn.com.br\/mellp\/#organization","name":"Mell Petit","alternateName":"Mell Petit","url":"https:\/\/ionn.com.br\/mellp\/","logo":{"@type":"ImageObject","inLanguage":"pt-BR","@id":"https:\/\/ionn.com.br\/mellp\/#\/schema\/logo\/image\/","url":"https:\/\/ionn.com.br\/mellp\/wp-content\/uploads\/loja-virtual-roupas-de-bebe-recem-nascido-sao-paulo.webp","contentUrl":"https:\/\/ionn.com.br\/mellp\/wp-content\/uploads\/loja-virtual-roupas-de-bebe-recem-nascido-sao-paulo.webp","width":178,"height":117,"caption":"Mell Petit"},"image":{"@id":"https:\/\/ionn.com.br\/mellp\/#\/schema\/logo\/image\/"},"sameAs":["https:\/\/facebook.com\/mellpetit","https:\/\/instagram.com\/mellpetit"]}]}},"_links":{"self":[{"href":"https:\/\/ionn.com.br\/mellp\/wp-json\/wp\/v2\/product\/2825","targetHints":{"allow":["GET"]}}],"collection":[{"href":"https:\/\/ionn.com.br\/mellp\/wp-json\/wp\/v2\/product"}],"about":[{"href":"https:\/\/ionn.com.br\/mellp\/wp-json\/wp\/v2\/types\/product"}],"replies":[{"embeddable":true,"href":"https:\/\/ionn.com.br\/mellp\/wp-json\/wp\/v2\/comments?post=2825"}],"version-history":[{"count":7,"href":"https:\/\/ionn.com.br\/mellp\/wp-json\/wp\/v2\/product\/2825\/revisions"}],"predecessor-version":[{"id":8010,"href":"https:\/\/ionn.com.br\/mellp\/wp-json\/wp\/v2\/product\/2825\/revisions\/8010"}],"wp:featuredmedia":[{"embeddable":true,"href":"https:\/\/ionn.com.br\/mellp\/wp-json\/wp\/v2\/media\/3201"}],"wp:attachment":[{"href":"https:\/\/ionn.com.br\/mellp\/wp-json\/wp\/v2\/media?parent=2825"}],"wp:term":[{"taxonomy":"product_brand","embeddable":true,"href":"https:\/\/ionn.com.br\/mellp\/wp-json\/wp\/v2\/product_brand?post=2825"},{"taxonomy":"product_cat","embeddable":true,"href":"https:\/\/ionn.com.br\/mellp\/wp-json\/wp\/v2\/product_cat?post=2825"},{"taxonomy":"product_tag","embeddable":true,"href":"https:\/\/ionn.com.br\/mellp\/wp-json\/wp\/v2\/product_tag?post=2825"}],"curies":[{"name":"wp","href":"https:\/\/api.w.org\/{rel}","templated":true}]}}