{"id":4100,"date":"2024-01-15T19:37:35","date_gmt":"2024-01-15T22:37:35","guid":{"rendered":"https:\/\/ionn.com.br\/mellp\/?post_type=product&#038;p=4100"},"modified":"2025-04-02T13:01:25","modified_gmt":"2025-04-02T16:01:25","slug":"manta-pipoca","status":"publish","type":"product","link":"https:\/\/ionn.com.br\/mellp\/produto\/manta-pipoca\/","title":{"rendered":"Manta Pipoca"},"content":{"rendered":"<p>Manta confeccionada em tricot anti al\u00e9rgico, envolve o beb\u00ea com muito conforto. O\u00a0 acabamento artesanal do\u00a0 barrado em croch\u00ea no ponto pipoca destaca a sofistica\u00e7\u00e3o da pe\u00e7a. Perfeita para combinar com nossas sa\u00eddas maternidades ou para compor um kit atrav\u00e9s de pe\u00e7as avulsas.<\/p>\n<p>&nbsp;<\/p>\n<p>&nbsp;<\/p>\n<p>&nbsp;<\/p>\n","protected":false},"excerpt":{"rendered":"<p>Medindo aproximadamente: 80 x 80 cm.<\/p>\n<p>Imagem meramente ilustrativa.<\/p>\n<p>Produto confeccionado artesanalmente, podendo haver varia\u00e7\u00f5es em tonalidades, bordados e costuras.<\/p>\n","protected":false},"featured_media":4122,"comment_status":"open","ping_status":"closed","template":"","meta":[],"product_brand":[],"product_cat":[58,59,76,68],"product_tag":[149,147,148,150,151,187],"class_list":{"0":"post-4100","1":"product","2":"type-product","3":"status-publish","4":"has-post-thumbnail","6":"product_cat-enxoval","7":"product_cat-manta","8":"product_cat-mantas","9":"product_cat-unissex","10":"product_tag-manta-acabamento-croche","11":"product_tag-manta-barrado","12":"product_tag-manta-barreado","13":"product_tag-manta-ponto-croche","14":"product_tag-ponto-croche","15":"product_tag-vermelho","17":"first","18":"instock","19":"taxable","20":"shipping-taxable","21":"purchasable","22":"product-type-variable"},"yoast_head":"<!-- This site is optimized with the Yoast SEO plugin v27.4 - https:\/\/yoast.com\/product\/yoast-seo-wordpress\/ -->\n<title>Manta Pipoca &#8212; Mell Petit<\/title>\n<meta name=\"description\" content=\"Manta confeccionada em tricot anti al\u00e9rgico, possui acabamento artesanal do\u00a0 barrado em croch\u00ea no ponto pipoca.\" \/>\n<meta name=\"robots\" content=\"index, follow, max-snippet:-1, max-image-preview:large, max-video-preview:-1\" \/>\n<link rel=\"canonical\" href=\"https:\/\/ionn.com.br\/mellp\/produto\/manta-pipoca\/\" \/>\n<meta property=\"og:locale\" content=\"pt_BR\" \/>\n<meta property=\"og:type\" content=\"article\" \/>\n<meta property=\"og:title\" content=\"Manta Pipoca &#8212; Mell Petit\" \/>\n<meta property=\"og:description\" content=\"Manta confeccionada em tricot anti al\u00e9rgico, possui acabamento artesanal do\u00a0 barrado em croch\u00ea no ponto pipoca.\" \/>\n<meta property=\"og:url\" content=\"https:\/\/ionn.com.br\/mellp\/produto\/manta-pipoca\/\" \/>\n<meta property=\"og:site_name\" content=\"Mell Petit\" \/>\n<meta property=\"article:publisher\" content=\"https:\/\/facebook.com\/mellpetit\" \/>\n<meta property=\"article:modified_time\" content=\"2025-04-02T16:01:25+00:00\" \/>\n<meta property=\"og:image\" content=\"https:\/\/ionn.com.br\/mellp\/wp-content\/uploads\/MANTA-PIPOCA-LILAS.webp\" \/>\n\t<meta property=\"og:image:width\" content=\"1024\" \/>\n\t<meta property=\"og:image:height\" content=\"1024\" \/>\n\t<meta property=\"og:image:type\" content=\"image\/webp\" \/>\n<meta name=\"twitter:card\" content=\"summary_large_image\" \/>\n<meta name=\"twitter:label1\" content=\"Est. tempo de leitura\" \/>\n\t<meta name=\"twitter:data1\" content=\"1 minuto\" \/>\n<script type=\"application\/ld+json\" class=\"yoast-schema-graph\">{\"@context\":\"https:\\\/\\\/schema.org\",\"@graph\":[{\"@type\":\"WebPage\",\"@id\":\"https:\\\/\\\/ionn.com.br\\\/mellp\\\/produto\\\/manta-pipoca\\\/\",\"url\":\"https:\\\/\\\/ionn.com.br\\\/mellp\\\/produto\\\/manta-pipoca\\\/\",\"name\":\"Manta Pipoca &#8212; Mell Petit\",\"isPartOf\":{\"@id\":\"https:\\\/\\\/ionn.com.br\\\/mellp\\\/#website\"},\"primaryImageOfPage\":{\"@id\":\"https:\\\/\\\/ionn.com.br\\\/mellp\\\/produto\\\/manta-pipoca\\\/#primaryimage\"},\"image\":{\"@id\":\"https:\\\/\\\/ionn.com.br\\\/mellp\\\/produto\\\/manta-pipoca\\\/#primaryimage\"},\"thumbnailUrl\":\"https:\\\/\\\/ionn.com.br\\\/mellp\\\/wp-content\\\/uploads\\\/MANTA-PIPOCA-LILAS.webp\",\"datePublished\":\"2024-01-15T22:37:35+00:00\",\"dateModified\":\"2025-04-02T16:01:25+00:00\",\"description\":\"Manta confeccionada em tricot anti al\u00e9rgico, possui acabamento artesanal do\u00a0 barrado em croch\u00ea no ponto pipoca.\",\"breadcrumb\":{\"@id\":\"https:\\\/\\\/ionn.com.br\\\/mellp\\\/produto\\\/manta-pipoca\\\/#breadcrumb\"},\"inLanguage\":\"pt-BR\",\"potentialAction\":[{\"@type\":\"ReadAction\",\"target\":[\"https:\\\/\\\/ionn.com.br\\\/mellp\\\/produto\\\/manta-pipoca\\\/\"]}]},{\"@type\":\"ImageObject\",\"inLanguage\":\"pt-BR\",\"@id\":\"https:\\\/\\\/ionn.com.br\\\/mellp\\\/produto\\\/manta-pipoca\\\/#primaryimage\",\"url\":\"https:\\\/\\\/ionn.com.br\\\/mellp\\\/wp-content\\\/uploads\\\/MANTA-PIPOCA-LILAS.webp\",\"contentUrl\":\"https:\\\/\\\/ionn.com.br\\\/mellp\\\/wp-content\\\/uploads\\\/MANTA-PIPOCA-LILAS.webp\",\"width\":1024,\"height\":1024},{\"@type\":\"BreadcrumbList\",\"@id\":\"https:\\\/\\\/ionn.com.br\\\/mellp\\\/produto\\\/manta-pipoca\\\/#breadcrumb\",\"itemListElement\":[{\"@type\":\"ListItem\",\"position\":1,\"name\":\"In\u00edcio\",\"item\":\"https:\\\/\\\/ionn.com.br\\\/mellp\\\/\"},{\"@type\":\"ListItem\",\"position\":2,\"name\":\"Produtos\",\"item\":\"https:\\\/\\\/ionn.com.br\\\/mellp\\\/shop\\\/\"},{\"@type\":\"ListItem\",\"position\":3,\"name\":\"Manta Pipoca\"}]},{\"@type\":\"WebSite\",\"@id\":\"https:\\\/\\\/ionn.com.br\\\/mellp\\\/#website\",\"url\":\"https:\\\/\\\/ionn.com.br\\\/mellp\\\/\",\"name\":\"Mell Petit\",\"description\":\"Sa\u00eddas de maternidade\",\"publisher\":{\"@id\":\"https:\\\/\\\/ionn.com.br\\\/mellp\\\/#organization\"},\"alternateName\":\"Mell Petit\",\"potentialAction\":[{\"@type\":\"SearchAction\",\"target\":{\"@type\":\"EntryPoint\",\"urlTemplate\":\"https:\\\/\\\/ionn.com.br\\\/mellp\\\/?s={search_term_string}\"},\"query-input\":{\"@type\":\"PropertyValueSpecification\",\"valueRequired\":true,\"valueName\":\"search_term_string\"}}],\"inLanguage\":\"pt-BR\"},{\"@type\":\"Organization\",\"@id\":\"https:\\\/\\\/ionn.com.br\\\/mellp\\\/#organization\",\"name\":\"Mell Petit\",\"alternateName\":\"Mell Petit\",\"url\":\"https:\\\/\\\/ionn.com.br\\\/mellp\\\/\",\"logo\":{\"@type\":\"ImageObject\",\"inLanguage\":\"pt-BR\",\"@id\":\"https:\\\/\\\/ionn.com.br\\\/mellp\\\/#\\\/schema\\\/logo\\\/image\\\/\",\"url\":\"https:\\\/\\\/ionn.com.br\\\/mellp\\\/wp-content\\\/uploads\\\/loja-virtual-roupas-de-bebe-recem-nascido-sao-paulo.webp\",\"contentUrl\":\"https:\\\/\\\/ionn.com.br\\\/mellp\\\/wp-content\\\/uploads\\\/loja-virtual-roupas-de-bebe-recem-nascido-sao-paulo.webp\",\"width\":178,\"height\":117,\"caption\":\"Mell Petit\"},\"image\":{\"@id\":\"https:\\\/\\\/ionn.com.br\\\/mellp\\\/#\\\/schema\\\/logo\\\/image\\\/\"},\"sameAs\":[\"https:\\\/\\\/facebook.com\\\/mellpetit\",\"https:\\\/\\\/instagram.com\\\/mellpetit\"]}]}<\/script>\n<!-- \/ Yoast SEO plugin. -->","yoast_head_json":{"title":"Manta Pipoca &#8212; Mell Petit","description":"Manta confeccionada em tricot anti al\u00e9rgico, possui acabamento artesanal do\u00a0 barrado em croch\u00ea no ponto pipoca.","robots":{"index":"index","follow":"follow","max-snippet":"max-snippet:-1","max-image-preview":"max-image-preview:large","max-video-preview":"max-video-preview:-1"},"canonical":"https:\/\/ionn.com.br\/mellp\/produto\/manta-pipoca\/","og_locale":"pt_BR","og_type":"article","og_title":"Manta Pipoca &#8212; Mell Petit","og_description":"Manta confeccionada em tricot anti al\u00e9rgico, possui acabamento artesanal do\u00a0 barrado em croch\u00ea no ponto pipoca.","og_url":"https:\/\/ionn.com.br\/mellp\/produto\/manta-pipoca\/","og_site_name":"Mell Petit","article_publisher":"https:\/\/facebook.com\/mellpetit","article_modified_time":"2025-04-02T16:01:25+00:00","og_image":[{"width":1024,"height":1024,"url":"https:\/\/ionn.com.br\/mellp\/wp-content\/uploads\/MANTA-PIPOCA-LILAS.webp","type":"image\/webp"}],"twitter_card":"summary_large_image","twitter_misc":{"Est. tempo de leitura":"1 minuto"},"schema":{"@context":"https:\/\/schema.org","@graph":[{"@type":"WebPage","@id":"https:\/\/ionn.com.br\/mellp\/produto\/manta-pipoca\/","url":"https:\/\/ionn.com.br\/mellp\/produto\/manta-pipoca\/","name":"Manta Pipoca &#8212; Mell Petit","isPartOf":{"@id":"https:\/\/ionn.com.br\/mellp\/#website"},"primaryImageOfPage":{"@id":"https:\/\/ionn.com.br\/mellp\/produto\/manta-pipoca\/#primaryimage"},"image":{"@id":"https:\/\/ionn.com.br\/mellp\/produto\/manta-pipoca\/#primaryimage"},"thumbnailUrl":"https:\/\/ionn.com.br\/mellp\/wp-content\/uploads\/MANTA-PIPOCA-LILAS.webp","datePublished":"2024-01-15T22:37:35+00:00","dateModified":"2025-04-02T16:01:25+00:00","description":"Manta confeccionada em tricot anti al\u00e9rgico, possui acabamento artesanal do\u00a0 barrado em croch\u00ea no ponto pipoca.","breadcrumb":{"@id":"https:\/\/ionn.com.br\/mellp\/produto\/manta-pipoca\/#breadcrumb"},"inLanguage":"pt-BR","potentialAction":[{"@type":"ReadAction","target":["https:\/\/ionn.com.br\/mellp\/produto\/manta-pipoca\/"]}]},{"@type":"ImageObject","inLanguage":"pt-BR","@id":"https:\/\/ionn.com.br\/mellp\/produto\/manta-pipoca\/#primaryimage","url":"https:\/\/ionn.com.br\/mellp\/wp-content\/uploads\/MANTA-PIPOCA-LILAS.webp","contentUrl":"https:\/\/ionn.com.br\/mellp\/wp-content\/uploads\/MANTA-PIPOCA-LILAS.webp","width":1024,"height":1024},{"@type":"BreadcrumbList","@id":"https:\/\/ionn.com.br\/mellp\/produto\/manta-pipoca\/#breadcrumb","itemListElement":[{"@type":"ListItem","position":1,"name":"In\u00edcio","item":"https:\/\/ionn.com.br\/mellp\/"},{"@type":"ListItem","position":2,"name":"Produtos","item":"https:\/\/ionn.com.br\/mellp\/shop\/"},{"@type":"ListItem","position":3,"name":"Manta Pipoca"}]},{"@type":"WebSite","@id":"https:\/\/ionn.com.br\/mellp\/#website","url":"https:\/\/ionn.com.br\/mellp\/","name":"Mell Petit","description":"Sa\u00eddas de maternidade","publisher":{"@id":"https:\/\/ionn.com.br\/mellp\/#organization"},"alternateName":"Mell Petit","potentialAction":[{"@type":"SearchAction","target":{"@type":"EntryPoint","urlTemplate":"https:\/\/ionn.com.br\/mellp\/?s={search_term_string}"},"query-input":{"@type":"PropertyValueSpecification","valueRequired":true,"valueName":"search_term_string"}}],"inLanguage":"pt-BR"},{"@type":"Organization","@id":"https:\/\/ionn.com.br\/mellp\/#organization","name":"Mell Petit","alternateName":"Mell Petit","url":"https:\/\/ionn.com.br\/mellp\/","logo":{"@type":"ImageObject","inLanguage":"pt-BR","@id":"https:\/\/ionn.com.br\/mellp\/#\/schema\/logo\/image\/","url":"https:\/\/ionn.com.br\/mellp\/wp-content\/uploads\/loja-virtual-roupas-de-bebe-recem-nascido-sao-paulo.webp","contentUrl":"https:\/\/ionn.com.br\/mellp\/wp-content\/uploads\/loja-virtual-roupas-de-bebe-recem-nascido-sao-paulo.webp","width":178,"height":117,"caption":"Mell Petit"},"image":{"@id":"https:\/\/ionn.com.br\/mellp\/#\/schema\/logo\/image\/"},"sameAs":["https:\/\/facebook.com\/mellpetit","https:\/\/instagram.com\/mellpetit"]}]}},"_links":{"self":[{"href":"https:\/\/ionn.com.br\/mellp\/wp-json\/wp\/v2\/product\/4100","targetHints":{"allow":["GET"]}}],"collection":[{"href":"https:\/\/ionn.com.br\/mellp\/wp-json\/wp\/v2\/product"}],"about":[{"href":"https:\/\/ionn.com.br\/mellp\/wp-json\/wp\/v2\/types\/product"}],"replies":[{"embeddable":true,"href":"https:\/\/ionn.com.br\/mellp\/wp-json\/wp\/v2\/comments?post=4100"}],"version-history":[{"count":2,"href":"https:\/\/ionn.com.br\/mellp\/wp-json\/wp\/v2\/product\/4100\/revisions"}],"predecessor-version":[{"id":4156,"href":"https:\/\/ionn.com.br\/mellp\/wp-json\/wp\/v2\/product\/4100\/revisions\/4156"}],"wp:featuredmedia":[{"embeddable":true,"href":"https:\/\/ionn.com.br\/mellp\/wp-json\/wp\/v2\/media\/4122"}],"wp:attachment":[{"href":"https:\/\/ionn.com.br\/mellp\/wp-json\/wp\/v2\/media?parent=4100"}],"wp:term":[{"taxonomy":"product_brand","embeddable":true,"href":"https:\/\/ionn.com.br\/mellp\/wp-json\/wp\/v2\/product_brand?post=4100"},{"taxonomy":"product_cat","embeddable":true,"href":"https:\/\/ionn.com.br\/mellp\/wp-json\/wp\/v2\/product_cat?post=4100"},{"taxonomy":"product_tag","embeddable":true,"href":"https:\/\/ionn.com.br\/mellp\/wp-json\/wp\/v2\/product_tag?post=4100"}],"curies":[{"name":"wp","href":"https:\/\/api.w.org\/{rel}","templated":true}]}}