{"id":5070,"date":"2024-03-07T00:53:03","date_gmt":"2024-03-07T03:53:03","guid":{"rendered":"https:\/\/ionn.com.br\/mellp\/?post_type=product&#038;p=5070"},"modified":"2026-04-06T23:31:58","modified_gmt":"2026-04-07T02:31:58","slug":"conjunto-bia-com-rococos-e-lacos","status":"publish","type":"product","link":"https:\/\/ionn.com.br\/mellp\/produto\/conjunto-bia-com-rococos-e-lacos\/","title":{"rendered":"Conjunto Bia com Rococ\u00f3s e la\u00e7os"},"content":{"rendered":"<p>Conjunto de vestido e cal\u00e7a. Vestido trama lisa com apliques rococ\u00f3s artesanais e la\u00e7os. Possui abotoamento nas costas para facilitar a troca do beb\u00ea.<\/p>\n<p><img fetchpriority=\"high\" decoding=\"async\" class=\"alignnone wp-image-4762\" src=\"https:\/\/ionn.com.br\/mellp\/wp-content\/uploads\/Sem-titulo-300x120.jpg\" alt=\"\" width=\"588\" height=\"235\" srcset=\"https:\/\/ionn.com.br\/mellp\/wp-content\/uploads\/Sem-titulo-300x120.jpg 300w, https:\/\/ionn.com.br\/mellp\/wp-content\/uploads\/Sem-titulo-150x60.jpg 150w, https:\/\/ionn.com.br\/mellp\/wp-content\/uploads\/Sem-titulo-600x240.jpg 600w, https:\/\/ionn.com.br\/mellp\/wp-content\/uploads\/Sem-titulo.jpg 715w\" sizes=\"(max-width: 588px) 100vw, 588px\" \/><\/p>\n<p><strong>Composi\u00e7\u00e3o: <\/strong>tricot antial\u00e9rgico 1000% acr\u00edlico.<\/p>\n<p>&nbsp;<\/p>\n<hr \/>\n<h3>Medidas aproximadas do Vestido RN:<\/h3>\n<p>&nbsp;<\/p>\n<table style=\"height: 140px;\" width=\"522\">\n<tbody>\n<tr>\n<td width=\"50%\"><strong>Comprimento total:<\/strong><\/td>\n<td width=\"50%\">27cm<\/td>\n<\/tr>\n<tr>\n<td width=\"50%\"><strong>Comprimento Mangas<\/strong><\/td>\n<td width=\"50%\">20cm<\/td>\n<\/tr>\n<tr>\n<td width=\"50%\"><strong>Largura:<\/strong><\/td>\n<td width=\"50%\">26cm<\/td>\n<\/tr>\n<\/tbody>\n<\/table>\n<h3><\/h3>\n<h3>Medidas aproximadas da cal\u00e7a RN:<\/h3>\n<table style=\"height: 120px;\" width=\"434\">\n<tbody>\n<tr>\n<td width=\"50%\"><strong>Comprimento total:<\/strong><\/td>\n<td width=\"50%\">37cm<\/td>\n<\/tr>\n<tr>\n<td width=\"50%\"><strong>Gancho:<\/strong><\/td>\n<td width=\"50%\">17cm<\/td>\n<\/tr>\n<tr>\n<td width=\"50%\"><strong>Largura:<\/strong><\/td>\n<td width=\"50%\">22cm<\/td>\n<\/tr>\n<\/tbody>\n<\/table>\n<h6><strong>Tamanho RN atende: 0 a 1 m\u00eas; beb\u00ea 03 a 04 Kg medidas aproximadas.<\/strong><\/h6>\n<p>&nbsp;<\/p>\n<hr \/>\n<h3>Cuidados com a pe\u00e7a:<\/h3>\n<ol>\n<li>Lavar delicadamente a m\u00e3o<\/li>\n<li>Utiliza sab\u00e3o neutro<\/li>\n<li>N\u00e3o utilizar alvejantes<\/li>\n<li>N\u00e3o torcer, apertar suavemente<\/li>\n<li>Secar \u00e0 sombra na horizontal<\/li>\n<li>N\u00e3o passar a ferro<\/li>\n<\/ol>\n<p>&nbsp;<\/p>\n<p>Pe\u00e7as de qualidade confeccionados em tricot artesanalmente, podendo apresentar pequenas varia\u00e7\u00f5es em tonalidade, costura e bordados.<\/p>\n<p>A cor poder\u00e1 sofrer altera\u00e7\u00e3o dependendo da tela e resolu\u00e7\u00e3o em que est\u00e1 sendo visualizada.<\/p>\n","protected":false},"excerpt":{"rendered":"<p>Composto por conjunto de vestido e cal\u00e7a.<\/p>\n<p><strong>**Body e demais acess\u00f3rios vendidos separadamente **<\/strong><\/p>\n<p>&nbsp;<\/p>\n<div>\n<hr \/>\n<\/div>\n<div>Itens inclusos:<\/div>\n<ul>\n<li>01 Vestido<\/li>\n<li>01 Cal\u00e7a<\/li>\n<\/ul>\n","protected":false},"featured_media":5079,"comment_status":"closed","ping_status":"closed","template":"","meta":[],"product_brand":[],"product_cat":[243,74],"product_tag":[174,156,168,239,186,181,196],"class_list":{"0":"post-5070","1":"product","2":"type-product","3":"status-publish","4":"has-post-thumbnail","6":"product_cat-conjunto-menina","7":"product_cat-conjuntos","8":"product_tag-branco","9":"product_tag-lacinho","10":"product_tag-perola","11":"product_tag-rococos","12":"product_tag-verde","13":"product_tag-verde-agua","14":"product_tag-verde-claro","16":"first","17":"instock","18":"taxable","19":"shipping-taxable","20":"purchasable","21":"product-type-variable"},"yoast_head":"<!-- This site is optimized with the Yoast SEO plugin v27.4 - https:\/\/yoast.com\/product\/yoast-seo-wordpress\/ -->\n<title>Conjunto Bia com Rococ\u00f3s e la\u00e7os &#8212; Mell Petit<\/title>\n<meta name=\"description\" content=\"Conjunto de vestido e cal\u00e7a. Vestido com trama lisa com apliques de rococ\u00f3s artesanais e la\u00e7o. Possui abotoamento nas costas para facilitar a troca do beb\u00ea.\" \/>\n<meta name=\"robots\" content=\"index, follow, max-snippet:-1, max-image-preview:large, max-video-preview:-1\" \/>\n<link rel=\"canonical\" href=\"https:\/\/ionn.com.br\/mellp\/produto\/conjunto-bia-com-rococos-e-lacos\/\" \/>\n<meta property=\"og:locale\" content=\"pt_BR\" \/>\n<meta property=\"og:type\" content=\"article\" \/>\n<meta property=\"og:title\" content=\"Conjunto Bia com Rococ\u00f3s e la\u00e7os &#8212; Mell Petit\" \/>\n<meta property=\"og:description\" content=\"Conjunto de vestido e cal\u00e7a. Vestido com trama lisa com apliques de rococ\u00f3s artesanais e la\u00e7o. Possui abotoamento nas costas para facilitar a troca do beb\u00ea.\" \/>\n<meta property=\"og:url\" content=\"https:\/\/ionn.com.br\/mellp\/produto\/conjunto-bia-com-rococos-e-lacos\/\" \/>\n<meta property=\"og:site_name\" content=\"Mell Petit\" \/>\n<meta property=\"article:publisher\" content=\"https:\/\/facebook.com\/mellpetit\" \/>\n<meta property=\"article:modified_time\" content=\"2026-04-07T02:31:58+00:00\" \/>\n<meta property=\"og:image\" content=\"https:\/\/ionn.com.br\/mellp\/wp-content\/uploads\/BIA-VERDE-AGUAP.webp\" \/>\n\t<meta property=\"og:image:width\" content=\"1024\" \/>\n\t<meta property=\"og:image:height\" content=\"1024\" \/>\n\t<meta property=\"og:image:type\" content=\"image\/webp\" \/>\n<meta name=\"twitter:card\" content=\"summary_large_image\" \/>\n<meta name=\"twitter:label1\" content=\"Est. tempo de leitura\" \/>\n\t<meta name=\"twitter:data1\" content=\"2 minutos\" \/>\n<script type=\"application\/ld+json\" class=\"yoast-schema-graph\">{\"@context\":\"https:\\\/\\\/schema.org\",\"@graph\":[{\"@type\":\"WebPage\",\"@id\":\"https:\\\/\\\/ionn.com.br\\\/mellp\\\/produto\\\/conjunto-bia-com-rococos-e-lacos\\\/\",\"url\":\"https:\\\/\\\/ionn.com.br\\\/mellp\\\/produto\\\/conjunto-bia-com-rococos-e-lacos\\\/\",\"name\":\"Conjunto Bia com Rococ\u00f3s e la\u00e7os &#8212; Mell Petit\",\"isPartOf\":{\"@id\":\"https:\\\/\\\/ionn.com.br\\\/mellp\\\/#website\"},\"primaryImageOfPage\":{\"@id\":\"https:\\\/\\\/ionn.com.br\\\/mellp\\\/produto\\\/conjunto-bia-com-rococos-e-lacos\\\/#primaryimage\"},\"image\":{\"@id\":\"https:\\\/\\\/ionn.com.br\\\/mellp\\\/produto\\\/conjunto-bia-com-rococos-e-lacos\\\/#primaryimage\"},\"thumbnailUrl\":\"https:\\\/\\\/ionn.com.br\\\/mellp\\\/wp-content\\\/uploads\\\/BIA-VERDE-AGUAP.webp\",\"datePublished\":\"2024-03-07T03:53:03+00:00\",\"dateModified\":\"2026-04-07T02:31:58+00:00\",\"description\":\"Conjunto de vestido e cal\u00e7a. Vestido com trama lisa com apliques de rococ\u00f3s artesanais e la\u00e7o. Possui abotoamento nas costas para facilitar a troca do beb\u00ea.\",\"breadcrumb\":{\"@id\":\"https:\\\/\\\/ionn.com.br\\\/mellp\\\/produto\\\/conjunto-bia-com-rococos-e-lacos\\\/#breadcrumb\"},\"inLanguage\":\"pt-BR\",\"potentialAction\":[{\"@type\":\"ReadAction\",\"target\":[\"https:\\\/\\\/ionn.com.br\\\/mellp\\\/produto\\\/conjunto-bia-com-rococos-e-lacos\\\/\"]}]},{\"@type\":\"ImageObject\",\"inLanguage\":\"pt-BR\",\"@id\":\"https:\\\/\\\/ionn.com.br\\\/mellp\\\/produto\\\/conjunto-bia-com-rococos-e-lacos\\\/#primaryimage\",\"url\":\"https:\\\/\\\/ionn.com.br\\\/mellp\\\/wp-content\\\/uploads\\\/BIA-VERDE-AGUAP.webp\",\"contentUrl\":\"https:\\\/\\\/ionn.com.br\\\/mellp\\\/wp-content\\\/uploads\\\/BIA-VERDE-AGUAP.webp\",\"width\":1024,\"height\":1024},{\"@type\":\"BreadcrumbList\",\"@id\":\"https:\\\/\\\/ionn.com.br\\\/mellp\\\/produto\\\/conjunto-bia-com-rococos-e-lacos\\\/#breadcrumb\",\"itemListElement\":[{\"@type\":\"ListItem\",\"position\":1,\"name\":\"In\u00edcio\",\"item\":\"https:\\\/\\\/ionn.com.br\\\/mellp\\\/\"},{\"@type\":\"ListItem\",\"position\":2,\"name\":\"Produtos\",\"item\":\"https:\\\/\\\/ionn.com.br\\\/mellp\\\/shop\\\/\"},{\"@type\":\"ListItem\",\"position\":3,\"name\":\"Conjunto Bia com Rococ\u00f3s e la\u00e7os\"}]},{\"@type\":\"WebSite\",\"@id\":\"https:\\\/\\\/ionn.com.br\\\/mellp\\\/#website\",\"url\":\"https:\\\/\\\/ionn.com.br\\\/mellp\\\/\",\"name\":\"Mell Petit\",\"description\":\"Sa\u00eddas de maternidade\",\"publisher\":{\"@id\":\"https:\\\/\\\/ionn.com.br\\\/mellp\\\/#organization\"},\"alternateName\":\"Mell Petit\",\"potentialAction\":[{\"@type\":\"SearchAction\",\"target\":{\"@type\":\"EntryPoint\",\"urlTemplate\":\"https:\\\/\\\/ionn.com.br\\\/mellp\\\/?s={search_term_string}\"},\"query-input\":{\"@type\":\"PropertyValueSpecification\",\"valueRequired\":true,\"valueName\":\"search_term_string\"}}],\"inLanguage\":\"pt-BR\"},{\"@type\":\"Organization\",\"@id\":\"https:\\\/\\\/ionn.com.br\\\/mellp\\\/#organization\",\"name\":\"Mell Petit\",\"alternateName\":\"Mell Petit\",\"url\":\"https:\\\/\\\/ionn.com.br\\\/mellp\\\/\",\"logo\":{\"@type\":\"ImageObject\",\"inLanguage\":\"pt-BR\",\"@id\":\"https:\\\/\\\/ionn.com.br\\\/mellp\\\/#\\\/schema\\\/logo\\\/image\\\/\",\"url\":\"https:\\\/\\\/ionn.com.br\\\/mellp\\\/wp-content\\\/uploads\\\/loja-virtual-roupas-de-bebe-recem-nascido-sao-paulo.webp\",\"contentUrl\":\"https:\\\/\\\/ionn.com.br\\\/mellp\\\/wp-content\\\/uploads\\\/loja-virtual-roupas-de-bebe-recem-nascido-sao-paulo.webp\",\"width\":178,\"height\":117,\"caption\":\"Mell Petit\"},\"image\":{\"@id\":\"https:\\\/\\\/ionn.com.br\\\/mellp\\\/#\\\/schema\\\/logo\\\/image\\\/\"},\"sameAs\":[\"https:\\\/\\\/facebook.com\\\/mellpetit\",\"https:\\\/\\\/instagram.com\\\/mellpetit\"]}]}<\/script>\n<!-- \/ Yoast SEO plugin. -->","yoast_head_json":{"title":"Conjunto Bia com Rococ\u00f3s e la\u00e7os &#8212; Mell Petit","description":"Conjunto de vestido e cal\u00e7a. Vestido com trama lisa com apliques de rococ\u00f3s artesanais e la\u00e7o. Possui abotoamento nas costas para facilitar a troca do beb\u00ea.","robots":{"index":"index","follow":"follow","max-snippet":"max-snippet:-1","max-image-preview":"max-image-preview:large","max-video-preview":"max-video-preview:-1"},"canonical":"https:\/\/ionn.com.br\/mellp\/produto\/conjunto-bia-com-rococos-e-lacos\/","og_locale":"pt_BR","og_type":"article","og_title":"Conjunto Bia com Rococ\u00f3s e la\u00e7os &#8212; Mell Petit","og_description":"Conjunto de vestido e cal\u00e7a. Vestido com trama lisa com apliques de rococ\u00f3s artesanais e la\u00e7o. Possui abotoamento nas costas para facilitar a troca do beb\u00ea.","og_url":"https:\/\/ionn.com.br\/mellp\/produto\/conjunto-bia-com-rococos-e-lacos\/","og_site_name":"Mell Petit","article_publisher":"https:\/\/facebook.com\/mellpetit","article_modified_time":"2026-04-07T02:31:58+00:00","og_image":[{"width":1024,"height":1024,"url":"https:\/\/ionn.com.br\/mellp\/wp-content\/uploads\/BIA-VERDE-AGUAP.webp","type":"image\/webp"}],"twitter_card":"summary_large_image","twitter_misc":{"Est. tempo de leitura":"2 minutos"},"schema":{"@context":"https:\/\/schema.org","@graph":[{"@type":"WebPage","@id":"https:\/\/ionn.com.br\/mellp\/produto\/conjunto-bia-com-rococos-e-lacos\/","url":"https:\/\/ionn.com.br\/mellp\/produto\/conjunto-bia-com-rococos-e-lacos\/","name":"Conjunto Bia com Rococ\u00f3s e la\u00e7os &#8212; Mell Petit","isPartOf":{"@id":"https:\/\/ionn.com.br\/mellp\/#website"},"primaryImageOfPage":{"@id":"https:\/\/ionn.com.br\/mellp\/produto\/conjunto-bia-com-rococos-e-lacos\/#primaryimage"},"image":{"@id":"https:\/\/ionn.com.br\/mellp\/produto\/conjunto-bia-com-rococos-e-lacos\/#primaryimage"},"thumbnailUrl":"https:\/\/ionn.com.br\/mellp\/wp-content\/uploads\/BIA-VERDE-AGUAP.webp","datePublished":"2024-03-07T03:53:03+00:00","dateModified":"2026-04-07T02:31:58+00:00","description":"Conjunto de vestido e cal\u00e7a. Vestido com trama lisa com apliques de rococ\u00f3s artesanais e la\u00e7o. Possui abotoamento nas costas para facilitar a troca do beb\u00ea.","breadcrumb":{"@id":"https:\/\/ionn.com.br\/mellp\/produto\/conjunto-bia-com-rococos-e-lacos\/#breadcrumb"},"inLanguage":"pt-BR","potentialAction":[{"@type":"ReadAction","target":["https:\/\/ionn.com.br\/mellp\/produto\/conjunto-bia-com-rococos-e-lacos\/"]}]},{"@type":"ImageObject","inLanguage":"pt-BR","@id":"https:\/\/ionn.com.br\/mellp\/produto\/conjunto-bia-com-rococos-e-lacos\/#primaryimage","url":"https:\/\/ionn.com.br\/mellp\/wp-content\/uploads\/BIA-VERDE-AGUAP.webp","contentUrl":"https:\/\/ionn.com.br\/mellp\/wp-content\/uploads\/BIA-VERDE-AGUAP.webp","width":1024,"height":1024},{"@type":"BreadcrumbList","@id":"https:\/\/ionn.com.br\/mellp\/produto\/conjunto-bia-com-rococos-e-lacos\/#breadcrumb","itemListElement":[{"@type":"ListItem","position":1,"name":"In\u00edcio","item":"https:\/\/ionn.com.br\/mellp\/"},{"@type":"ListItem","position":2,"name":"Produtos","item":"https:\/\/ionn.com.br\/mellp\/shop\/"},{"@type":"ListItem","position":3,"name":"Conjunto Bia com Rococ\u00f3s e la\u00e7os"}]},{"@type":"WebSite","@id":"https:\/\/ionn.com.br\/mellp\/#website","url":"https:\/\/ionn.com.br\/mellp\/","name":"Mell Petit","description":"Sa\u00eddas de maternidade","publisher":{"@id":"https:\/\/ionn.com.br\/mellp\/#organization"},"alternateName":"Mell Petit","potentialAction":[{"@type":"SearchAction","target":{"@type":"EntryPoint","urlTemplate":"https:\/\/ionn.com.br\/mellp\/?s={search_term_string}"},"query-input":{"@type":"PropertyValueSpecification","valueRequired":true,"valueName":"search_term_string"}}],"inLanguage":"pt-BR"},{"@type":"Organization","@id":"https:\/\/ionn.com.br\/mellp\/#organization","name":"Mell Petit","alternateName":"Mell Petit","url":"https:\/\/ionn.com.br\/mellp\/","logo":{"@type":"ImageObject","inLanguage":"pt-BR","@id":"https:\/\/ionn.com.br\/mellp\/#\/schema\/logo\/image\/","url":"https:\/\/ionn.com.br\/mellp\/wp-content\/uploads\/loja-virtual-roupas-de-bebe-recem-nascido-sao-paulo.webp","contentUrl":"https:\/\/ionn.com.br\/mellp\/wp-content\/uploads\/loja-virtual-roupas-de-bebe-recem-nascido-sao-paulo.webp","width":178,"height":117,"caption":"Mell Petit"},"image":{"@id":"https:\/\/ionn.com.br\/mellp\/#\/schema\/logo\/image\/"},"sameAs":["https:\/\/facebook.com\/mellpetit","https:\/\/instagram.com\/mellpetit"]}]}},"_links":{"self":[{"href":"https:\/\/ionn.com.br\/mellp\/wp-json\/wp\/v2\/product\/5070","targetHints":{"allow":["GET"]}}],"collection":[{"href":"https:\/\/ionn.com.br\/mellp\/wp-json\/wp\/v2\/product"}],"about":[{"href":"https:\/\/ionn.com.br\/mellp\/wp-json\/wp\/v2\/types\/product"}],"replies":[{"embeddable":true,"href":"https:\/\/ionn.com.br\/mellp\/wp-json\/wp\/v2\/comments?post=5070"}],"version-history":[{"count":4,"href":"https:\/\/ionn.com.br\/mellp\/wp-json\/wp\/v2\/product\/5070\/revisions"}],"predecessor-version":[{"id":5133,"href":"https:\/\/ionn.com.br\/mellp\/wp-json\/wp\/v2\/product\/5070\/revisions\/5133"}],"wp:featuredmedia":[{"embeddable":true,"href":"https:\/\/ionn.com.br\/mellp\/wp-json\/wp\/v2\/media\/5079"}],"wp:attachment":[{"href":"https:\/\/ionn.com.br\/mellp\/wp-json\/wp\/v2\/media?parent=5070"}],"wp:term":[{"taxonomy":"product_brand","embeddable":true,"href":"https:\/\/ionn.com.br\/mellp\/wp-json\/wp\/v2\/product_brand?post=5070"},{"taxonomy":"product_cat","embeddable":true,"href":"https:\/\/ionn.com.br\/mellp\/wp-json\/wp\/v2\/product_cat?post=5070"},{"taxonomy":"product_tag","embeddable":true,"href":"https:\/\/ionn.com.br\/mellp\/wp-json\/wp\/v2\/product_tag?post=5070"}],"curies":[{"name":"wp","href":"https:\/\/api.w.org\/{rel}","templated":true}]}}