{"id":5329,"date":"2024-03-22T01:04:35","date_gmt":"2024-03-22T04:04:35","guid":{"rendered":"https:\/\/ionn.com.br\/mellp\/?post_type=product&#038;p=5329"},"modified":"2024-06-29T01:32:17","modified_gmt":"2024-06-29T04:32:17","slug":"romper-tranca","status":"publish","type":"product","link":"https:\/\/ionn.com.br\/mellp\/produto\/romper-tranca\/","title":{"rendered":"Romper Tran\u00e7a"},"content":{"rendered":"<p>Romper curtinho antial\u00e9rgico, leve e macio para a pele delicada do beb\u00ea.<\/p>\n<p>Al\u00e7as com bot\u00f5es para regulagem, bot\u00f5es de madeira sustent\u00e1vel.<\/p>\n<p>Pode ser combinado com uma camisa para um look cheio de estilo ou um body para um passeio descontra\u00eddo.<\/p>\n<p><img fetchpriority=\"high\" decoding=\"async\" class=\"alignnone wp-image-6303 \" src=\"https:\/\/ionn.com.br\/mellp\/wp-content\/uploads\/romper-e1719635449219-300x154.webp\" alt=\"\" width=\"544\" height=\"279\" \/><\/p>\n<p><strong>Composi\u00e7\u00e3o: <\/strong>tricot antial\u00e9rgico 1000% acr\u00edlico.<\/p>\n<p>&nbsp;<\/p>\n<hr \/>\n<h3>Medidas aproximadas do romper P:<\/h3>\n<table style=\"height: 120px;\" width=\"434\">\n<tbody>\n<tr>\n<td width=\"50%\"><strong>Comprimento total:<\/strong><\/td>\n<td width=\"50%\">40cm<\/td>\n<\/tr>\n<tr>\n<td width=\"50%\"><strong>Gancho:<\/strong><\/td>\n<td width=\"50%\">28cm<\/td>\n<\/tr>\n<tr>\n<td width=\"50%\"><strong>Largura:<\/strong><\/td>\n<td width=\"50%\">28cm<\/td>\n<\/tr>\n<\/tbody>\n<\/table>\n<h6><strong>Tamanho P Veste de 4 a 6 kg (aproximadamente 3 meses)<\/strong><\/h6>\n<p>&nbsp;<\/p>\n<hr \/>\n<h3>Cuidados com a pe\u00e7a:<\/h3>\n<ol>\n<li>Lavar delicadamente a m\u00e3o<\/li>\n<li>Utiliza sab\u00e3o neutro<\/li>\n<li>N\u00e3o utilizar alvejantes<\/li>\n<li>N\u00e3o torcer, apertar suavemente<\/li>\n<li>Secar \u00e0 sombra na horizontal<\/li>\n<li>N\u00e3o passar a ferro<\/li>\n<\/ol>\n<p>&nbsp;<\/p>\n<p>Pe\u00e7as de qualidade confeccionados em tricot artesanalmente, podendo apresentar pequenas varia\u00e7\u00f5es em tonalidade, costura e bordados.<\/p>\n<p>A cor poder\u00e1 sofrer altera\u00e7\u00e3o dependendo da tela e resolu\u00e7\u00e3o em que est\u00e1 sendo visualizada.<\/p>\n","protected":false},"excerpt":{"rendered":"<p>Romper\u00a0 curtinho com regulagem de altura nas al\u00e7as. Indicado para o ver\u00e3o e a meia-esta\u00e7\u00e3o.<\/p>\n<p><strong>**Body e demais acess\u00f3rios vendidos separadamente **<\/strong><\/p>\n<p>&nbsp;<\/p>\n<div>\n<hr \/>\n<\/div>\n<div>Itens inclusos:<\/div>\n<ul>\n<li>01 Romper<\/li>\n<\/ul>\n","protected":false},"featured_media":5345,"comment_status":"closed","ping_status":"closed","template":"","meta":[],"product_brand":[],"product_cat":[258,78],"product_tag":[178,173,188,262,259,174,265,180,199,263,198,264,123,184,261,213,186,181,192,196,191,187,260],"class_list":{"0":"post-5329","1":"product","2":"type-product","3":"status-publish","4":"has-post-thumbnail","6":"product_cat-romper-unissex","7":"product_cat-romper","8":"product_tag-amarelo","9":"product_tag-azul","10":"product_tag-azul-bebe","11":"product_tag-bege-escuro","12":"product_tag-bordo","13":"product_tag-branco","14":"product_tag-jardineira","15":"product_tag-lilas","16":"product_tag-marrom","17":"product_tag-marron","18":"product_tag-nude","19":"product_tag-romper","20":"product_tag-rosa","21":"product_tag-rosa-pink","22":"product_tag-salmao","23":"product_tag-tranca","24":"product_tag-verde","25":"product_tag-verde-agua","26":"product_tag-verde-bandeira","27":"product_tag-verde-claro","28":"product_tag-verde-escuro","29":"product_tag-vermelho","30":"product_tag-vermelho-escuro","32":"first","33":"instock","34":"taxable","35":"shipping-taxable","36":"purchasable","37":"product-type-variable"},"yoast_head":"<!-- This site is optimized with the Yoast SEO plugin v27.4 - https:\/\/yoast.com\/product\/yoast-seo-wordpress\/ -->\n<title>Romper Tran\u00e7a &#8212; Mell Petit<\/title>\n<meta name=\"description\" content=\"Romper curtinho antial\u00e9rgico, leve e macio para a pele delicada do beb\u00ea.\u00a0\" \/>\n<meta name=\"robots\" content=\"index, follow, max-snippet:-1, max-image-preview:large, max-video-preview:-1\" \/>\n<link rel=\"canonical\" href=\"https:\/\/ionn.com.br\/mellp\/produto\/romper-tranca\/\" \/>\n<meta property=\"og:locale\" content=\"pt_BR\" \/>\n<meta property=\"og:type\" content=\"article\" \/>\n<meta property=\"og:title\" content=\"Romper Tran\u00e7a &#8212; Mell Petit\" \/>\n<meta property=\"og:description\" content=\"Romper curtinho antial\u00e9rgico, leve e macio para a pele delicada do beb\u00ea.\u00a0\" \/>\n<meta property=\"og:url\" content=\"https:\/\/ionn.com.br\/mellp\/produto\/romper-tranca\/\" \/>\n<meta property=\"og:site_name\" content=\"Mell Petit\" \/>\n<meta property=\"article:publisher\" content=\"https:\/\/facebook.com\/mellpetit\" \/>\n<meta property=\"article:modified_time\" content=\"2024-06-29T04:32:17+00:00\" \/>\n<meta property=\"og:image\" content=\"https:\/\/ionn.com.br\/mellp\/wp-content\/uploads\/romper-amarelo.webp\" \/>\n\t<meta property=\"og:image:width\" content=\"1024\" \/>\n\t<meta property=\"og:image:height\" content=\"1024\" \/>\n\t<meta property=\"og:image:type\" content=\"image\/webp\" \/>\n<meta name=\"twitter:card\" content=\"summary_large_image\" \/>\n<meta name=\"twitter:label1\" content=\"Est. tempo de leitura\" \/>\n\t<meta name=\"twitter:data1\" content=\"1 minuto\" \/>\n<script type=\"application\/ld+json\" class=\"yoast-schema-graph\">{\"@context\":\"https:\\\/\\\/schema.org\",\"@graph\":[{\"@type\":\"WebPage\",\"@id\":\"https:\\\/\\\/ionn.com.br\\\/mellp\\\/produto\\\/romper-tranca\\\/\",\"url\":\"https:\\\/\\\/ionn.com.br\\\/mellp\\\/produto\\\/romper-tranca\\\/\",\"name\":\"Romper Tran\u00e7a &#8212; Mell Petit\",\"isPartOf\":{\"@id\":\"https:\\\/\\\/ionn.com.br\\\/mellp\\\/#website\"},\"primaryImageOfPage\":{\"@id\":\"https:\\\/\\\/ionn.com.br\\\/mellp\\\/produto\\\/romper-tranca\\\/#primaryimage\"},\"image\":{\"@id\":\"https:\\\/\\\/ionn.com.br\\\/mellp\\\/produto\\\/romper-tranca\\\/#primaryimage\"},\"thumbnailUrl\":\"https:\\\/\\\/ionn.com.br\\\/mellp\\\/wp-content\\\/uploads\\\/romper-amarelo.webp\",\"datePublished\":\"2024-03-22T04:04:35+00:00\",\"dateModified\":\"2024-06-29T04:32:17+00:00\",\"description\":\"Romper curtinho antial\u00e9rgico, leve e macio para a pele delicada do beb\u00ea.\u00a0\",\"breadcrumb\":{\"@id\":\"https:\\\/\\\/ionn.com.br\\\/mellp\\\/produto\\\/romper-tranca\\\/#breadcrumb\"},\"inLanguage\":\"pt-BR\",\"potentialAction\":[{\"@type\":\"ReadAction\",\"target\":[\"https:\\\/\\\/ionn.com.br\\\/mellp\\\/produto\\\/romper-tranca\\\/\"]}]},{\"@type\":\"ImageObject\",\"inLanguage\":\"pt-BR\",\"@id\":\"https:\\\/\\\/ionn.com.br\\\/mellp\\\/produto\\\/romper-tranca\\\/#primaryimage\",\"url\":\"https:\\\/\\\/ionn.com.br\\\/mellp\\\/wp-content\\\/uploads\\\/romper-amarelo.webp\",\"contentUrl\":\"https:\\\/\\\/ionn.com.br\\\/mellp\\\/wp-content\\\/uploads\\\/romper-amarelo.webp\",\"width\":1024,\"height\":1024},{\"@type\":\"BreadcrumbList\",\"@id\":\"https:\\\/\\\/ionn.com.br\\\/mellp\\\/produto\\\/romper-tranca\\\/#breadcrumb\",\"itemListElement\":[{\"@type\":\"ListItem\",\"position\":1,\"name\":\"In\u00edcio\",\"item\":\"https:\\\/\\\/ionn.com.br\\\/mellp\\\/\"},{\"@type\":\"ListItem\",\"position\":2,\"name\":\"Produtos\",\"item\":\"https:\\\/\\\/ionn.com.br\\\/mellp\\\/shop\\\/\"},{\"@type\":\"ListItem\",\"position\":3,\"name\":\"Romper Tran\u00e7a\"}]},{\"@type\":\"WebSite\",\"@id\":\"https:\\\/\\\/ionn.com.br\\\/mellp\\\/#website\",\"url\":\"https:\\\/\\\/ionn.com.br\\\/mellp\\\/\",\"name\":\"Mell Petit\",\"description\":\"Sa\u00eddas de maternidade\",\"publisher\":{\"@id\":\"https:\\\/\\\/ionn.com.br\\\/mellp\\\/#organization\"},\"alternateName\":\"Mell Petit\",\"potentialAction\":[{\"@type\":\"SearchAction\",\"target\":{\"@type\":\"EntryPoint\",\"urlTemplate\":\"https:\\\/\\\/ionn.com.br\\\/mellp\\\/?s={search_term_string}\"},\"query-input\":{\"@type\":\"PropertyValueSpecification\",\"valueRequired\":true,\"valueName\":\"search_term_string\"}}],\"inLanguage\":\"pt-BR\"},{\"@type\":\"Organization\",\"@id\":\"https:\\\/\\\/ionn.com.br\\\/mellp\\\/#organization\",\"name\":\"Mell Petit\",\"alternateName\":\"Mell Petit\",\"url\":\"https:\\\/\\\/ionn.com.br\\\/mellp\\\/\",\"logo\":{\"@type\":\"ImageObject\",\"inLanguage\":\"pt-BR\",\"@id\":\"https:\\\/\\\/ionn.com.br\\\/mellp\\\/#\\\/schema\\\/logo\\\/image\\\/\",\"url\":\"https:\\\/\\\/ionn.com.br\\\/mellp\\\/wp-content\\\/uploads\\\/loja-virtual-roupas-de-bebe-recem-nascido-sao-paulo.webp\",\"contentUrl\":\"https:\\\/\\\/ionn.com.br\\\/mellp\\\/wp-content\\\/uploads\\\/loja-virtual-roupas-de-bebe-recem-nascido-sao-paulo.webp\",\"width\":178,\"height\":117,\"caption\":\"Mell Petit\"},\"image\":{\"@id\":\"https:\\\/\\\/ionn.com.br\\\/mellp\\\/#\\\/schema\\\/logo\\\/image\\\/\"},\"sameAs\":[\"https:\\\/\\\/facebook.com\\\/mellpetit\",\"https:\\\/\\\/instagram.com\\\/mellpetit\"]}]}<\/script>\n<!-- \/ Yoast SEO plugin. -->","yoast_head_json":{"title":"Romper Tran\u00e7a &#8212; Mell Petit","description":"Romper curtinho antial\u00e9rgico, leve e macio para a pele delicada do beb\u00ea.\u00a0","robots":{"index":"index","follow":"follow","max-snippet":"max-snippet:-1","max-image-preview":"max-image-preview:large","max-video-preview":"max-video-preview:-1"},"canonical":"https:\/\/ionn.com.br\/mellp\/produto\/romper-tranca\/","og_locale":"pt_BR","og_type":"article","og_title":"Romper Tran\u00e7a &#8212; Mell Petit","og_description":"Romper curtinho antial\u00e9rgico, leve e macio para a pele delicada do beb\u00ea.\u00a0","og_url":"https:\/\/ionn.com.br\/mellp\/produto\/romper-tranca\/","og_site_name":"Mell Petit","article_publisher":"https:\/\/facebook.com\/mellpetit","article_modified_time":"2024-06-29T04:32:17+00:00","og_image":[{"width":1024,"height":1024,"url":"https:\/\/ionn.com.br\/mellp\/wp-content\/uploads\/romper-amarelo.webp","type":"image\/webp"}],"twitter_card":"summary_large_image","twitter_misc":{"Est. tempo de leitura":"1 minuto"},"schema":{"@context":"https:\/\/schema.org","@graph":[{"@type":"WebPage","@id":"https:\/\/ionn.com.br\/mellp\/produto\/romper-tranca\/","url":"https:\/\/ionn.com.br\/mellp\/produto\/romper-tranca\/","name":"Romper Tran\u00e7a &#8212; Mell Petit","isPartOf":{"@id":"https:\/\/ionn.com.br\/mellp\/#website"},"primaryImageOfPage":{"@id":"https:\/\/ionn.com.br\/mellp\/produto\/romper-tranca\/#primaryimage"},"image":{"@id":"https:\/\/ionn.com.br\/mellp\/produto\/romper-tranca\/#primaryimage"},"thumbnailUrl":"https:\/\/ionn.com.br\/mellp\/wp-content\/uploads\/romper-amarelo.webp","datePublished":"2024-03-22T04:04:35+00:00","dateModified":"2024-06-29T04:32:17+00:00","description":"Romper curtinho antial\u00e9rgico, leve e macio para a pele delicada do beb\u00ea.\u00a0","breadcrumb":{"@id":"https:\/\/ionn.com.br\/mellp\/produto\/romper-tranca\/#breadcrumb"},"inLanguage":"pt-BR","potentialAction":[{"@type":"ReadAction","target":["https:\/\/ionn.com.br\/mellp\/produto\/romper-tranca\/"]}]},{"@type":"ImageObject","inLanguage":"pt-BR","@id":"https:\/\/ionn.com.br\/mellp\/produto\/romper-tranca\/#primaryimage","url":"https:\/\/ionn.com.br\/mellp\/wp-content\/uploads\/romper-amarelo.webp","contentUrl":"https:\/\/ionn.com.br\/mellp\/wp-content\/uploads\/romper-amarelo.webp","width":1024,"height":1024},{"@type":"BreadcrumbList","@id":"https:\/\/ionn.com.br\/mellp\/produto\/romper-tranca\/#breadcrumb","itemListElement":[{"@type":"ListItem","position":1,"name":"In\u00edcio","item":"https:\/\/ionn.com.br\/mellp\/"},{"@type":"ListItem","position":2,"name":"Produtos","item":"https:\/\/ionn.com.br\/mellp\/shop\/"},{"@type":"ListItem","position":3,"name":"Romper Tran\u00e7a"}]},{"@type":"WebSite","@id":"https:\/\/ionn.com.br\/mellp\/#website","url":"https:\/\/ionn.com.br\/mellp\/","name":"Mell Petit","description":"Sa\u00eddas de maternidade","publisher":{"@id":"https:\/\/ionn.com.br\/mellp\/#organization"},"alternateName":"Mell Petit","potentialAction":[{"@type":"SearchAction","target":{"@type":"EntryPoint","urlTemplate":"https:\/\/ionn.com.br\/mellp\/?s={search_term_string}"},"query-input":{"@type":"PropertyValueSpecification","valueRequired":true,"valueName":"search_term_string"}}],"inLanguage":"pt-BR"},{"@type":"Organization","@id":"https:\/\/ionn.com.br\/mellp\/#organization","name":"Mell Petit","alternateName":"Mell Petit","url":"https:\/\/ionn.com.br\/mellp\/","logo":{"@type":"ImageObject","inLanguage":"pt-BR","@id":"https:\/\/ionn.com.br\/mellp\/#\/schema\/logo\/image\/","url":"https:\/\/ionn.com.br\/mellp\/wp-content\/uploads\/loja-virtual-roupas-de-bebe-recem-nascido-sao-paulo.webp","contentUrl":"https:\/\/ionn.com.br\/mellp\/wp-content\/uploads\/loja-virtual-roupas-de-bebe-recem-nascido-sao-paulo.webp","width":178,"height":117,"caption":"Mell Petit"},"image":{"@id":"https:\/\/ionn.com.br\/mellp\/#\/schema\/logo\/image\/"},"sameAs":["https:\/\/facebook.com\/mellpetit","https:\/\/instagram.com\/mellpetit"]}]}},"_links":{"self":[{"href":"https:\/\/ionn.com.br\/mellp\/wp-json\/wp\/v2\/product\/5329","targetHints":{"allow":["GET"]}}],"collection":[{"href":"https:\/\/ionn.com.br\/mellp\/wp-json\/wp\/v2\/product"}],"about":[{"href":"https:\/\/ionn.com.br\/mellp\/wp-json\/wp\/v2\/types\/product"}],"replies":[{"embeddable":true,"href":"https:\/\/ionn.com.br\/mellp\/wp-json\/wp\/v2\/comments?post=5329"}],"version-history":[{"count":7,"href":"https:\/\/ionn.com.br\/mellp\/wp-json\/wp\/v2\/product\/5329\/revisions"}],"predecessor-version":[{"id":6314,"href":"https:\/\/ionn.com.br\/mellp\/wp-json\/wp\/v2\/product\/5329\/revisions\/6314"}],"wp:featuredmedia":[{"embeddable":true,"href":"https:\/\/ionn.com.br\/mellp\/wp-json\/wp\/v2\/media\/5345"}],"wp:attachment":[{"href":"https:\/\/ionn.com.br\/mellp\/wp-json\/wp\/v2\/media?parent=5329"}],"wp:term":[{"taxonomy":"product_brand","embeddable":true,"href":"https:\/\/ionn.com.br\/mellp\/wp-json\/wp\/v2\/product_brand?post=5329"},{"taxonomy":"product_cat","embeddable":true,"href":"https:\/\/ionn.com.br\/mellp\/wp-json\/wp\/v2\/product_cat?post=5329"},{"taxonomy":"product_tag","embeddable":true,"href":"https:\/\/ionn.com.br\/mellp\/wp-json\/wp\/v2\/product_tag?post=5329"}],"curies":[{"name":"wp","href":"https:\/\/api.w.org\/{rel}","templated":true}]}}