{"id":6343,"date":"2024-06-29T02:30:18","date_gmt":"2024-06-29T05:30:18","guid":{"rendered":"https:\/\/ionn.com.br\/mellp\/?post_type=product&#038;p=6343"},"modified":"2025-08-04T02:35:07","modified_gmt":"2025-08-04T05:35:07","slug":"macacao-floral-trabalhado","status":"publish","type":"product","link":"https:\/\/ionn.com.br\/mellp\/produto\/macacao-floral-trabalhado\/","title":{"rendered":"Macac\u00e3o Floral Trabalhado"},"content":{"rendered":"<p>Macac\u00e3o em\u00a0 tricot trama trabalhada com bordado floral. Possui abotoamento nas costas e entre as pernas para facilitar a troca do beb\u00ea.<\/p>\n<p><strong>Composi\u00e7\u00e3o: <\/strong>tricot antial\u00e9rgico 100% acr\u00edlico.<\/p>\n<p><img fetchpriority=\"high\" decoding=\"async\" class=\"alignnone wp-image-2940 size-full\" src=\"https:\/\/ionn.com.br\/mellp\/wp-content\/uploads\/medidas-de-macacao-pequena-e-recem-nascido-mell-petit.webp\" alt=\"medidas-de-macacao-pequena-e-recem-nascido-mell-petit\" width=\"451\" height=\"248\" srcset=\"https:\/\/ionn.com.br\/mellp\/wp-content\/uploads\/medidas-de-macacao-pequena-e-recem-nascido-mell-petit.webp 451w, https:\/\/ionn.com.br\/mellp\/wp-content\/uploads\/medidas-de-macacao-pequena-e-recem-nascido-mell-petit-300x165.webp 300w, https:\/\/ionn.com.br\/mellp\/wp-content\/uploads\/medidas-de-macacao-pequena-e-recem-nascido-mell-petit-150x82.webp 150w\" sizes=\"(max-width: 451px) 100vw, 451px\" \/><\/p>\n<p>&nbsp;<\/p>\n<hr \/>\n<p>&nbsp;<\/p>\n<p>&nbsp;<\/p>\n<h3>Medidas aproximadas do macac\u00e3o RN:<\/h3>\n<table>\n<tbody>\n<tr>\n<td style=\"padding: 20px;\" width=\"50%\"><strong>Comprimento total: <\/strong><\/td>\n<td style=\"padding: 20px;\" width=\"50%\">44cm<\/td>\n<\/tr>\n<tr>\n<td style=\"padding: 20px;\" width=\"50%\"><strong>Corpo: <\/strong><\/td>\n<td style=\"padding: 20px;\" width=\"50%\">27cm<\/td>\n<\/tr>\n<tr>\n<td style=\"padding: 20px;\" width=\"50%\"><strong>Largura: <\/strong><\/td>\n<td style=\"padding: 20px;\" width=\"50%\">27cm<\/td>\n<\/tr>\n<tr>\n<td style=\"padding: 20px;\" width=\"50%\"><strong>Peso: <\/strong><\/td>\n<td style=\"padding: 20px;\" width=\"50%\">120gr<\/td>\n<\/tr>\n<\/tbody>\n<\/table>\n<p><strong>Tamanho RN atende\u00a0 : 0 a 1 m\u00eas; beb\u00ea 03 a 04 Kg; tamanho 44 cm \u2013 medidas aproximadas<\/strong><\/p>\n<p>&nbsp;<\/p>\n<hr \/>\n<p>&nbsp;<\/p>\n<h3>Cuidados com a pe\u00e7a:<\/h3>\n<ol>\n<li>Lavar delicadamente a m\u00e3o<\/li>\n<li>Utiliza sab\u00e3o neutro<\/li>\n<li>N\u00e3o utilizar alvejantes<\/li>\n<li>N\u00e3o torcer, apertar suavemente<\/li>\n<li>Secar \u00e0 sombra na horizontal<\/li>\n<li>N\u00e3o passar a ferro<\/li>\n<\/ol>\n<p>&nbsp;<\/p>\n<p>Pe\u00e7as de qualidade confeccionados em tricot artesanalmente, podendo apresentar pequenas varia\u00e7\u00f5es em tonalidade, costura e bordados.<br \/>\nA cor poder\u00e1 sofrer altera\u00e7\u00e3o dependendo da tela e resolu\u00e7\u00e3o em que est\u00e3o sendo visualizadas.<\/p>\n","protected":false},"excerpt":{"rendered":"<p>Macac\u00e3o trama trabalhada com bordado floral.<\/p>\n<p><strong>*** Body e manta n\u00e3o acompanham o produto, s\u00e3o vendidos separadamente.***<\/strong><\/p>\n<p>&nbsp;<\/p>\n<hr \/>\n<div><\/div>\n<div>Itens inclusos:<\/div>\n<ul>\n<li>01 Macac\u00e3o<\/li>\n<\/ul>\n<hr \/>\n","protected":false},"featured_media":6345,"comment_status":"open","ping_status":"closed","template":"","meta":[],"product_brand":[],"product_cat":[297,60],"product_tag":[154,299,298,300,293,180,209],"class_list":{"0":"post-6343","1":"product","2":"type-product","3":"status-publish","4":"has-post-thumbnail","6":"product_cat-macacao-avulso","7":"product_cat-menina","8":"product_tag-bordado","9":"product_tag-flor","10":"product_tag-floral","11":"product_tag-flores","12":"product_tag-florzinha","13":"product_tag-lilas","14":"product_tag-macacao","16":"first","17":"instock","18":"taxable","19":"shipping-taxable","20":"purchasable","21":"product-type-variable"},"yoast_head":"<!-- This site is optimized with the Yoast SEO plugin v27.4 - https:\/\/yoast.com\/product\/yoast-seo-wordpress\/ -->\n<title>Macac\u00e3o Floral Trabalhado &#8212; Mell Petit<\/title>\n<meta name=\"description\" content=\"Macac\u00e3o em\u00a0 tricot trama trabalhada com bordado floral. Possui abotoamento nas costas e entre as pernas para facilitar a troca do beb\u00ea.\" \/>\n<meta name=\"robots\" content=\"index, follow, max-snippet:-1, max-image-preview:large, max-video-preview:-1\" \/>\n<link rel=\"canonical\" href=\"https:\/\/ionn.com.br\/mellp\/produto\/macacao-floral-trabalhado\/\" \/>\n<meta property=\"og:locale\" content=\"pt_BR\" \/>\n<meta property=\"og:type\" content=\"article\" \/>\n<meta property=\"og:title\" content=\"Macac\u00e3o Floral Trabalhado &#8212; Mell Petit\" \/>\n<meta property=\"og:description\" content=\"Macac\u00e3o em\u00a0 tricot trama trabalhada com bordado floral. Possui abotoamento nas costas e entre as pernas para facilitar a troca do beb\u00ea.\" \/>\n<meta property=\"og:url\" content=\"https:\/\/ionn.com.br\/mellp\/produto\/macacao-floral-trabalhado\/\" \/>\n<meta property=\"og:site_name\" content=\"Mell Petit\" \/>\n<meta property=\"article:publisher\" content=\"https:\/\/facebook.com\/mellpetit\" \/>\n<meta property=\"article:modified_time\" content=\"2025-08-04T05:35:07+00:00\" \/>\n<meta property=\"og:image\" content=\"https:\/\/ionn.com.br\/mellp\/wp-content\/uploads\/MACACAO-FLORAL-TRABALAHDO-LILAS.webp\" \/>\n\t<meta property=\"og:image:width\" content=\"1024\" \/>\n\t<meta property=\"og:image:height\" content=\"1024\" \/>\n\t<meta property=\"og:image:type\" content=\"image\/webp\" \/>\n<meta name=\"twitter:card\" content=\"summary_large_image\" \/>\n<meta name=\"twitter:label1\" content=\"Est. tempo de leitura\" \/>\n\t<meta name=\"twitter:data1\" content=\"1 minuto\" \/>\n<script type=\"application\/ld+json\" class=\"yoast-schema-graph\">{\"@context\":\"https:\\\/\\\/schema.org\",\"@graph\":[{\"@type\":\"WebPage\",\"@id\":\"https:\\\/\\\/ionn.com.br\\\/mellp\\\/produto\\\/macacao-floral-trabalhado\\\/\",\"url\":\"https:\\\/\\\/ionn.com.br\\\/mellp\\\/produto\\\/macacao-floral-trabalhado\\\/\",\"name\":\"Macac\u00e3o Floral Trabalhado &#8212; Mell Petit\",\"isPartOf\":{\"@id\":\"https:\\\/\\\/ionn.com.br\\\/mellp\\\/#website\"},\"primaryImageOfPage\":{\"@id\":\"https:\\\/\\\/ionn.com.br\\\/mellp\\\/produto\\\/macacao-floral-trabalhado\\\/#primaryimage\"},\"image\":{\"@id\":\"https:\\\/\\\/ionn.com.br\\\/mellp\\\/produto\\\/macacao-floral-trabalhado\\\/#primaryimage\"},\"thumbnailUrl\":\"https:\\\/\\\/ionn.com.br\\\/mellp\\\/wp-content\\\/uploads\\\/MACACAO-FLORAL-TRABALAHDO-LILAS.webp\",\"datePublished\":\"2024-06-29T05:30:18+00:00\",\"dateModified\":\"2025-08-04T05:35:07+00:00\",\"description\":\"Macac\u00e3o em\u00a0 tricot trama trabalhada com bordado floral. Possui abotoamento nas costas e entre as pernas para facilitar a troca do beb\u00ea.\",\"breadcrumb\":{\"@id\":\"https:\\\/\\\/ionn.com.br\\\/mellp\\\/produto\\\/macacao-floral-trabalhado\\\/#breadcrumb\"},\"inLanguage\":\"pt-BR\",\"potentialAction\":[{\"@type\":\"ReadAction\",\"target\":[\"https:\\\/\\\/ionn.com.br\\\/mellp\\\/produto\\\/macacao-floral-trabalhado\\\/\"]}]},{\"@type\":\"ImageObject\",\"inLanguage\":\"pt-BR\",\"@id\":\"https:\\\/\\\/ionn.com.br\\\/mellp\\\/produto\\\/macacao-floral-trabalhado\\\/#primaryimage\",\"url\":\"https:\\\/\\\/ionn.com.br\\\/mellp\\\/wp-content\\\/uploads\\\/MACACAO-FLORAL-TRABALAHDO-LILAS.webp\",\"contentUrl\":\"https:\\\/\\\/ionn.com.br\\\/mellp\\\/wp-content\\\/uploads\\\/MACACAO-FLORAL-TRABALAHDO-LILAS.webp\",\"width\":1024,\"height\":1024},{\"@type\":\"BreadcrumbList\",\"@id\":\"https:\\\/\\\/ionn.com.br\\\/mellp\\\/produto\\\/macacao-floral-trabalhado\\\/#breadcrumb\",\"itemListElement\":[{\"@type\":\"ListItem\",\"position\":1,\"name\":\"In\u00edcio\",\"item\":\"https:\\\/\\\/ionn.com.br\\\/mellp\\\/\"},{\"@type\":\"ListItem\",\"position\":2,\"name\":\"Produtos\",\"item\":\"https:\\\/\\\/ionn.com.br\\\/mellp\\\/shop\\\/\"},{\"@type\":\"ListItem\",\"position\":3,\"name\":\"Macac\u00e3o Floral Trabalhado\"}]},{\"@type\":\"WebSite\",\"@id\":\"https:\\\/\\\/ionn.com.br\\\/mellp\\\/#website\",\"url\":\"https:\\\/\\\/ionn.com.br\\\/mellp\\\/\",\"name\":\"Mell Petit\",\"description\":\"Sa\u00eddas de maternidade\",\"publisher\":{\"@id\":\"https:\\\/\\\/ionn.com.br\\\/mellp\\\/#organization\"},\"alternateName\":\"Mell Petit\",\"potentialAction\":[{\"@type\":\"SearchAction\",\"target\":{\"@type\":\"EntryPoint\",\"urlTemplate\":\"https:\\\/\\\/ionn.com.br\\\/mellp\\\/?s={search_term_string}\"},\"query-input\":{\"@type\":\"PropertyValueSpecification\",\"valueRequired\":true,\"valueName\":\"search_term_string\"}}],\"inLanguage\":\"pt-BR\"},{\"@type\":\"Organization\",\"@id\":\"https:\\\/\\\/ionn.com.br\\\/mellp\\\/#organization\",\"name\":\"Mell Petit\",\"alternateName\":\"Mell Petit\",\"url\":\"https:\\\/\\\/ionn.com.br\\\/mellp\\\/\",\"logo\":{\"@type\":\"ImageObject\",\"inLanguage\":\"pt-BR\",\"@id\":\"https:\\\/\\\/ionn.com.br\\\/mellp\\\/#\\\/schema\\\/logo\\\/image\\\/\",\"url\":\"https:\\\/\\\/ionn.com.br\\\/mellp\\\/wp-content\\\/uploads\\\/loja-virtual-roupas-de-bebe-recem-nascido-sao-paulo.webp\",\"contentUrl\":\"https:\\\/\\\/ionn.com.br\\\/mellp\\\/wp-content\\\/uploads\\\/loja-virtual-roupas-de-bebe-recem-nascido-sao-paulo.webp\",\"width\":178,\"height\":117,\"caption\":\"Mell Petit\"},\"image\":{\"@id\":\"https:\\\/\\\/ionn.com.br\\\/mellp\\\/#\\\/schema\\\/logo\\\/image\\\/\"},\"sameAs\":[\"https:\\\/\\\/facebook.com\\\/mellpetit\",\"https:\\\/\\\/instagram.com\\\/mellpetit\"]}]}<\/script>\n<!-- \/ Yoast SEO plugin. -->","yoast_head_json":{"title":"Macac\u00e3o Floral Trabalhado &#8212; Mell Petit","description":"Macac\u00e3o em\u00a0 tricot trama trabalhada com bordado floral. Possui abotoamento nas costas e entre as pernas para facilitar a troca do beb\u00ea.","robots":{"index":"index","follow":"follow","max-snippet":"max-snippet:-1","max-image-preview":"max-image-preview:large","max-video-preview":"max-video-preview:-1"},"canonical":"https:\/\/ionn.com.br\/mellp\/produto\/macacao-floral-trabalhado\/","og_locale":"pt_BR","og_type":"article","og_title":"Macac\u00e3o Floral Trabalhado &#8212; Mell Petit","og_description":"Macac\u00e3o em\u00a0 tricot trama trabalhada com bordado floral. Possui abotoamento nas costas e entre as pernas para facilitar a troca do beb\u00ea.","og_url":"https:\/\/ionn.com.br\/mellp\/produto\/macacao-floral-trabalhado\/","og_site_name":"Mell Petit","article_publisher":"https:\/\/facebook.com\/mellpetit","article_modified_time":"2025-08-04T05:35:07+00:00","og_image":[{"width":1024,"height":1024,"url":"https:\/\/ionn.com.br\/mellp\/wp-content\/uploads\/MACACAO-FLORAL-TRABALAHDO-LILAS.webp","type":"image\/webp"}],"twitter_card":"summary_large_image","twitter_misc":{"Est. tempo de leitura":"1 minuto"},"schema":{"@context":"https:\/\/schema.org","@graph":[{"@type":"WebPage","@id":"https:\/\/ionn.com.br\/mellp\/produto\/macacao-floral-trabalhado\/","url":"https:\/\/ionn.com.br\/mellp\/produto\/macacao-floral-trabalhado\/","name":"Macac\u00e3o Floral Trabalhado &#8212; Mell Petit","isPartOf":{"@id":"https:\/\/ionn.com.br\/mellp\/#website"},"primaryImageOfPage":{"@id":"https:\/\/ionn.com.br\/mellp\/produto\/macacao-floral-trabalhado\/#primaryimage"},"image":{"@id":"https:\/\/ionn.com.br\/mellp\/produto\/macacao-floral-trabalhado\/#primaryimage"},"thumbnailUrl":"https:\/\/ionn.com.br\/mellp\/wp-content\/uploads\/MACACAO-FLORAL-TRABALAHDO-LILAS.webp","datePublished":"2024-06-29T05:30:18+00:00","dateModified":"2025-08-04T05:35:07+00:00","description":"Macac\u00e3o em\u00a0 tricot trama trabalhada com bordado floral. Possui abotoamento nas costas e entre as pernas para facilitar a troca do beb\u00ea.","breadcrumb":{"@id":"https:\/\/ionn.com.br\/mellp\/produto\/macacao-floral-trabalhado\/#breadcrumb"},"inLanguage":"pt-BR","potentialAction":[{"@type":"ReadAction","target":["https:\/\/ionn.com.br\/mellp\/produto\/macacao-floral-trabalhado\/"]}]},{"@type":"ImageObject","inLanguage":"pt-BR","@id":"https:\/\/ionn.com.br\/mellp\/produto\/macacao-floral-trabalhado\/#primaryimage","url":"https:\/\/ionn.com.br\/mellp\/wp-content\/uploads\/MACACAO-FLORAL-TRABALAHDO-LILAS.webp","contentUrl":"https:\/\/ionn.com.br\/mellp\/wp-content\/uploads\/MACACAO-FLORAL-TRABALAHDO-LILAS.webp","width":1024,"height":1024},{"@type":"BreadcrumbList","@id":"https:\/\/ionn.com.br\/mellp\/produto\/macacao-floral-trabalhado\/#breadcrumb","itemListElement":[{"@type":"ListItem","position":1,"name":"In\u00edcio","item":"https:\/\/ionn.com.br\/mellp\/"},{"@type":"ListItem","position":2,"name":"Produtos","item":"https:\/\/ionn.com.br\/mellp\/shop\/"},{"@type":"ListItem","position":3,"name":"Macac\u00e3o Floral Trabalhado"}]},{"@type":"WebSite","@id":"https:\/\/ionn.com.br\/mellp\/#website","url":"https:\/\/ionn.com.br\/mellp\/","name":"Mell Petit","description":"Sa\u00eddas de maternidade","publisher":{"@id":"https:\/\/ionn.com.br\/mellp\/#organization"},"alternateName":"Mell Petit","potentialAction":[{"@type":"SearchAction","target":{"@type":"EntryPoint","urlTemplate":"https:\/\/ionn.com.br\/mellp\/?s={search_term_string}"},"query-input":{"@type":"PropertyValueSpecification","valueRequired":true,"valueName":"search_term_string"}}],"inLanguage":"pt-BR"},{"@type":"Organization","@id":"https:\/\/ionn.com.br\/mellp\/#organization","name":"Mell Petit","alternateName":"Mell Petit","url":"https:\/\/ionn.com.br\/mellp\/","logo":{"@type":"ImageObject","inLanguage":"pt-BR","@id":"https:\/\/ionn.com.br\/mellp\/#\/schema\/logo\/image\/","url":"https:\/\/ionn.com.br\/mellp\/wp-content\/uploads\/loja-virtual-roupas-de-bebe-recem-nascido-sao-paulo.webp","contentUrl":"https:\/\/ionn.com.br\/mellp\/wp-content\/uploads\/loja-virtual-roupas-de-bebe-recem-nascido-sao-paulo.webp","width":178,"height":117,"caption":"Mell Petit"},"image":{"@id":"https:\/\/ionn.com.br\/mellp\/#\/schema\/logo\/image\/"},"sameAs":["https:\/\/facebook.com\/mellpetit","https:\/\/instagram.com\/mellpetit"]}]}},"_links":{"self":[{"href":"https:\/\/ionn.com.br\/mellp\/wp-json\/wp\/v2\/product\/6343","targetHints":{"allow":["GET"]}}],"collection":[{"href":"https:\/\/ionn.com.br\/mellp\/wp-json\/wp\/v2\/product"}],"about":[{"href":"https:\/\/ionn.com.br\/mellp\/wp-json\/wp\/v2\/types\/product"}],"replies":[{"embeddable":true,"href":"https:\/\/ionn.com.br\/mellp\/wp-json\/wp\/v2\/comments?post=6343"}],"version-history":[{"count":1,"href":"https:\/\/ionn.com.br\/mellp\/wp-json\/wp\/v2\/product\/6343\/revisions"}],"predecessor-version":[{"id":6348,"href":"https:\/\/ionn.com.br\/mellp\/wp-json\/wp\/v2\/product\/6343\/revisions\/6348"}],"wp:featuredmedia":[{"embeddable":true,"href":"https:\/\/ionn.com.br\/mellp\/wp-json\/wp\/v2\/media\/6345"}],"wp:attachment":[{"href":"https:\/\/ionn.com.br\/mellp\/wp-json\/wp\/v2\/media?parent=6343"}],"wp:term":[{"taxonomy":"product_brand","embeddable":true,"href":"https:\/\/ionn.com.br\/mellp\/wp-json\/wp\/v2\/product_brand?post=6343"},{"taxonomy":"product_cat","embeddable":true,"href":"https:\/\/ionn.com.br\/mellp\/wp-json\/wp\/v2\/product_cat?post=6343"},{"taxonomy":"product_tag","embeddable":true,"href":"https:\/\/ionn.com.br\/mellp\/wp-json\/wp\/v2\/product_tag?post=6343"}],"curies":[{"name":"wp","href":"https:\/\/api.w.org\/{rel}","templated":true}]}}