{"id":6513,"date":"2024-07-01T22:00:02","date_gmt":"2024-07-02T01:00:02","guid":{"rendered":"https:\/\/ionn.com.br\/mellp\/?post_type=product&#038;p=6513"},"modified":"2024-07-04T23:11:40","modified_gmt":"2024-07-05T02:11:40","slug":"salopete-ricky-com-body","status":"publish","type":"product","link":"https:\/\/ionn.com.br\/mellp\/produto\/salopete-ricky-com-body\/","title":{"rendered":"Salopete Ricky com Body"},"content":{"rendered":"<p>Salopete com listras finas com aplique tema pet. Possui abotoamento nas costas e entre as pernas para facilitar a troca do beb\u00ea.<\/p>\n<p><strong>Composi\u00e7\u00e3o: <\/strong>tricot antial\u00e9rgico 100% acril\u00edco.<\/p>\n<p><img fetchpriority=\"high\" decoding=\"async\" class=\"\" src=\"https:\/\/ionn.com.br\/mellp\/wp-content\/uploads\/SALOPETE-300x188.jpg\" width=\"434\" height=\"272\" \/><\/p>\n<p>&nbsp;<\/p>\n<hr \/>\n<h3>Medidas aproximadas da Salopete RN:<\/h3>\n<table style=\"height: 180px;\" width=\"512\">\n<tbody>\n<tr>\n<td width=\"50%\"><strong>Comprimento total:<\/strong><\/td>\n<td width=\"50%\">46cm<\/td>\n<\/tr>\n<tr>\n<td width=\"50%\"><strong>Corpo:<\/strong><\/td>\n<td width=\"50%\">30cm<\/td>\n<\/tr>\n<tr>\n<td width=\"50%\"><strong>Largura:<\/strong><\/td>\n<td width=\"50%\">25cm<\/td>\n<\/tr>\n<tr>\n<td width=\"50%\"><strong>Peso:<\/strong><\/td>\n<td width=\"50%\">200gr<\/td>\n<\/tr>\n<\/tbody>\n<\/table>\n<p><strong>Tamanho RN atende\u00a0 : 0 a 1 m\u00eas; beb\u00ea 03 a 04 Kg; tamanho 44 a 46 cm \u2013 medidas aproximadas<\/strong><\/p>\n<p>&nbsp;<\/p>\n<h3>Medidas aproximadas do body RN:<\/h3>\n<table style=\"height: 97px;\" width=\"515\">\n<tbody>\n<tr>\n<td width=\"50%\"><strong>Comprimento:<\/strong><\/td>\n<td width=\"50%\">32cm<\/td>\n<\/tr>\n<tr>\n<td width=\"50%\"><strong>Largura:<\/strong><\/td>\n<td width=\"50%\">21cm<\/td>\n<\/tr>\n<\/tbody>\n<\/table>\n<p>&nbsp;<\/p>\n<hr \/>\n<h3>Cuidados com a pe\u00e7a:<\/h3>\n<ol>\n<li>Lavar delicadamente a m\u00e3o<\/li>\n<li>Utiliza sab\u00e3o neutro<\/li>\n<li>N\u00e3o utilizar alvejantes<\/li>\n<li>N\u00e3o torcer, apertar suavemente<\/li>\n<li>Secar \u00e0 sombra na horizontal<\/li>\n<li>N\u00e3o passar a ferro<\/li>\n<\/ol>\n<p>&nbsp;<\/p>\n<p>Pe\u00e7as de qualidade confeccionados em tricot artesanalmente, podendo apresentar pequenas varia\u00e7\u00f5es em tonalidade, costura e bordados.<br \/>\nA cor poder\u00e1 sofrer altera\u00e7\u00e3o dependendo da tela e resolu\u00e7\u00e3o em que est\u00e1 sendo visualizada.<\/p>\n","protected":false},"excerpt":{"rendered":"<p>Salopete com\u00a0listras finas. Possui abotoamento nas costas e entre as pernas para facilitar a troca do beb\u00ea.<\/p>\n<p>&nbsp;<\/p>\n<div>\n<hr \/>\n<\/div>\n<div>Itens inclusos:<\/div>\n<ul>\n<li>01 Salopete ( macac\u00e3o sem mangas)<\/li>\n<li>Body simples em algod\u00e3o.<\/li>\n<\/ul>\n","protected":false},"featured_media":6521,"comment_status":"closed","ping_status":"closed","template":"","meta":[],"product_brand":[],"product_cat":[79,302,62],"product_tag":[291,310,309,308,265,306,305,189,307,232,205,218],"class_list":{"0":"post-6513","1":"product","2":"type-product","3":"status-publish","4":"has-post-thumbnail","6":"product_cat-jardineiras","7":"product_cat-macacao-avulso-menino","8":"product_cat-menino","9":"product_tag-amarelo-ouro","10":"product_tag-au-au","11":"product_tag-cachorrinho","12":"product_tag-cachorro","13":"product_tag-jardineira","14":"product_tag-macacao-cavado","15":"product_tag-macacao-sem-mangas","16":"product_tag-mostarda","17":"product_tag-pet","18":"product_tag-salopete","19":"product_tag-terracota","20":"product_tag-terroso","22":"first","23":"instock","24":"taxable","25":"shipping-taxable","26":"purchasable","27":"product-type-variable"},"yoast_head":"<!-- This site is optimized with the Yoast SEO plugin v27.4 - https:\/\/yoast.com\/product\/yoast-seo-wordpress\/ -->\n<title>Salopete Ricky com Body &#8212; Mell Petit<\/title>\n<meta name=\"description\" content=\"Salopete com\u00a0listras finas. Possui abotoamento nas costas e entre as pernas para facilitar a troca do beb\u00ea.\" \/>\n<meta name=\"robots\" content=\"index, follow, max-snippet:-1, max-image-preview:large, max-video-preview:-1\" \/>\n<link rel=\"canonical\" href=\"https:\/\/ionn.com.br\/mellp\/produto\/salopete-ricky-com-body\/\" \/>\n<meta property=\"og:locale\" content=\"pt_BR\" \/>\n<meta property=\"og:type\" content=\"article\" \/>\n<meta property=\"og:title\" content=\"Salopete Ricky com Body &#8212; Mell Petit\" \/>\n<meta property=\"og:description\" content=\"Salopete com\u00a0listras finas. Possui abotoamento nas costas e entre as pernas para facilitar a troca do beb\u00ea.\" \/>\n<meta property=\"og:url\" content=\"https:\/\/ionn.com.br\/mellp\/produto\/salopete-ricky-com-body\/\" \/>\n<meta property=\"og:site_name\" content=\"Mell Petit\" \/>\n<meta property=\"article:publisher\" content=\"https:\/\/facebook.com\/mellpetit\" \/>\n<meta property=\"article:modified_time\" content=\"2024-07-05T02:11:40+00:00\" \/>\n<meta property=\"og:image\" content=\"https:\/\/ionn.com.br\/mellp\/wp-content\/uploads\/SALOPETE-RICKY-TERRACOTA.webp\" \/>\n\t<meta property=\"og:image:width\" content=\"1024\" \/>\n\t<meta property=\"og:image:height\" content=\"1024\" \/>\n\t<meta property=\"og:image:type\" content=\"image\/webp\" \/>\n<meta name=\"twitter:card\" content=\"summary_large_image\" \/>\n<meta name=\"twitter:label1\" content=\"Est. tempo de leitura\" \/>\n\t<meta name=\"twitter:data1\" content=\"1 minuto\" \/>\n<script type=\"application\/ld+json\" class=\"yoast-schema-graph\">{\"@context\":\"https:\\\/\\\/schema.org\",\"@graph\":[{\"@type\":\"WebPage\",\"@id\":\"https:\\\/\\\/ionn.com.br\\\/mellp\\\/produto\\\/salopete-ricky-com-body\\\/\",\"url\":\"https:\\\/\\\/ionn.com.br\\\/mellp\\\/produto\\\/salopete-ricky-com-body\\\/\",\"name\":\"Salopete Ricky com Body &#8212; Mell Petit\",\"isPartOf\":{\"@id\":\"https:\\\/\\\/ionn.com.br\\\/mellp\\\/#website\"},\"primaryImageOfPage\":{\"@id\":\"https:\\\/\\\/ionn.com.br\\\/mellp\\\/produto\\\/salopete-ricky-com-body\\\/#primaryimage\"},\"image\":{\"@id\":\"https:\\\/\\\/ionn.com.br\\\/mellp\\\/produto\\\/salopete-ricky-com-body\\\/#primaryimage\"},\"thumbnailUrl\":\"https:\\\/\\\/ionn.com.br\\\/mellp\\\/wp-content\\\/uploads\\\/SALOPETE-RICKY-TERRACOTA.webp\",\"datePublished\":\"2024-07-02T01:00:02+00:00\",\"dateModified\":\"2024-07-05T02:11:40+00:00\",\"description\":\"Salopete com\u00a0listras finas. Possui abotoamento nas costas e entre as pernas para facilitar a troca do beb\u00ea.\",\"breadcrumb\":{\"@id\":\"https:\\\/\\\/ionn.com.br\\\/mellp\\\/produto\\\/salopete-ricky-com-body\\\/#breadcrumb\"},\"inLanguage\":\"pt-BR\",\"potentialAction\":[{\"@type\":\"ReadAction\",\"target\":[\"https:\\\/\\\/ionn.com.br\\\/mellp\\\/produto\\\/salopete-ricky-com-body\\\/\"]}]},{\"@type\":\"ImageObject\",\"inLanguage\":\"pt-BR\",\"@id\":\"https:\\\/\\\/ionn.com.br\\\/mellp\\\/produto\\\/salopete-ricky-com-body\\\/#primaryimage\",\"url\":\"https:\\\/\\\/ionn.com.br\\\/mellp\\\/wp-content\\\/uploads\\\/SALOPETE-RICKY-TERRACOTA.webp\",\"contentUrl\":\"https:\\\/\\\/ionn.com.br\\\/mellp\\\/wp-content\\\/uploads\\\/SALOPETE-RICKY-TERRACOTA.webp\",\"width\":1024,\"height\":1024},{\"@type\":\"BreadcrumbList\",\"@id\":\"https:\\\/\\\/ionn.com.br\\\/mellp\\\/produto\\\/salopete-ricky-com-body\\\/#breadcrumb\",\"itemListElement\":[{\"@type\":\"ListItem\",\"position\":1,\"name\":\"In\u00edcio\",\"item\":\"https:\\\/\\\/ionn.com.br\\\/mellp\\\/\"},{\"@type\":\"ListItem\",\"position\":2,\"name\":\"Produtos\",\"item\":\"https:\\\/\\\/ionn.com.br\\\/mellp\\\/shop\\\/\"},{\"@type\":\"ListItem\",\"position\":3,\"name\":\"Salopete Ricky com Body\"}]},{\"@type\":\"WebSite\",\"@id\":\"https:\\\/\\\/ionn.com.br\\\/mellp\\\/#website\",\"url\":\"https:\\\/\\\/ionn.com.br\\\/mellp\\\/\",\"name\":\"Mell Petit\",\"description\":\"Sa\u00eddas de maternidade\",\"publisher\":{\"@id\":\"https:\\\/\\\/ionn.com.br\\\/mellp\\\/#organization\"},\"alternateName\":\"Mell Petit\",\"potentialAction\":[{\"@type\":\"SearchAction\",\"target\":{\"@type\":\"EntryPoint\",\"urlTemplate\":\"https:\\\/\\\/ionn.com.br\\\/mellp\\\/?s={search_term_string}\"},\"query-input\":{\"@type\":\"PropertyValueSpecification\",\"valueRequired\":true,\"valueName\":\"search_term_string\"}}],\"inLanguage\":\"pt-BR\"},{\"@type\":\"Organization\",\"@id\":\"https:\\\/\\\/ionn.com.br\\\/mellp\\\/#organization\",\"name\":\"Mell Petit\",\"alternateName\":\"Mell Petit\",\"url\":\"https:\\\/\\\/ionn.com.br\\\/mellp\\\/\",\"logo\":{\"@type\":\"ImageObject\",\"inLanguage\":\"pt-BR\",\"@id\":\"https:\\\/\\\/ionn.com.br\\\/mellp\\\/#\\\/schema\\\/logo\\\/image\\\/\",\"url\":\"https:\\\/\\\/ionn.com.br\\\/mellp\\\/wp-content\\\/uploads\\\/loja-virtual-roupas-de-bebe-recem-nascido-sao-paulo.webp\",\"contentUrl\":\"https:\\\/\\\/ionn.com.br\\\/mellp\\\/wp-content\\\/uploads\\\/loja-virtual-roupas-de-bebe-recem-nascido-sao-paulo.webp\",\"width\":178,\"height\":117,\"caption\":\"Mell Petit\"},\"image\":{\"@id\":\"https:\\\/\\\/ionn.com.br\\\/mellp\\\/#\\\/schema\\\/logo\\\/image\\\/\"},\"sameAs\":[\"https:\\\/\\\/facebook.com\\\/mellpetit\",\"https:\\\/\\\/instagram.com\\\/mellpetit\"]}]}<\/script>\n<!-- \/ Yoast SEO plugin. -->","yoast_head_json":{"title":"Salopete Ricky com Body &#8212; Mell Petit","description":"Salopete com\u00a0listras finas. Possui abotoamento nas costas e entre as pernas para facilitar a troca do beb\u00ea.","robots":{"index":"index","follow":"follow","max-snippet":"max-snippet:-1","max-image-preview":"max-image-preview:large","max-video-preview":"max-video-preview:-1"},"canonical":"https:\/\/ionn.com.br\/mellp\/produto\/salopete-ricky-com-body\/","og_locale":"pt_BR","og_type":"article","og_title":"Salopete Ricky com Body &#8212; Mell Petit","og_description":"Salopete com\u00a0listras finas. Possui abotoamento nas costas e entre as pernas para facilitar a troca do beb\u00ea.","og_url":"https:\/\/ionn.com.br\/mellp\/produto\/salopete-ricky-com-body\/","og_site_name":"Mell Petit","article_publisher":"https:\/\/facebook.com\/mellpetit","article_modified_time":"2024-07-05T02:11:40+00:00","og_image":[{"width":1024,"height":1024,"url":"https:\/\/ionn.com.br\/mellp\/wp-content\/uploads\/SALOPETE-RICKY-TERRACOTA.webp","type":"image\/webp"}],"twitter_card":"summary_large_image","twitter_misc":{"Est. tempo de leitura":"1 minuto"},"schema":{"@context":"https:\/\/schema.org","@graph":[{"@type":"WebPage","@id":"https:\/\/ionn.com.br\/mellp\/produto\/salopete-ricky-com-body\/","url":"https:\/\/ionn.com.br\/mellp\/produto\/salopete-ricky-com-body\/","name":"Salopete Ricky com Body &#8212; Mell Petit","isPartOf":{"@id":"https:\/\/ionn.com.br\/mellp\/#website"},"primaryImageOfPage":{"@id":"https:\/\/ionn.com.br\/mellp\/produto\/salopete-ricky-com-body\/#primaryimage"},"image":{"@id":"https:\/\/ionn.com.br\/mellp\/produto\/salopete-ricky-com-body\/#primaryimage"},"thumbnailUrl":"https:\/\/ionn.com.br\/mellp\/wp-content\/uploads\/SALOPETE-RICKY-TERRACOTA.webp","datePublished":"2024-07-02T01:00:02+00:00","dateModified":"2024-07-05T02:11:40+00:00","description":"Salopete com\u00a0listras finas. Possui abotoamento nas costas e entre as pernas para facilitar a troca do beb\u00ea.","breadcrumb":{"@id":"https:\/\/ionn.com.br\/mellp\/produto\/salopete-ricky-com-body\/#breadcrumb"},"inLanguage":"pt-BR","potentialAction":[{"@type":"ReadAction","target":["https:\/\/ionn.com.br\/mellp\/produto\/salopete-ricky-com-body\/"]}]},{"@type":"ImageObject","inLanguage":"pt-BR","@id":"https:\/\/ionn.com.br\/mellp\/produto\/salopete-ricky-com-body\/#primaryimage","url":"https:\/\/ionn.com.br\/mellp\/wp-content\/uploads\/SALOPETE-RICKY-TERRACOTA.webp","contentUrl":"https:\/\/ionn.com.br\/mellp\/wp-content\/uploads\/SALOPETE-RICKY-TERRACOTA.webp","width":1024,"height":1024},{"@type":"BreadcrumbList","@id":"https:\/\/ionn.com.br\/mellp\/produto\/salopete-ricky-com-body\/#breadcrumb","itemListElement":[{"@type":"ListItem","position":1,"name":"In\u00edcio","item":"https:\/\/ionn.com.br\/mellp\/"},{"@type":"ListItem","position":2,"name":"Produtos","item":"https:\/\/ionn.com.br\/mellp\/shop\/"},{"@type":"ListItem","position":3,"name":"Salopete Ricky com Body"}]},{"@type":"WebSite","@id":"https:\/\/ionn.com.br\/mellp\/#website","url":"https:\/\/ionn.com.br\/mellp\/","name":"Mell Petit","description":"Sa\u00eddas de maternidade","publisher":{"@id":"https:\/\/ionn.com.br\/mellp\/#organization"},"alternateName":"Mell Petit","potentialAction":[{"@type":"SearchAction","target":{"@type":"EntryPoint","urlTemplate":"https:\/\/ionn.com.br\/mellp\/?s={search_term_string}"},"query-input":{"@type":"PropertyValueSpecification","valueRequired":true,"valueName":"search_term_string"}}],"inLanguage":"pt-BR"},{"@type":"Organization","@id":"https:\/\/ionn.com.br\/mellp\/#organization","name":"Mell Petit","alternateName":"Mell Petit","url":"https:\/\/ionn.com.br\/mellp\/","logo":{"@type":"ImageObject","inLanguage":"pt-BR","@id":"https:\/\/ionn.com.br\/mellp\/#\/schema\/logo\/image\/","url":"https:\/\/ionn.com.br\/mellp\/wp-content\/uploads\/loja-virtual-roupas-de-bebe-recem-nascido-sao-paulo.webp","contentUrl":"https:\/\/ionn.com.br\/mellp\/wp-content\/uploads\/loja-virtual-roupas-de-bebe-recem-nascido-sao-paulo.webp","width":178,"height":117,"caption":"Mell Petit"},"image":{"@id":"https:\/\/ionn.com.br\/mellp\/#\/schema\/logo\/image\/"},"sameAs":["https:\/\/facebook.com\/mellpetit","https:\/\/instagram.com\/mellpetit"]}]}},"_links":{"self":[{"href":"https:\/\/ionn.com.br\/mellp\/wp-json\/wp\/v2\/product\/6513","targetHints":{"allow":["GET"]}}],"collection":[{"href":"https:\/\/ionn.com.br\/mellp\/wp-json\/wp\/v2\/product"}],"about":[{"href":"https:\/\/ionn.com.br\/mellp\/wp-json\/wp\/v2\/types\/product"}],"replies":[{"embeddable":true,"href":"https:\/\/ionn.com.br\/mellp\/wp-json\/wp\/v2\/comments?post=6513"}],"version-history":[{"count":2,"href":"https:\/\/ionn.com.br\/mellp\/wp-json\/wp\/v2\/product\/6513\/revisions"}],"predecessor-version":[{"id":6907,"href":"https:\/\/ionn.com.br\/mellp\/wp-json\/wp\/v2\/product\/6513\/revisions\/6907"}],"wp:featuredmedia":[{"embeddable":true,"href":"https:\/\/ionn.com.br\/mellp\/wp-json\/wp\/v2\/media\/6521"}],"wp:attachment":[{"href":"https:\/\/ionn.com.br\/mellp\/wp-json\/wp\/v2\/media?parent=6513"}],"wp:term":[{"taxonomy":"product_brand","embeddable":true,"href":"https:\/\/ionn.com.br\/mellp\/wp-json\/wp\/v2\/product_brand?post=6513"},{"taxonomy":"product_cat","embeddable":true,"href":"https:\/\/ionn.com.br\/mellp\/wp-json\/wp\/v2\/product_cat?post=6513"},{"taxonomy":"product_tag","embeddable":true,"href":"https:\/\/ionn.com.br\/mellp\/wp-json\/wp\/v2\/product_tag?post=6513"}],"curies":[{"name":"wp","href":"https:\/\/api.w.org\/{rel}","templated":true}]}}