{"id":6640,"date":"2024-07-03T00:38:50","date_gmt":"2024-07-03T03:38:50","guid":{"rendered":"https:\/\/ionn.com.br\/mellp\/?post_type=product&#038;p=6640"},"modified":"2024-07-04T02:34:14","modified_gmt":"2024-07-04T05:34:14","slug":"conjunto-raglan","status":"publish","type":"product","link":"https:\/\/ionn.com.br\/mellp\/produto\/conjunto-raglan\/","title":{"rendered":"Conjunto Raglan"},"content":{"rendered":"<p>Su\u00e9ter modelinho Raglan (bot\u00f5es nos ombros).<\/p>\n<p>&nbsp;<\/p>\n<p><strong>Composi\u00e7\u00e3o do kit: <\/strong>Tricot antial\u00e9rgico 100% Acr\u00edlico.<\/p>\n<p><img fetchpriority=\"high\" decoding=\"async\" class=\"\" src=\"https:\/\/ionn.com.br\/mellp\/wp-content\/uploads\/desenho-conj-e1709610460429.webp\" width=\"637\" height=\"307\" \/><\/p>\n<h3>Medidas aproximadas do Sueter RN:<\/h3>\n<table style=\"height: 155px;\" width=\"427\">\n<tbody>\n<tr>\n<td style=\"padding: 20px;\" width=\"50%\"><strong>Corpo<\/strong><\/td>\n<td style=\"padding: 20px;\" width=\"50%\">23cm<\/td>\n<\/tr>\n<tr>\n<td style=\"padding: 20px;\" width=\"50%\"><strong>Largura: <\/strong><\/td>\n<td style=\"padding: 20px;\" width=\"50%\">22cm<\/td>\n<\/tr>\n<\/tbody>\n<\/table>\n<p>&nbsp;<\/p>\n<hr \/>\n<h3>Caracter\u00edsticas da cal\u00e7a RN:<\/h3>\n<p>Cal\u00e7a em tricot com bolsinhos laterais.<\/p>\n<table>\n<tbody>\n<tr>\n<td style=\"padding: 20px;\" width=\"50%\"><strong>Comprimento total:<\/strong><\/td>\n<td style=\"padding: 20px;\" width=\"50%\">34cm<\/td>\n<\/tr>\n<tr>\n<td style=\"padding: 20px;\" width=\"50%\"><strong>Gancho:<\/strong><\/td>\n<td style=\"padding: 20px;\" width=\"50%\">18cm<\/td>\n<\/tr>\n<tr>\n<td style=\"padding: 20px;\" width=\"50%\"><strong>Largura:<\/strong><\/td>\n<td style=\"padding: 20px;\" width=\"50%\">24cm<\/td>\n<\/tr>\n<\/tbody>\n<\/table>\n<h3><strong>Tamanho RN atende: 0 a 1 m\u00eas; beb\u00ea 03 a 04 Kg;\u00a0 medidas aproximadas.<\/strong><\/h3>\n<p>&nbsp;<\/p>\n<hr \/>\n<h3>Cuidados com a pe\u00e7a:<\/h3>\n<ol>\n<li>Lavar delicadamente a m\u00e3o<\/li>\n<li>Utiliza sab\u00e3o neutro<\/li>\n<li>N\u00e3o utilizar alvejantes<\/li>\n<li>N\u00e3o torcer, apertar suavemente<\/li>\n<li>Secar \u00e0 sombra na horizontal<\/li>\n<li>N\u00e3o passar a ferro<\/li>\n<\/ol>\n<p>&nbsp;<\/p>\n<p>Pe\u00e7as de qualidade confeccionados em tricot artesanalmente, podendo apresentar pequenas varia\u00e7\u00f5es em tonalidade, costura e bordados.<br \/>\nA cor poder\u00e1 sofrer altera\u00e7\u00e3o dependendo da tela e resolu\u00e7\u00e3o em que est\u00e3o sendo visualizadas.<\/p>\n","protected":false},"excerpt":{"rendered":"<p>Conjunto composto\u00a0 por su\u00e9ter e cal\u00e7a em tricot.<\/p>\n<p><strong>*** Aten\u00e7\u00e3o: Body e demais acess\u00f3rios vendidos separadamente***<\/strong><\/p>\n<hr \/>\n<div><\/div>\n<div>Itens inclusos:<\/div>\n<ul>\n<li>01 Su\u00e9ter<\/li>\n<li>01 Cal\u00e7a<\/li>\n<\/ul>\n<hr \/>\n","protected":false},"featured_media":6646,"comment_status":"open","ping_status":"closed","template":"","meta":[],"product_brand":[],"product_cat":[225,62],"product_tag":[188,194,171,174,227,217,318,226,189,182,317],"class_list":{"0":"post-6640","1":"product","2":"type-product","3":"status-publish","4":"has-post-thumbnail","6":"product_cat-conjunto","7":"product_cat-menino","8":"product_tag-azul-bebe","9":"product_tag-azul-jeans","10":"product_tag-azul-marinho","11":"product_tag-branco","12":"product_tag-calca","13":"product_tag-casaquinho","14":"product_tag-conjuntinho","15":"product_tag-conjunto","16":"product_tag-mostarda","17":"product_tag-rosa-bebe","18":"product_tag-sueter","20":"first","21":"instock","22":"taxable","23":"shipping-taxable","24":"purchasable","25":"product-type-variable"},"yoast_head":"<!-- This site is optimized with the Yoast SEO plugin v27.4 - https:\/\/yoast.com\/product\/yoast-seo-wordpress\/ -->\n<title>Conjunto Raglan &#8212; Mell Petit<\/title>\n<meta name=\"description\" content=\"Su\u00e9ter modelinho Raglan (bot\u00f5es nos ombros). Cal\u00e7a em tricot com bolsinhos laterais.\" \/>\n<meta name=\"robots\" content=\"index, follow, max-snippet:-1, max-image-preview:large, max-video-preview:-1\" \/>\n<link rel=\"canonical\" href=\"https:\/\/ionn.com.br\/mellp\/produto\/conjunto-raglan\/\" \/>\n<meta property=\"og:locale\" content=\"pt_BR\" \/>\n<meta property=\"og:type\" content=\"article\" \/>\n<meta property=\"og:title\" content=\"Conjunto Raglan &#8212; Mell Petit\" \/>\n<meta property=\"og:description\" content=\"Su\u00e9ter modelinho Raglan (bot\u00f5es nos ombros). Cal\u00e7a em tricot com bolsinhos laterais.\" \/>\n<meta property=\"og:url\" content=\"https:\/\/ionn.com.br\/mellp\/produto\/conjunto-raglan\/\" \/>\n<meta property=\"og:site_name\" content=\"Mell Petit\" \/>\n<meta property=\"article:publisher\" content=\"https:\/\/facebook.com\/mellpetit\" \/>\n<meta property=\"article:modified_time\" content=\"2024-07-04T05:34:14+00:00\" \/>\n<meta property=\"og:image\" content=\"https:\/\/ionn.com.br\/mellp\/wp-content\/uploads\/CONJUNTO-RAGLAN-AZUL-BEBE-COM-AZUL-JEANS.webp\" \/>\n\t<meta property=\"og:image:width\" content=\"1024\" \/>\n\t<meta property=\"og:image:height\" content=\"1024\" \/>\n\t<meta property=\"og:image:type\" content=\"image\/webp\" \/>\n<meta name=\"twitter:card\" content=\"summary_large_image\" \/>\n<meta name=\"twitter:label1\" content=\"Est. tempo de leitura\" \/>\n\t<meta name=\"twitter:data1\" content=\"1 minuto\" \/>\n<script type=\"application\/ld+json\" class=\"yoast-schema-graph\">{\"@context\":\"https:\\\/\\\/schema.org\",\"@graph\":[{\"@type\":\"WebPage\",\"@id\":\"https:\\\/\\\/ionn.com.br\\\/mellp\\\/produto\\\/conjunto-raglan\\\/\",\"url\":\"https:\\\/\\\/ionn.com.br\\\/mellp\\\/produto\\\/conjunto-raglan\\\/\",\"name\":\"Conjunto Raglan &#8212; Mell Petit\",\"isPartOf\":{\"@id\":\"https:\\\/\\\/ionn.com.br\\\/mellp\\\/#website\"},\"primaryImageOfPage\":{\"@id\":\"https:\\\/\\\/ionn.com.br\\\/mellp\\\/produto\\\/conjunto-raglan\\\/#primaryimage\"},\"image\":{\"@id\":\"https:\\\/\\\/ionn.com.br\\\/mellp\\\/produto\\\/conjunto-raglan\\\/#primaryimage\"},\"thumbnailUrl\":\"https:\\\/\\\/ionn.com.br\\\/mellp\\\/wp-content\\\/uploads\\\/CONJUNTO-RAGLAN-AZUL-BEBE-COM-AZUL-JEANS.webp\",\"datePublished\":\"2024-07-03T03:38:50+00:00\",\"dateModified\":\"2024-07-04T05:34:14+00:00\",\"description\":\"Su\u00e9ter modelinho Raglan (bot\u00f5es nos ombros). Cal\u00e7a em tricot com bolsinhos laterais.\",\"breadcrumb\":{\"@id\":\"https:\\\/\\\/ionn.com.br\\\/mellp\\\/produto\\\/conjunto-raglan\\\/#breadcrumb\"},\"inLanguage\":\"pt-BR\",\"potentialAction\":[{\"@type\":\"ReadAction\",\"target\":[\"https:\\\/\\\/ionn.com.br\\\/mellp\\\/produto\\\/conjunto-raglan\\\/\"]}]},{\"@type\":\"ImageObject\",\"inLanguage\":\"pt-BR\",\"@id\":\"https:\\\/\\\/ionn.com.br\\\/mellp\\\/produto\\\/conjunto-raglan\\\/#primaryimage\",\"url\":\"https:\\\/\\\/ionn.com.br\\\/mellp\\\/wp-content\\\/uploads\\\/CONJUNTO-RAGLAN-AZUL-BEBE-COM-AZUL-JEANS.webp\",\"contentUrl\":\"https:\\\/\\\/ionn.com.br\\\/mellp\\\/wp-content\\\/uploads\\\/CONJUNTO-RAGLAN-AZUL-BEBE-COM-AZUL-JEANS.webp\",\"width\":1024,\"height\":1024},{\"@type\":\"BreadcrumbList\",\"@id\":\"https:\\\/\\\/ionn.com.br\\\/mellp\\\/produto\\\/conjunto-raglan\\\/#breadcrumb\",\"itemListElement\":[{\"@type\":\"ListItem\",\"position\":1,\"name\":\"In\u00edcio\",\"item\":\"https:\\\/\\\/ionn.com.br\\\/mellp\\\/\"},{\"@type\":\"ListItem\",\"position\":2,\"name\":\"Produtos\",\"item\":\"https:\\\/\\\/ionn.com.br\\\/mellp\\\/shop\\\/\"},{\"@type\":\"ListItem\",\"position\":3,\"name\":\"Conjunto Raglan\"}]},{\"@type\":\"WebSite\",\"@id\":\"https:\\\/\\\/ionn.com.br\\\/mellp\\\/#website\",\"url\":\"https:\\\/\\\/ionn.com.br\\\/mellp\\\/\",\"name\":\"Mell Petit\",\"description\":\"Sa\u00eddas de maternidade\",\"publisher\":{\"@id\":\"https:\\\/\\\/ionn.com.br\\\/mellp\\\/#organization\"},\"alternateName\":\"Mell Petit\",\"potentialAction\":[{\"@type\":\"SearchAction\",\"target\":{\"@type\":\"EntryPoint\",\"urlTemplate\":\"https:\\\/\\\/ionn.com.br\\\/mellp\\\/?s={search_term_string}\"},\"query-input\":{\"@type\":\"PropertyValueSpecification\",\"valueRequired\":true,\"valueName\":\"search_term_string\"}}],\"inLanguage\":\"pt-BR\"},{\"@type\":\"Organization\",\"@id\":\"https:\\\/\\\/ionn.com.br\\\/mellp\\\/#organization\",\"name\":\"Mell Petit\",\"alternateName\":\"Mell Petit\",\"url\":\"https:\\\/\\\/ionn.com.br\\\/mellp\\\/\",\"logo\":{\"@type\":\"ImageObject\",\"inLanguage\":\"pt-BR\",\"@id\":\"https:\\\/\\\/ionn.com.br\\\/mellp\\\/#\\\/schema\\\/logo\\\/image\\\/\",\"url\":\"https:\\\/\\\/ionn.com.br\\\/mellp\\\/wp-content\\\/uploads\\\/loja-virtual-roupas-de-bebe-recem-nascido-sao-paulo.webp\",\"contentUrl\":\"https:\\\/\\\/ionn.com.br\\\/mellp\\\/wp-content\\\/uploads\\\/loja-virtual-roupas-de-bebe-recem-nascido-sao-paulo.webp\",\"width\":178,\"height\":117,\"caption\":\"Mell Petit\"},\"image\":{\"@id\":\"https:\\\/\\\/ionn.com.br\\\/mellp\\\/#\\\/schema\\\/logo\\\/image\\\/\"},\"sameAs\":[\"https:\\\/\\\/facebook.com\\\/mellpetit\",\"https:\\\/\\\/instagram.com\\\/mellpetit\"]}]}<\/script>\n<!-- \/ Yoast SEO plugin. -->","yoast_head_json":{"title":"Conjunto Raglan &#8212; Mell Petit","description":"Su\u00e9ter modelinho Raglan (bot\u00f5es nos ombros). Cal\u00e7a em tricot com bolsinhos laterais.","robots":{"index":"index","follow":"follow","max-snippet":"max-snippet:-1","max-image-preview":"max-image-preview:large","max-video-preview":"max-video-preview:-1"},"canonical":"https:\/\/ionn.com.br\/mellp\/produto\/conjunto-raglan\/","og_locale":"pt_BR","og_type":"article","og_title":"Conjunto Raglan &#8212; Mell Petit","og_description":"Su\u00e9ter modelinho Raglan (bot\u00f5es nos ombros). Cal\u00e7a em tricot com bolsinhos laterais.","og_url":"https:\/\/ionn.com.br\/mellp\/produto\/conjunto-raglan\/","og_site_name":"Mell Petit","article_publisher":"https:\/\/facebook.com\/mellpetit","article_modified_time":"2024-07-04T05:34:14+00:00","og_image":[{"width":1024,"height":1024,"url":"https:\/\/ionn.com.br\/mellp\/wp-content\/uploads\/CONJUNTO-RAGLAN-AZUL-BEBE-COM-AZUL-JEANS.webp","type":"image\/webp"}],"twitter_card":"summary_large_image","twitter_misc":{"Est. tempo de leitura":"1 minuto"},"schema":{"@context":"https:\/\/schema.org","@graph":[{"@type":"WebPage","@id":"https:\/\/ionn.com.br\/mellp\/produto\/conjunto-raglan\/","url":"https:\/\/ionn.com.br\/mellp\/produto\/conjunto-raglan\/","name":"Conjunto Raglan &#8212; Mell Petit","isPartOf":{"@id":"https:\/\/ionn.com.br\/mellp\/#website"},"primaryImageOfPage":{"@id":"https:\/\/ionn.com.br\/mellp\/produto\/conjunto-raglan\/#primaryimage"},"image":{"@id":"https:\/\/ionn.com.br\/mellp\/produto\/conjunto-raglan\/#primaryimage"},"thumbnailUrl":"https:\/\/ionn.com.br\/mellp\/wp-content\/uploads\/CONJUNTO-RAGLAN-AZUL-BEBE-COM-AZUL-JEANS.webp","datePublished":"2024-07-03T03:38:50+00:00","dateModified":"2024-07-04T05:34:14+00:00","description":"Su\u00e9ter modelinho Raglan (bot\u00f5es nos ombros). Cal\u00e7a em tricot com bolsinhos laterais.","breadcrumb":{"@id":"https:\/\/ionn.com.br\/mellp\/produto\/conjunto-raglan\/#breadcrumb"},"inLanguage":"pt-BR","potentialAction":[{"@type":"ReadAction","target":["https:\/\/ionn.com.br\/mellp\/produto\/conjunto-raglan\/"]}]},{"@type":"ImageObject","inLanguage":"pt-BR","@id":"https:\/\/ionn.com.br\/mellp\/produto\/conjunto-raglan\/#primaryimage","url":"https:\/\/ionn.com.br\/mellp\/wp-content\/uploads\/CONJUNTO-RAGLAN-AZUL-BEBE-COM-AZUL-JEANS.webp","contentUrl":"https:\/\/ionn.com.br\/mellp\/wp-content\/uploads\/CONJUNTO-RAGLAN-AZUL-BEBE-COM-AZUL-JEANS.webp","width":1024,"height":1024},{"@type":"BreadcrumbList","@id":"https:\/\/ionn.com.br\/mellp\/produto\/conjunto-raglan\/#breadcrumb","itemListElement":[{"@type":"ListItem","position":1,"name":"In\u00edcio","item":"https:\/\/ionn.com.br\/mellp\/"},{"@type":"ListItem","position":2,"name":"Produtos","item":"https:\/\/ionn.com.br\/mellp\/shop\/"},{"@type":"ListItem","position":3,"name":"Conjunto Raglan"}]},{"@type":"WebSite","@id":"https:\/\/ionn.com.br\/mellp\/#website","url":"https:\/\/ionn.com.br\/mellp\/","name":"Mell Petit","description":"Sa\u00eddas de maternidade","publisher":{"@id":"https:\/\/ionn.com.br\/mellp\/#organization"},"alternateName":"Mell Petit","potentialAction":[{"@type":"SearchAction","target":{"@type":"EntryPoint","urlTemplate":"https:\/\/ionn.com.br\/mellp\/?s={search_term_string}"},"query-input":{"@type":"PropertyValueSpecification","valueRequired":true,"valueName":"search_term_string"}}],"inLanguage":"pt-BR"},{"@type":"Organization","@id":"https:\/\/ionn.com.br\/mellp\/#organization","name":"Mell Petit","alternateName":"Mell Petit","url":"https:\/\/ionn.com.br\/mellp\/","logo":{"@type":"ImageObject","inLanguage":"pt-BR","@id":"https:\/\/ionn.com.br\/mellp\/#\/schema\/logo\/image\/","url":"https:\/\/ionn.com.br\/mellp\/wp-content\/uploads\/loja-virtual-roupas-de-bebe-recem-nascido-sao-paulo.webp","contentUrl":"https:\/\/ionn.com.br\/mellp\/wp-content\/uploads\/loja-virtual-roupas-de-bebe-recem-nascido-sao-paulo.webp","width":178,"height":117,"caption":"Mell Petit"},"image":{"@id":"https:\/\/ionn.com.br\/mellp\/#\/schema\/logo\/image\/"},"sameAs":["https:\/\/facebook.com\/mellpetit","https:\/\/instagram.com\/mellpetit"]}]}},"_links":{"self":[{"href":"https:\/\/ionn.com.br\/mellp\/wp-json\/wp\/v2\/product\/6640","targetHints":{"allow":["GET"]}}],"collection":[{"href":"https:\/\/ionn.com.br\/mellp\/wp-json\/wp\/v2\/product"}],"about":[{"href":"https:\/\/ionn.com.br\/mellp\/wp-json\/wp\/v2\/types\/product"}],"replies":[{"embeddable":true,"href":"https:\/\/ionn.com.br\/mellp\/wp-json\/wp\/v2\/comments?post=6640"}],"version-history":[{"count":1,"href":"https:\/\/ionn.com.br\/mellp\/wp-json\/wp\/v2\/product\/6640\/revisions"}],"predecessor-version":[{"id":6655,"href":"https:\/\/ionn.com.br\/mellp\/wp-json\/wp\/v2\/product\/6640\/revisions\/6655"}],"wp:featuredmedia":[{"embeddable":true,"href":"https:\/\/ionn.com.br\/mellp\/wp-json\/wp\/v2\/media\/6646"}],"wp:attachment":[{"href":"https:\/\/ionn.com.br\/mellp\/wp-json\/wp\/v2\/media?parent=6640"}],"wp:term":[{"taxonomy":"product_brand","embeddable":true,"href":"https:\/\/ionn.com.br\/mellp\/wp-json\/wp\/v2\/product_brand?post=6640"},{"taxonomy":"product_cat","embeddable":true,"href":"https:\/\/ionn.com.br\/mellp\/wp-json\/wp\/v2\/product_cat?post=6640"},{"taxonomy":"product_tag","embeddable":true,"href":"https:\/\/ionn.com.br\/mellp\/wp-json\/wp\/v2\/product_tag?post=6640"}],"curies":[{"name":"wp","href":"https:\/\/api.w.org\/{rel}","templated":true}]}}