{"id":6700,"date":"2024-07-03T19:40:22","date_gmt":"2024-07-03T22:40:22","guid":{"rendered":"https:\/\/ionn.com.br\/mellp\/?post_type=product&#038;p=6700"},"modified":"2026-03-26T01:44:22","modified_gmt":"2026-03-26T04:44:22","slug":"jardineira-lisa-comprida","status":"publish","type":"product","link":"https:\/\/ionn.com.br\/mellp\/produto\/jardineira-lisa-comprida\/","title":{"rendered":"Jardineira Lisa Comprida"},"content":{"rendered":"<p>Jardineira lisa comprida antial\u00e9rgico, leve e macia para a pele delicada do beb\u00ea.<\/p>\n<p>Al\u00e7as com regulagem de altura no formato n\u00f3.<\/p>\n<p>Pode ser combinado com uma camisa para um look cheio de estilo ou um body para um passeio descontra\u00eddo.<\/p>\n<p><img fetchpriority=\"high\" decoding=\"async\" class=\"alignnone wp-image-6704\" src=\"https:\/\/ionn.com.br\/mellp\/wp-content\/uploads\/IMG-20240702-WA0034-300x194.jpg\" alt=\"\" width=\"424\" height=\"274\" srcset=\"https:\/\/ionn.com.br\/mellp\/wp-content\/uploads\/IMG-20240702-WA0034-300x194.jpg 300w, https:\/\/ionn.com.br\/mellp\/wp-content\/uploads\/IMG-20240702-WA0034-1024x662.jpg 1024w, https:\/\/ionn.com.br\/mellp\/wp-content\/uploads\/IMG-20240702-WA0034-150x97.jpg 150w, https:\/\/ionn.com.br\/mellp\/wp-content\/uploads\/IMG-20240702-WA0034-768x497.jpg 768w, https:\/\/ionn.com.br\/mellp\/wp-content\/uploads\/IMG-20240702-WA0034-1536x994.jpg 1536w, https:\/\/ionn.com.br\/mellp\/wp-content\/uploads\/IMG-20240702-WA0034-600x388.jpg 600w, https:\/\/ionn.com.br\/mellp\/wp-content\/uploads\/IMG-20240702-WA0034.jpg 1600w\" sizes=\"(max-width: 424px) 100vw, 424px\" \/><\/p>\n<p><strong>Composi\u00e7\u00e3o: <\/strong>tricot antial\u00e9rgico 50% algod\u00e3o 50% acr\u00edlico.<\/p>\n<p>&nbsp;<\/p>\n<hr \/>\n<h3>Medidas aproximadas do romper P:<\/h3>\n<table style=\"height: 120px;\" width=\"434\">\n<tbody>\n<tr>\n<td width=\"50%\"><strong>Comprimento total:<\/strong><\/td>\n<td width=\"50%\">52cm<\/td>\n<\/tr>\n<tr>\n<td width=\"50%\"><strong>Gancho:<\/strong><\/td>\n<td width=\"50%\">33cm<\/td>\n<\/tr>\n<tr>\n<td width=\"50%\"><strong>Largura:<\/strong><\/td>\n<td width=\"50%\">26cm<\/td>\n<\/tr>\n<\/tbody>\n<\/table>\n<h6><strong>Tamanho P Veste de 3 a 6 kg (aproximadamente 3 meses)<\/strong><\/h6>\n<p>&nbsp;<\/p>\n<hr \/>\n<h3>Cuidados com a pe\u00e7a:<\/h3>\n<ol>\n<li>Lavar delicadamente a m\u00e3o<\/li>\n<li>Utiliza sab\u00e3o neutro<\/li>\n<li>N\u00e3o utilizar alvejantes<\/li>\n<li>N\u00e3o torcer, apertar suavemente<\/li>\n<li>Secar \u00e0 sombra na horizontal<\/li>\n<li>N\u00e3o passar a ferro<\/li>\n<\/ol>\n<p>&nbsp;<\/p>\n<p>Pe\u00e7as de qualidade confeccionados em tricot artesanalmente, podendo apresentar pequenas varia\u00e7\u00f5es em tonalidade, costura e bordados.<\/p>\n<p>A cor poder\u00e1 sofrer altera\u00e7\u00e3o dependendo da tela e resolu\u00e7\u00e3o em que est\u00e1 sendo visualizada.<\/p>\n","protected":false},"excerpt":{"rendered":"<p>jardineira comprida lisa com regulagem de altura nas al\u00e7as. Indicado para o ver\u00e3o e a meia-esta\u00e7\u00e3o.<\/p>\n<p><strong>**Body e demais acess\u00f3rios vendidos separadamente **<\/strong><\/p>\n<p>&nbsp;<\/p>\n<div>\n<hr \/>\n<\/div>\n<div>Itens inclusos:<\/div>\n<ul>\n<li>01 jardineira lisa comprida p\u00e9 aberto.<\/li>\n<\/ul>\n","protected":false},"featured_media":6714,"comment_status":"closed","ping_status":"closed","template":"","meta":[],"product_brand":[],"product_cat":[367,79,319,366,70],"product_tag":[291,188,171,174,265,189,123,187,260],"class_list":{"0":"post-6700","1":"product","2":"type-product","3":"status-publish","4":"has-post-thumbnail","6":"product_cat-jardineiras-menino","7":"product_cat-jardineiras","8":"product_cat-jardineiras-unissex","9":"product_cat-jardineiras-menina","10":"product_cat-produtos","11":"product_tag-amarelo-ouro","12":"product_tag-azul-bebe","13":"product_tag-azul-marinho","14":"product_tag-branco","15":"product_tag-jardineira","16":"product_tag-mostarda","17":"product_tag-rosa","18":"product_tag-vermelho","19":"product_tag-vermelho-escuro","21":"first","22":"instock","23":"taxable","24":"shipping-taxable","25":"purchasable","26":"product-type-variable"},"yoast_head":"<!-- This site is optimized with the Yoast SEO plugin v27.4 - https:\/\/yoast.com\/product\/yoast-seo-wordpress\/ -->\n<title>Jardineira Lisa Comprida &#8212; Mell Petit<\/title>\n<meta name=\"description\" content=\"Jardineira lisa comprida antial\u00e9rgico, leve e macia para a pele delicada do beb\u00ea.Al\u00e7as com bot\u00f5es para regulagem no formato n\u00f3.Pode ser combinado com uma camisa para um look cheio de estilo ou um body para um passeio descontra\u00eddo.\" \/>\n<meta name=\"robots\" content=\"index, follow, max-snippet:-1, max-image-preview:large, max-video-preview:-1\" \/>\n<link rel=\"canonical\" href=\"https:\/\/ionn.com.br\/mellp\/produto\/jardineira-lisa-comprida\/\" \/>\n<meta property=\"og:locale\" content=\"pt_BR\" \/>\n<meta property=\"og:type\" content=\"article\" \/>\n<meta property=\"og:title\" content=\"Jardineira Lisa Comprida &#8212; Mell Petit\" \/>\n<meta property=\"og:description\" content=\"Jardineira lisa comprida antial\u00e9rgico, leve e macia para a pele delicada do beb\u00ea.Al\u00e7as com bot\u00f5es para regulagem no formato n\u00f3.Pode ser combinado com uma camisa para um look cheio de estilo ou um body para um passeio descontra\u00eddo.\" \/>\n<meta property=\"og:url\" content=\"https:\/\/ionn.com.br\/mellp\/produto\/jardineira-lisa-comprida\/\" \/>\n<meta property=\"og:site_name\" content=\"Mell Petit\" \/>\n<meta property=\"article:publisher\" content=\"https:\/\/facebook.com\/mellpetit\" \/>\n<meta property=\"article:modified_time\" content=\"2026-03-26T04:44:22+00:00\" \/>\n<meta property=\"og:image\" content=\"https:\/\/ionn.com.br\/mellp\/wp-content\/uploads\/JARDINEIRA-LISA-COMPRIDA-MOSTARDA.webp\" \/>\n\t<meta property=\"og:image:width\" content=\"1024\" \/>\n\t<meta property=\"og:image:height\" content=\"1024\" \/>\n\t<meta property=\"og:image:type\" content=\"image\/webp\" \/>\n<meta name=\"twitter:card\" content=\"summary_large_image\" \/>\n<meta name=\"twitter:label1\" content=\"Est. tempo de leitura\" \/>\n\t<meta name=\"twitter:data1\" content=\"2 minutos\" \/>\n<script type=\"application\/ld+json\" class=\"yoast-schema-graph\">{\"@context\":\"https:\\\/\\\/schema.org\",\"@graph\":[{\"@type\":\"WebPage\",\"@id\":\"https:\\\/\\\/ionn.com.br\\\/mellp\\\/produto\\\/jardineira-lisa-comprida\\\/\",\"url\":\"https:\\\/\\\/ionn.com.br\\\/mellp\\\/produto\\\/jardineira-lisa-comprida\\\/\",\"name\":\"Jardineira Lisa Comprida &#8212; Mell Petit\",\"isPartOf\":{\"@id\":\"https:\\\/\\\/ionn.com.br\\\/mellp\\\/#website\"},\"primaryImageOfPage\":{\"@id\":\"https:\\\/\\\/ionn.com.br\\\/mellp\\\/produto\\\/jardineira-lisa-comprida\\\/#primaryimage\"},\"image\":{\"@id\":\"https:\\\/\\\/ionn.com.br\\\/mellp\\\/produto\\\/jardineira-lisa-comprida\\\/#primaryimage\"},\"thumbnailUrl\":\"https:\\\/\\\/ionn.com.br\\\/mellp\\\/wp-content\\\/uploads\\\/JARDINEIRA-LISA-COMPRIDA-MOSTARDA.webp\",\"datePublished\":\"2024-07-03T22:40:22+00:00\",\"dateModified\":\"2026-03-26T04:44:22+00:00\",\"description\":\"Jardineira lisa comprida antial\u00e9rgico, leve e macia para a pele delicada do beb\u00ea.Al\u00e7as com bot\u00f5es para regulagem no formato n\u00f3.Pode ser combinado com uma camisa para um look cheio de estilo ou um body para um passeio descontra\u00eddo.\",\"breadcrumb\":{\"@id\":\"https:\\\/\\\/ionn.com.br\\\/mellp\\\/produto\\\/jardineira-lisa-comprida\\\/#breadcrumb\"},\"inLanguage\":\"pt-BR\",\"potentialAction\":[{\"@type\":\"ReadAction\",\"target\":[\"https:\\\/\\\/ionn.com.br\\\/mellp\\\/produto\\\/jardineira-lisa-comprida\\\/\"]}]},{\"@type\":\"ImageObject\",\"inLanguage\":\"pt-BR\",\"@id\":\"https:\\\/\\\/ionn.com.br\\\/mellp\\\/produto\\\/jardineira-lisa-comprida\\\/#primaryimage\",\"url\":\"https:\\\/\\\/ionn.com.br\\\/mellp\\\/wp-content\\\/uploads\\\/JARDINEIRA-LISA-COMPRIDA-MOSTARDA.webp\",\"contentUrl\":\"https:\\\/\\\/ionn.com.br\\\/mellp\\\/wp-content\\\/uploads\\\/JARDINEIRA-LISA-COMPRIDA-MOSTARDA.webp\",\"width\":1024,\"height\":1024},{\"@type\":\"BreadcrumbList\",\"@id\":\"https:\\\/\\\/ionn.com.br\\\/mellp\\\/produto\\\/jardineira-lisa-comprida\\\/#breadcrumb\",\"itemListElement\":[{\"@type\":\"ListItem\",\"position\":1,\"name\":\"In\u00edcio\",\"item\":\"https:\\\/\\\/ionn.com.br\\\/mellp\\\/\"},{\"@type\":\"ListItem\",\"position\":2,\"name\":\"Produtos\",\"item\":\"https:\\\/\\\/ionn.com.br\\\/mellp\\\/shop\\\/\"},{\"@type\":\"ListItem\",\"position\":3,\"name\":\"Jardineira Lisa Comprida\"}]},{\"@type\":\"WebSite\",\"@id\":\"https:\\\/\\\/ionn.com.br\\\/mellp\\\/#website\",\"url\":\"https:\\\/\\\/ionn.com.br\\\/mellp\\\/\",\"name\":\"Mell Petit\",\"description\":\"Sa\u00eddas de maternidade\",\"publisher\":{\"@id\":\"https:\\\/\\\/ionn.com.br\\\/mellp\\\/#organization\"},\"alternateName\":\"Mell Petit\",\"potentialAction\":[{\"@type\":\"SearchAction\",\"target\":{\"@type\":\"EntryPoint\",\"urlTemplate\":\"https:\\\/\\\/ionn.com.br\\\/mellp\\\/?s={search_term_string}\"},\"query-input\":{\"@type\":\"PropertyValueSpecification\",\"valueRequired\":true,\"valueName\":\"search_term_string\"}}],\"inLanguage\":\"pt-BR\"},{\"@type\":\"Organization\",\"@id\":\"https:\\\/\\\/ionn.com.br\\\/mellp\\\/#organization\",\"name\":\"Mell Petit\",\"alternateName\":\"Mell Petit\",\"url\":\"https:\\\/\\\/ionn.com.br\\\/mellp\\\/\",\"logo\":{\"@type\":\"ImageObject\",\"inLanguage\":\"pt-BR\",\"@id\":\"https:\\\/\\\/ionn.com.br\\\/mellp\\\/#\\\/schema\\\/logo\\\/image\\\/\",\"url\":\"https:\\\/\\\/ionn.com.br\\\/mellp\\\/wp-content\\\/uploads\\\/loja-virtual-roupas-de-bebe-recem-nascido-sao-paulo.webp\",\"contentUrl\":\"https:\\\/\\\/ionn.com.br\\\/mellp\\\/wp-content\\\/uploads\\\/loja-virtual-roupas-de-bebe-recem-nascido-sao-paulo.webp\",\"width\":178,\"height\":117,\"caption\":\"Mell Petit\"},\"image\":{\"@id\":\"https:\\\/\\\/ionn.com.br\\\/mellp\\\/#\\\/schema\\\/logo\\\/image\\\/\"},\"sameAs\":[\"https:\\\/\\\/facebook.com\\\/mellpetit\",\"https:\\\/\\\/instagram.com\\\/mellpetit\"]}]}<\/script>\n<!-- \/ Yoast SEO plugin. -->","yoast_head_json":{"title":"Jardineira Lisa Comprida &#8212; Mell Petit","description":"Jardineira lisa comprida antial\u00e9rgico, leve e macia para a pele delicada do beb\u00ea.Al\u00e7as com bot\u00f5es para regulagem no formato n\u00f3.Pode ser combinado com uma camisa para um look cheio de estilo ou um body para um passeio descontra\u00eddo.","robots":{"index":"index","follow":"follow","max-snippet":"max-snippet:-1","max-image-preview":"max-image-preview:large","max-video-preview":"max-video-preview:-1"},"canonical":"https:\/\/ionn.com.br\/mellp\/produto\/jardineira-lisa-comprida\/","og_locale":"pt_BR","og_type":"article","og_title":"Jardineira Lisa Comprida &#8212; Mell Petit","og_description":"Jardineira lisa comprida antial\u00e9rgico, leve e macia para a pele delicada do beb\u00ea.Al\u00e7as com bot\u00f5es para regulagem no formato n\u00f3.Pode ser combinado com uma camisa para um look cheio de estilo ou um body para um passeio descontra\u00eddo.","og_url":"https:\/\/ionn.com.br\/mellp\/produto\/jardineira-lisa-comprida\/","og_site_name":"Mell Petit","article_publisher":"https:\/\/facebook.com\/mellpetit","article_modified_time":"2026-03-26T04:44:22+00:00","og_image":[{"width":1024,"height":1024,"url":"https:\/\/ionn.com.br\/mellp\/wp-content\/uploads\/JARDINEIRA-LISA-COMPRIDA-MOSTARDA.webp","type":"image\/webp"}],"twitter_card":"summary_large_image","twitter_misc":{"Est. tempo de leitura":"2 minutos"},"schema":{"@context":"https:\/\/schema.org","@graph":[{"@type":"WebPage","@id":"https:\/\/ionn.com.br\/mellp\/produto\/jardineira-lisa-comprida\/","url":"https:\/\/ionn.com.br\/mellp\/produto\/jardineira-lisa-comprida\/","name":"Jardineira Lisa Comprida &#8212; Mell Petit","isPartOf":{"@id":"https:\/\/ionn.com.br\/mellp\/#website"},"primaryImageOfPage":{"@id":"https:\/\/ionn.com.br\/mellp\/produto\/jardineira-lisa-comprida\/#primaryimage"},"image":{"@id":"https:\/\/ionn.com.br\/mellp\/produto\/jardineira-lisa-comprida\/#primaryimage"},"thumbnailUrl":"https:\/\/ionn.com.br\/mellp\/wp-content\/uploads\/JARDINEIRA-LISA-COMPRIDA-MOSTARDA.webp","datePublished":"2024-07-03T22:40:22+00:00","dateModified":"2026-03-26T04:44:22+00:00","description":"Jardineira lisa comprida antial\u00e9rgico, leve e macia para a pele delicada do beb\u00ea.Al\u00e7as com bot\u00f5es para regulagem no formato n\u00f3.Pode ser combinado com uma camisa para um look cheio de estilo ou um body para um passeio descontra\u00eddo.","breadcrumb":{"@id":"https:\/\/ionn.com.br\/mellp\/produto\/jardineira-lisa-comprida\/#breadcrumb"},"inLanguage":"pt-BR","potentialAction":[{"@type":"ReadAction","target":["https:\/\/ionn.com.br\/mellp\/produto\/jardineira-lisa-comprida\/"]}]},{"@type":"ImageObject","inLanguage":"pt-BR","@id":"https:\/\/ionn.com.br\/mellp\/produto\/jardineira-lisa-comprida\/#primaryimage","url":"https:\/\/ionn.com.br\/mellp\/wp-content\/uploads\/JARDINEIRA-LISA-COMPRIDA-MOSTARDA.webp","contentUrl":"https:\/\/ionn.com.br\/mellp\/wp-content\/uploads\/JARDINEIRA-LISA-COMPRIDA-MOSTARDA.webp","width":1024,"height":1024},{"@type":"BreadcrumbList","@id":"https:\/\/ionn.com.br\/mellp\/produto\/jardineira-lisa-comprida\/#breadcrumb","itemListElement":[{"@type":"ListItem","position":1,"name":"In\u00edcio","item":"https:\/\/ionn.com.br\/mellp\/"},{"@type":"ListItem","position":2,"name":"Produtos","item":"https:\/\/ionn.com.br\/mellp\/shop\/"},{"@type":"ListItem","position":3,"name":"Jardineira Lisa Comprida"}]},{"@type":"WebSite","@id":"https:\/\/ionn.com.br\/mellp\/#website","url":"https:\/\/ionn.com.br\/mellp\/","name":"Mell Petit","description":"Sa\u00eddas de maternidade","publisher":{"@id":"https:\/\/ionn.com.br\/mellp\/#organization"},"alternateName":"Mell Petit","potentialAction":[{"@type":"SearchAction","target":{"@type":"EntryPoint","urlTemplate":"https:\/\/ionn.com.br\/mellp\/?s={search_term_string}"},"query-input":{"@type":"PropertyValueSpecification","valueRequired":true,"valueName":"search_term_string"}}],"inLanguage":"pt-BR"},{"@type":"Organization","@id":"https:\/\/ionn.com.br\/mellp\/#organization","name":"Mell Petit","alternateName":"Mell Petit","url":"https:\/\/ionn.com.br\/mellp\/","logo":{"@type":"ImageObject","inLanguage":"pt-BR","@id":"https:\/\/ionn.com.br\/mellp\/#\/schema\/logo\/image\/","url":"https:\/\/ionn.com.br\/mellp\/wp-content\/uploads\/loja-virtual-roupas-de-bebe-recem-nascido-sao-paulo.webp","contentUrl":"https:\/\/ionn.com.br\/mellp\/wp-content\/uploads\/loja-virtual-roupas-de-bebe-recem-nascido-sao-paulo.webp","width":178,"height":117,"caption":"Mell Petit"},"image":{"@id":"https:\/\/ionn.com.br\/mellp\/#\/schema\/logo\/image\/"},"sameAs":["https:\/\/facebook.com\/mellpetit","https:\/\/instagram.com\/mellpetit"]}]}},"_links":{"self":[{"href":"https:\/\/ionn.com.br\/mellp\/wp-json\/wp\/v2\/product\/6700","targetHints":{"allow":["GET"]}}],"collection":[{"href":"https:\/\/ionn.com.br\/mellp\/wp-json\/wp\/v2\/product"}],"about":[{"href":"https:\/\/ionn.com.br\/mellp\/wp-json\/wp\/v2\/types\/product"}],"replies":[{"embeddable":true,"href":"https:\/\/ionn.com.br\/mellp\/wp-json\/wp\/v2\/comments?post=6700"}],"version-history":[{"count":3,"href":"https:\/\/ionn.com.br\/mellp\/wp-json\/wp\/v2\/product\/6700\/revisions"}],"predecessor-version":[{"id":7185,"href":"https:\/\/ionn.com.br\/mellp\/wp-json\/wp\/v2\/product\/6700\/revisions\/7185"}],"wp:featuredmedia":[{"embeddable":true,"href":"https:\/\/ionn.com.br\/mellp\/wp-json\/wp\/v2\/media\/6714"}],"wp:attachment":[{"href":"https:\/\/ionn.com.br\/mellp\/wp-json\/wp\/v2\/media?parent=6700"}],"wp:term":[{"taxonomy":"product_brand","embeddable":true,"href":"https:\/\/ionn.com.br\/mellp\/wp-json\/wp\/v2\/product_brand?post=6700"},{"taxonomy":"product_cat","embeddable":true,"href":"https:\/\/ionn.com.br\/mellp\/wp-json\/wp\/v2\/product_cat?post=6700"},{"taxonomy":"product_tag","embeddable":true,"href":"https:\/\/ionn.com.br\/mellp\/wp-json\/wp\/v2\/product_tag?post=6700"}],"curies":[{"name":"wp","href":"https:\/\/api.w.org\/{rel}","templated":true}]}}