{"id":6775,"date":"2024-07-04T00:35:22","date_gmt":"2024-07-04T03:35:22","guid":{"rendered":"https:\/\/ionn.com.br\/mellp\/?post_type=product&#038;p=6775"},"modified":"2024-07-04T02:31:30","modified_gmt":"2024-07-04T05:31:30","slug":"conjunto-isadora","status":"publish","type":"product","link":"https:\/\/ionn.com.br\/mellp\/produto\/conjunto-isadora\/","title":{"rendered":"Conjunto Isadora"},"content":{"rendered":"<p>Casaquinho em tricot com trama estilo rendado. Possui bot\u00f5es com abertura frontal<\/p>\n<p><strong>Composi\u00e7\u00e3o do Conjunto: <\/strong>Tricot antial\u00e9rgico 100% Acr\u00edlico<\/p>\n<p><img fetchpriority=\"high\" decoding=\"async\" class=\"alignnone wp-image-2938 \" src=\"https:\/\/ionn.com.br\/mellp\/wp-content\/uploads\/medidas-de-kit-pequena-e-recem-nascido-mell-petit.webp\" alt=\"medidas-de-kit-pequena-e-recem-nascido-mell-petit\" width=\"524\" height=\"288\" srcset=\"https:\/\/ionn.com.br\/mellp\/wp-content\/uploads\/medidas-de-kit-pequena-e-recem-nascido-mell-petit.webp 451w, https:\/\/ionn.com.br\/mellp\/wp-content\/uploads\/medidas-de-kit-pequena-e-recem-nascido-mell-petit-300x165.webp 300w, https:\/\/ionn.com.br\/mellp\/wp-content\/uploads\/medidas-de-kit-pequena-e-recem-nascido-mell-petit-150x82.webp 150w\" sizes=\"(max-width: 524px) 100vw, 524px\" \/><\/p>\n<p>&nbsp;<\/p>\n<h3>Medidas aproximadas do Cardigan RN:<\/h3>\n<table>\n<tbody>\n<tr>\n<td style=\"padding: 20px;\" width=\"50%\"><strong>Comprimento total: <\/strong><\/td>\n<td style=\"padding: 20px;\" width=\"50%\">22cm<\/td>\n<\/tr>\n<tr>\n<td style=\"padding: 20px;\" width=\"50%\"><strong>Corpo: <\/strong><\/td>\n<td style=\"padding: 20px;\" width=\"50%\">29cm<\/td>\n<\/tr>\n<\/tbody>\n<\/table>\n<p>&nbsp;<\/p>\n<hr \/>\n<h3>Caracter\u00edsticas da Salopete RN:<\/h3>\n<p>Salopete (macac\u00e3o cavado) coordenado com o casaquinho, possui abertura nas costas e entre as pernas para facilitar a troca do beb\u00ea.<\/p>\n<table>\n<tbody>\n<tr>\n<td style=\"padding: 20px;\" width=\"50%\"><strong>Comprimento total:<\/strong><\/td>\n<td style=\"padding: 20px;\" width=\"50%\">48cm<\/td>\n<\/tr>\n<tr>\n<td style=\"padding: 20px;\" width=\"50%\"><strong>Corpo:<\/strong><\/td>\n<td style=\"padding: 20px;\" width=\"50%\">29cm<\/td>\n<\/tr>\n<tr>\n<td style=\"padding: 20px;\" width=\"50%\"><strong>Largura:<\/strong><\/td>\n<td style=\"padding: 20px;\" width=\"50%\">25cm<\/td>\n<\/tr>\n<\/tbody>\n<\/table>\n<h3><strong>Tamanho RN atende: 0 a 1 m\u00eas; beb\u00ea 03 a 04 Kg; tamanho 46 a 48 cm &#8211; medidas aproximadas.<\/strong><\/h3>\n<p>&nbsp;<\/p>\n<hr \/>\n<h3>Cuidados com a pe\u00e7a:<\/h3>\n<ol>\n<li>Lavar delicadamente a m\u00e3o<\/li>\n<li>Utiliza sab\u00e3o neutro<\/li>\n<li>N\u00e3o utilizar alvejantes<\/li>\n<li>N\u00e3o torcer, apertar suavemente<\/li>\n<li>Secar \u00e0 sombra na horizontal<\/li>\n<li>N\u00e3o passar a ferro<\/li>\n<\/ol>\n<p>&nbsp;<\/p>\n<p>Pe\u00e7as de qualidade confeccionados em tricot artesanalmente, podendo apresentar pequenas varia\u00e7\u00f5es em tonalidade, costura e bordados.<br \/>\nA cor poder\u00e1 sofrer altera\u00e7\u00e3o dependendo da tela e resolu\u00e7\u00e3o em que est\u00e3o sendo visualizadas.<\/p>\n","protected":false},"excerpt":{"rendered":"<p>Conjunto de Casaquinho em tricot com trama estilo rendado e salopete coordenada com o casaquinho.<\/p>\n<p><strong>*** Aten\u00e7\u00e3o: Body e demais acess\u00f3rios vendidos separadamente***<\/strong><\/p>\n<hr \/>\n<div><\/div>\n<div>Itens inclusos:<\/div>\n<ul>\n<li>01 Casaquinho<\/li>\n<li>01 Salopete<\/li>\n<\/ul>\n<hr \/>\n","protected":false},"featured_media":6778,"comment_status":"open","ping_status":"closed","template":"","meta":[],"product_brand":[],"product_cat":[243,74],"product_tag":[217,306,305,185,232],"class_list":{"0":"post-6775","1":"product","2":"type-product","3":"status-publish","4":"has-post-thumbnail","6":"product_cat-conjunto-menina","7":"product_cat-conjuntos","8":"product_tag-casaquinho","9":"product_tag-macacao-cavado","10":"product_tag-macacao-sem-mangas","11":"product_tag-rose","12":"product_tag-salopete","14":"first","15":"instock","16":"taxable","17":"shipping-taxable","18":"purchasable","19":"product-type-variable"},"yoast_head":"<!-- This site is optimized with the Yoast SEO plugin v27.4 - https:\/\/yoast.com\/product\/yoast-seo-wordpress\/ -->\n<title>Conjunto Isadora &#8212; Mell Petit<\/title>\n<meta name=\"description\" content=\"Casaquinho em tricot com trama estilo rendado\u00a0 . Possui bot\u00f5es com abertura frontal. Salopete coordenada com o casaquinho\" \/>\n<meta name=\"robots\" content=\"index, follow, max-snippet:-1, max-image-preview:large, max-video-preview:-1\" \/>\n<link rel=\"canonical\" href=\"https:\/\/ionn.com.br\/mellp\/produto\/conjunto-isadora\/\" \/>\n<meta property=\"og:locale\" content=\"pt_BR\" \/>\n<meta property=\"og:type\" content=\"article\" \/>\n<meta property=\"og:title\" content=\"Conjunto Isadora &#8212; Mell Petit\" \/>\n<meta property=\"og:description\" content=\"Casaquinho em tricot com trama estilo rendado\u00a0 . Possui bot\u00f5es com abertura frontal. Salopete coordenada com o casaquinho\" \/>\n<meta property=\"og:url\" content=\"https:\/\/ionn.com.br\/mellp\/produto\/conjunto-isadora\/\" \/>\n<meta property=\"og:site_name\" content=\"Mell Petit\" \/>\n<meta property=\"article:publisher\" content=\"https:\/\/facebook.com\/mellpetit\" \/>\n<meta property=\"article:modified_time\" content=\"2024-07-04T05:31:30+00:00\" \/>\n<meta property=\"og:image\" content=\"https:\/\/ionn.com.br\/mellp\/wp-content\/uploads\/CONJUNTO-ISADORA-ROSE.webp\" \/>\n\t<meta property=\"og:image:width\" content=\"1024\" \/>\n\t<meta property=\"og:image:height\" content=\"1024\" \/>\n\t<meta property=\"og:image:type\" content=\"image\/webp\" \/>\n<meta name=\"twitter:card\" content=\"summary_large_image\" \/>\n<meta name=\"twitter:label1\" content=\"Est. tempo de leitura\" \/>\n\t<meta name=\"twitter:data1\" content=\"1 minuto\" \/>\n<script type=\"application\/ld+json\" class=\"yoast-schema-graph\">{\"@context\":\"https:\\\/\\\/schema.org\",\"@graph\":[{\"@type\":\"WebPage\",\"@id\":\"https:\\\/\\\/ionn.com.br\\\/mellp\\\/produto\\\/conjunto-isadora\\\/\",\"url\":\"https:\\\/\\\/ionn.com.br\\\/mellp\\\/produto\\\/conjunto-isadora\\\/\",\"name\":\"Conjunto Isadora &#8212; Mell Petit\",\"isPartOf\":{\"@id\":\"https:\\\/\\\/ionn.com.br\\\/mellp\\\/#website\"},\"primaryImageOfPage\":{\"@id\":\"https:\\\/\\\/ionn.com.br\\\/mellp\\\/produto\\\/conjunto-isadora\\\/#primaryimage\"},\"image\":{\"@id\":\"https:\\\/\\\/ionn.com.br\\\/mellp\\\/produto\\\/conjunto-isadora\\\/#primaryimage\"},\"thumbnailUrl\":\"https:\\\/\\\/ionn.com.br\\\/mellp\\\/wp-content\\\/uploads\\\/CONJUNTO-ISADORA-ROSE.webp\",\"datePublished\":\"2024-07-04T03:35:22+00:00\",\"dateModified\":\"2024-07-04T05:31:30+00:00\",\"description\":\"Casaquinho em tricot com trama estilo rendado\u00a0 . Possui bot\u00f5es com abertura frontal. Salopete coordenada com o casaquinho\",\"breadcrumb\":{\"@id\":\"https:\\\/\\\/ionn.com.br\\\/mellp\\\/produto\\\/conjunto-isadora\\\/#breadcrumb\"},\"inLanguage\":\"pt-BR\",\"potentialAction\":[{\"@type\":\"ReadAction\",\"target\":[\"https:\\\/\\\/ionn.com.br\\\/mellp\\\/produto\\\/conjunto-isadora\\\/\"]}]},{\"@type\":\"ImageObject\",\"inLanguage\":\"pt-BR\",\"@id\":\"https:\\\/\\\/ionn.com.br\\\/mellp\\\/produto\\\/conjunto-isadora\\\/#primaryimage\",\"url\":\"https:\\\/\\\/ionn.com.br\\\/mellp\\\/wp-content\\\/uploads\\\/CONJUNTO-ISADORA-ROSE.webp\",\"contentUrl\":\"https:\\\/\\\/ionn.com.br\\\/mellp\\\/wp-content\\\/uploads\\\/CONJUNTO-ISADORA-ROSE.webp\",\"width\":1024,\"height\":1024},{\"@type\":\"BreadcrumbList\",\"@id\":\"https:\\\/\\\/ionn.com.br\\\/mellp\\\/produto\\\/conjunto-isadora\\\/#breadcrumb\",\"itemListElement\":[{\"@type\":\"ListItem\",\"position\":1,\"name\":\"In\u00edcio\",\"item\":\"https:\\\/\\\/ionn.com.br\\\/mellp\\\/\"},{\"@type\":\"ListItem\",\"position\":2,\"name\":\"Produtos\",\"item\":\"https:\\\/\\\/ionn.com.br\\\/mellp\\\/shop\\\/\"},{\"@type\":\"ListItem\",\"position\":3,\"name\":\"Conjunto Isadora\"}]},{\"@type\":\"WebSite\",\"@id\":\"https:\\\/\\\/ionn.com.br\\\/mellp\\\/#website\",\"url\":\"https:\\\/\\\/ionn.com.br\\\/mellp\\\/\",\"name\":\"Mell Petit\",\"description\":\"Sa\u00eddas de maternidade\",\"publisher\":{\"@id\":\"https:\\\/\\\/ionn.com.br\\\/mellp\\\/#organization\"},\"alternateName\":\"Mell Petit\",\"potentialAction\":[{\"@type\":\"SearchAction\",\"target\":{\"@type\":\"EntryPoint\",\"urlTemplate\":\"https:\\\/\\\/ionn.com.br\\\/mellp\\\/?s={search_term_string}\"},\"query-input\":{\"@type\":\"PropertyValueSpecification\",\"valueRequired\":true,\"valueName\":\"search_term_string\"}}],\"inLanguage\":\"pt-BR\"},{\"@type\":\"Organization\",\"@id\":\"https:\\\/\\\/ionn.com.br\\\/mellp\\\/#organization\",\"name\":\"Mell Petit\",\"alternateName\":\"Mell Petit\",\"url\":\"https:\\\/\\\/ionn.com.br\\\/mellp\\\/\",\"logo\":{\"@type\":\"ImageObject\",\"inLanguage\":\"pt-BR\",\"@id\":\"https:\\\/\\\/ionn.com.br\\\/mellp\\\/#\\\/schema\\\/logo\\\/image\\\/\",\"url\":\"https:\\\/\\\/ionn.com.br\\\/mellp\\\/wp-content\\\/uploads\\\/loja-virtual-roupas-de-bebe-recem-nascido-sao-paulo.webp\",\"contentUrl\":\"https:\\\/\\\/ionn.com.br\\\/mellp\\\/wp-content\\\/uploads\\\/loja-virtual-roupas-de-bebe-recem-nascido-sao-paulo.webp\",\"width\":178,\"height\":117,\"caption\":\"Mell Petit\"},\"image\":{\"@id\":\"https:\\\/\\\/ionn.com.br\\\/mellp\\\/#\\\/schema\\\/logo\\\/image\\\/\"},\"sameAs\":[\"https:\\\/\\\/facebook.com\\\/mellpetit\",\"https:\\\/\\\/instagram.com\\\/mellpetit\"]}]}<\/script>\n<!-- \/ Yoast SEO plugin. -->","yoast_head_json":{"title":"Conjunto Isadora &#8212; Mell Petit","description":"Casaquinho em tricot com trama estilo rendado\u00a0 . Possui bot\u00f5es com abertura frontal. Salopete coordenada com o casaquinho","robots":{"index":"index","follow":"follow","max-snippet":"max-snippet:-1","max-image-preview":"max-image-preview:large","max-video-preview":"max-video-preview:-1"},"canonical":"https:\/\/ionn.com.br\/mellp\/produto\/conjunto-isadora\/","og_locale":"pt_BR","og_type":"article","og_title":"Conjunto Isadora &#8212; Mell Petit","og_description":"Casaquinho em tricot com trama estilo rendado\u00a0 . Possui bot\u00f5es com abertura frontal. Salopete coordenada com o casaquinho","og_url":"https:\/\/ionn.com.br\/mellp\/produto\/conjunto-isadora\/","og_site_name":"Mell Petit","article_publisher":"https:\/\/facebook.com\/mellpetit","article_modified_time":"2024-07-04T05:31:30+00:00","og_image":[{"width":1024,"height":1024,"url":"https:\/\/ionn.com.br\/mellp\/wp-content\/uploads\/CONJUNTO-ISADORA-ROSE.webp","type":"image\/webp"}],"twitter_card":"summary_large_image","twitter_misc":{"Est. tempo de leitura":"1 minuto"},"schema":{"@context":"https:\/\/schema.org","@graph":[{"@type":"WebPage","@id":"https:\/\/ionn.com.br\/mellp\/produto\/conjunto-isadora\/","url":"https:\/\/ionn.com.br\/mellp\/produto\/conjunto-isadora\/","name":"Conjunto Isadora &#8212; Mell Petit","isPartOf":{"@id":"https:\/\/ionn.com.br\/mellp\/#website"},"primaryImageOfPage":{"@id":"https:\/\/ionn.com.br\/mellp\/produto\/conjunto-isadora\/#primaryimage"},"image":{"@id":"https:\/\/ionn.com.br\/mellp\/produto\/conjunto-isadora\/#primaryimage"},"thumbnailUrl":"https:\/\/ionn.com.br\/mellp\/wp-content\/uploads\/CONJUNTO-ISADORA-ROSE.webp","datePublished":"2024-07-04T03:35:22+00:00","dateModified":"2024-07-04T05:31:30+00:00","description":"Casaquinho em tricot com trama estilo rendado\u00a0 . Possui bot\u00f5es com abertura frontal. Salopete coordenada com o casaquinho","breadcrumb":{"@id":"https:\/\/ionn.com.br\/mellp\/produto\/conjunto-isadora\/#breadcrumb"},"inLanguage":"pt-BR","potentialAction":[{"@type":"ReadAction","target":["https:\/\/ionn.com.br\/mellp\/produto\/conjunto-isadora\/"]}]},{"@type":"ImageObject","inLanguage":"pt-BR","@id":"https:\/\/ionn.com.br\/mellp\/produto\/conjunto-isadora\/#primaryimage","url":"https:\/\/ionn.com.br\/mellp\/wp-content\/uploads\/CONJUNTO-ISADORA-ROSE.webp","contentUrl":"https:\/\/ionn.com.br\/mellp\/wp-content\/uploads\/CONJUNTO-ISADORA-ROSE.webp","width":1024,"height":1024},{"@type":"BreadcrumbList","@id":"https:\/\/ionn.com.br\/mellp\/produto\/conjunto-isadora\/#breadcrumb","itemListElement":[{"@type":"ListItem","position":1,"name":"In\u00edcio","item":"https:\/\/ionn.com.br\/mellp\/"},{"@type":"ListItem","position":2,"name":"Produtos","item":"https:\/\/ionn.com.br\/mellp\/shop\/"},{"@type":"ListItem","position":3,"name":"Conjunto Isadora"}]},{"@type":"WebSite","@id":"https:\/\/ionn.com.br\/mellp\/#website","url":"https:\/\/ionn.com.br\/mellp\/","name":"Mell Petit","description":"Sa\u00eddas de maternidade","publisher":{"@id":"https:\/\/ionn.com.br\/mellp\/#organization"},"alternateName":"Mell Petit","potentialAction":[{"@type":"SearchAction","target":{"@type":"EntryPoint","urlTemplate":"https:\/\/ionn.com.br\/mellp\/?s={search_term_string}"},"query-input":{"@type":"PropertyValueSpecification","valueRequired":true,"valueName":"search_term_string"}}],"inLanguage":"pt-BR"},{"@type":"Organization","@id":"https:\/\/ionn.com.br\/mellp\/#organization","name":"Mell Petit","alternateName":"Mell Petit","url":"https:\/\/ionn.com.br\/mellp\/","logo":{"@type":"ImageObject","inLanguage":"pt-BR","@id":"https:\/\/ionn.com.br\/mellp\/#\/schema\/logo\/image\/","url":"https:\/\/ionn.com.br\/mellp\/wp-content\/uploads\/loja-virtual-roupas-de-bebe-recem-nascido-sao-paulo.webp","contentUrl":"https:\/\/ionn.com.br\/mellp\/wp-content\/uploads\/loja-virtual-roupas-de-bebe-recem-nascido-sao-paulo.webp","width":178,"height":117,"caption":"Mell Petit"},"image":{"@id":"https:\/\/ionn.com.br\/mellp\/#\/schema\/logo\/image\/"},"sameAs":["https:\/\/facebook.com\/mellpetit","https:\/\/instagram.com\/mellpetit"]}]}},"_links":{"self":[{"href":"https:\/\/ionn.com.br\/mellp\/wp-json\/wp\/v2\/product\/6775","targetHints":{"allow":["GET"]}}],"collection":[{"href":"https:\/\/ionn.com.br\/mellp\/wp-json\/wp\/v2\/product"}],"about":[{"href":"https:\/\/ionn.com.br\/mellp\/wp-json\/wp\/v2\/types\/product"}],"replies":[{"embeddable":true,"href":"https:\/\/ionn.com.br\/mellp\/wp-json\/wp\/v2\/comments?post=6775"}],"version-history":[{"count":2,"href":"https:\/\/ionn.com.br\/mellp\/wp-json\/wp\/v2\/product\/6775\/revisions"}],"predecessor-version":[{"id":6782,"href":"https:\/\/ionn.com.br\/mellp\/wp-json\/wp\/v2\/product\/6775\/revisions\/6782"}],"wp:featuredmedia":[{"embeddable":true,"href":"https:\/\/ionn.com.br\/mellp\/wp-json\/wp\/v2\/media\/6778"}],"wp:attachment":[{"href":"https:\/\/ionn.com.br\/mellp\/wp-json\/wp\/v2\/media?parent=6775"}],"wp:term":[{"taxonomy":"product_brand","embeddable":true,"href":"https:\/\/ionn.com.br\/mellp\/wp-json\/wp\/v2\/product_brand?post=6775"},{"taxonomy":"product_cat","embeddable":true,"href":"https:\/\/ionn.com.br\/mellp\/wp-json\/wp\/v2\/product_cat?post=6775"},{"taxonomy":"product_tag","embeddable":true,"href":"https:\/\/ionn.com.br\/mellp\/wp-json\/wp\/v2\/product_tag?post=6775"}],"curies":[{"name":"wp","href":"https:\/\/api.w.org\/{rel}","templated":true}]}}