{"id":6824,"date":"2024-07-04T03:06:35","date_gmt":"2024-07-04T06:06:35","guid":{"rendered":"https:\/\/ionn.com.br\/mellp\/?post_type=product&#038;p=6824"},"modified":"2026-01-21T23:05:34","modified_gmt":"2026-01-22T02:05:34","slug":"cardigan-petit-rosa-bebe","status":"publish","type":"product","link":"https:\/\/ionn.com.br\/mellp\/produto\/cardigan-petit-rosa-bebe\/","title":{"rendered":"Cardigan Petit &#8211; Rosa beb\u00ea"},"content":{"rendered":"<p>Cardigan com abertura frontal em tricot com trama trabalhada com aplique de mini p\u00e9rolas.<\/p>\n<p><strong>Composi\u00e7\u00e3o : <\/strong>tricot antial\u00e9rgico 50% algod\u00e3o 50%acr\u00edlico.<\/p>\n<p><img fetchpriority=\"high\" decoding=\"async\" class=\"alignnone wp-image-6792\" src=\"https:\/\/ionn.com.br\/mellp\/wp-content\/uploads\/Casaquinho-300x144.jpg\" alt=\"\" width=\"433\" height=\"208\" srcset=\"https:\/\/ionn.com.br\/mellp\/wp-content\/uploads\/Casaquinho-300x144.jpg 300w, https:\/\/ionn.com.br\/mellp\/wp-content\/uploads\/Casaquinho-1024x491.jpg 1024w, https:\/\/ionn.com.br\/mellp\/wp-content\/uploads\/Casaquinho-150x72.jpg 150w, https:\/\/ionn.com.br\/mellp\/wp-content\/uploads\/Casaquinho-768x368.jpg 768w, https:\/\/ionn.com.br\/mellp\/wp-content\/uploads\/Casaquinho-600x288.jpg 600w, https:\/\/ionn.com.br\/mellp\/wp-content\/uploads\/Casaquinho.jpg 1465w\" sizes=\"(max-width: 433px) 100vw, 433px\" \/><\/p>\n<h3>Medidas aproximadas do Cardigan P:<\/h3>\n<table style=\"height: 94px;\" width=\"459\">\n<tbody>\n<tr>\n<td width=\"50%\"><strong>Comprimento total:<\/strong><\/td>\n<td width=\"50%\">25cm<\/td>\n<\/tr>\n<tr>\n<td width=\"50%\"><strong>Corpo:<\/strong><\/td>\n<td width=\"50%\">25cm<\/td>\n<\/tr>\n<\/tbody>\n<\/table>\n<hr \/>\n<p><strong>Tamanho P atende: 0 a 3 meses ; beb\u00ea de 04 a 6 Kg .<\/strong><\/p>\n<p>&nbsp;<\/p>\n<hr \/>\n<h3>Cuidados com a pe\u00e7a:<\/h3>\n<ol>\n<li>Lavar delicadamente a m\u00e3o<\/li>\n<li>Utiliza sab\u00e3o neutro<\/li>\n<li>N\u00e3o utilizar alvejantes<\/li>\n<li>N\u00e3o torcer, apertar suavemente<\/li>\n<li>Secar \u00e0 sombra na horizontal<\/li>\n<li>N\u00e3o passar a ferro<\/li>\n<\/ol>\n<p>&nbsp;<\/p>\n<p>Pe\u00e7as de qualidade confeccionados em tricot artesanalmente, podendo apresentar pequenas varia\u00e7\u00f5es em tonalidade, costura e bordados.<br \/>\nA cor poder\u00e1 sofrer altera\u00e7\u00e3o dependendo da tela e resolu\u00e7\u00e3o em que est\u00e3o sendo visualizadas.<\/p>\n","protected":false},"excerpt":{"rendered":"<p>Cardigan com abertura frontal em tricot com trama trabalhada, aplique de mini p\u00e9rolas e barrado drapeado.<\/p>\n<p>&nbsp;<\/p>\n<p><strong>*** Aten\u00e7\u00e3o: Body e demais acess\u00f3rios vendidos separadamente***<\/strong><\/p>\n<hr \/>\n<div><\/div>\n<div>Itens inclusos:<\/div>\n<ul>\n<li>01 Casaquinho ( Cardigan)<\/li>\n<\/ul>\n<hr \/>\n","protected":false},"featured_media":6826,"comment_status":"open","ping_status":"closed","template":"","meta":[],"product_brand":[],"product_cat":[75,322],"product_tag":[323,229,217],"class_list":{"0":"post-6824","1":"product","2":"type-product","3":"status-publish","4":"has-post-thumbnail","6":"product_cat-casacos","7":"product_cat-casacos-menina","8":"product_tag-blusinha","9":"product_tag-cardigan","10":"product_tag-casaquinho","12":"first","13":"instock","14":"taxable","15":"shipping-taxable","16":"purchasable","17":"product-type-variable"},"yoast_head":"<!-- This site is optimized with the Yoast SEO plugin v27.4 - https:\/\/yoast.com\/product\/yoast-seo-wordpress\/ -->\n<title>Cardigan Petit - Rosa beb\u00ea &#8212; Mell Petit<\/title>\n<meta name=\"description\" content=\"Cardigan com abertura frontal em tricot com trama trabalhada com aplique de mini p\u00e9rolas.\u00a0\" \/>\n<meta name=\"robots\" content=\"index, follow, max-snippet:-1, max-image-preview:large, max-video-preview:-1\" \/>\n<link rel=\"canonical\" href=\"https:\/\/ionn.com.br\/mellp\/produto\/cardigan-petit-rosa-bebe\/\" \/>\n<meta property=\"og:locale\" content=\"pt_BR\" \/>\n<meta property=\"og:type\" content=\"article\" \/>\n<meta property=\"og:title\" content=\"Cardigan Petit - Rosa beb\u00ea &#8212; Mell Petit\" \/>\n<meta property=\"og:description\" content=\"Cardigan com abertura frontal em tricot com trama trabalhada com aplique de mini p\u00e9rolas.\u00a0\" \/>\n<meta property=\"og:url\" content=\"https:\/\/ionn.com.br\/mellp\/produto\/cardigan-petit-rosa-bebe\/\" \/>\n<meta property=\"og:site_name\" content=\"Mell Petit\" \/>\n<meta property=\"article:publisher\" content=\"https:\/\/facebook.com\/mellpetit\" \/>\n<meta property=\"article:modified_time\" content=\"2026-01-22T02:05:34+00:00\" \/>\n<meta property=\"og:image\" content=\"https:\/\/ionn.com.br\/mellp\/wp-content\/uploads\/CARDIGAN-PETIT-ROSA-1.webp\" \/>\n\t<meta property=\"og:image:width\" content=\"1024\" \/>\n\t<meta property=\"og:image:height\" content=\"1024\" \/>\n\t<meta property=\"og:image:type\" content=\"image\/webp\" \/>\n<meta name=\"twitter:card\" content=\"summary_large_image\" \/>\n<meta name=\"twitter:label1\" content=\"Est. tempo de leitura\" \/>\n\t<meta name=\"twitter:data1\" content=\"1 minuto\" \/>\n<script type=\"application\/ld+json\" class=\"yoast-schema-graph\">{\"@context\":\"https:\\\/\\\/schema.org\",\"@graph\":[{\"@type\":\"WebPage\",\"@id\":\"https:\\\/\\\/ionn.com.br\\\/mellp\\\/produto\\\/cardigan-petit-rosa-bebe\\\/\",\"url\":\"https:\\\/\\\/ionn.com.br\\\/mellp\\\/produto\\\/cardigan-petit-rosa-bebe\\\/\",\"name\":\"Cardigan Petit - Rosa beb\u00ea &#8212; Mell Petit\",\"isPartOf\":{\"@id\":\"https:\\\/\\\/ionn.com.br\\\/mellp\\\/#website\"},\"primaryImageOfPage\":{\"@id\":\"https:\\\/\\\/ionn.com.br\\\/mellp\\\/produto\\\/cardigan-petit-rosa-bebe\\\/#primaryimage\"},\"image\":{\"@id\":\"https:\\\/\\\/ionn.com.br\\\/mellp\\\/produto\\\/cardigan-petit-rosa-bebe\\\/#primaryimage\"},\"thumbnailUrl\":\"https:\\\/\\\/ionn.com.br\\\/mellp\\\/wp-content\\\/uploads\\\/CARDIGAN-PETIT-ROSA-1.webp\",\"datePublished\":\"2024-07-04T06:06:35+00:00\",\"dateModified\":\"2026-01-22T02:05:34+00:00\",\"description\":\"Cardigan com abertura frontal em tricot com trama trabalhada com aplique de mini p\u00e9rolas.\u00a0\",\"breadcrumb\":{\"@id\":\"https:\\\/\\\/ionn.com.br\\\/mellp\\\/produto\\\/cardigan-petit-rosa-bebe\\\/#breadcrumb\"},\"inLanguage\":\"pt-BR\",\"potentialAction\":[{\"@type\":\"ReadAction\",\"target\":[\"https:\\\/\\\/ionn.com.br\\\/mellp\\\/produto\\\/cardigan-petit-rosa-bebe\\\/\"]}]},{\"@type\":\"ImageObject\",\"inLanguage\":\"pt-BR\",\"@id\":\"https:\\\/\\\/ionn.com.br\\\/mellp\\\/produto\\\/cardigan-petit-rosa-bebe\\\/#primaryimage\",\"url\":\"https:\\\/\\\/ionn.com.br\\\/mellp\\\/wp-content\\\/uploads\\\/CARDIGAN-PETIT-ROSA-1.webp\",\"contentUrl\":\"https:\\\/\\\/ionn.com.br\\\/mellp\\\/wp-content\\\/uploads\\\/CARDIGAN-PETIT-ROSA-1.webp\",\"width\":1024,\"height\":1024},{\"@type\":\"BreadcrumbList\",\"@id\":\"https:\\\/\\\/ionn.com.br\\\/mellp\\\/produto\\\/cardigan-petit-rosa-bebe\\\/#breadcrumb\",\"itemListElement\":[{\"@type\":\"ListItem\",\"position\":1,\"name\":\"In\u00edcio\",\"item\":\"https:\\\/\\\/ionn.com.br\\\/mellp\\\/\"},{\"@type\":\"ListItem\",\"position\":2,\"name\":\"Produtos\",\"item\":\"https:\\\/\\\/ionn.com.br\\\/mellp\\\/shop\\\/\"},{\"@type\":\"ListItem\",\"position\":3,\"name\":\"Cardigan Petit &#8211; Rosa beb\u00ea\"}]},{\"@type\":\"WebSite\",\"@id\":\"https:\\\/\\\/ionn.com.br\\\/mellp\\\/#website\",\"url\":\"https:\\\/\\\/ionn.com.br\\\/mellp\\\/\",\"name\":\"Mell Petit\",\"description\":\"Sa\u00eddas de maternidade\",\"publisher\":{\"@id\":\"https:\\\/\\\/ionn.com.br\\\/mellp\\\/#organization\"},\"alternateName\":\"Mell Petit\",\"potentialAction\":[{\"@type\":\"SearchAction\",\"target\":{\"@type\":\"EntryPoint\",\"urlTemplate\":\"https:\\\/\\\/ionn.com.br\\\/mellp\\\/?s={search_term_string}\"},\"query-input\":{\"@type\":\"PropertyValueSpecification\",\"valueRequired\":true,\"valueName\":\"search_term_string\"}}],\"inLanguage\":\"pt-BR\"},{\"@type\":\"Organization\",\"@id\":\"https:\\\/\\\/ionn.com.br\\\/mellp\\\/#organization\",\"name\":\"Mell Petit\",\"alternateName\":\"Mell Petit\",\"url\":\"https:\\\/\\\/ionn.com.br\\\/mellp\\\/\",\"logo\":{\"@type\":\"ImageObject\",\"inLanguage\":\"pt-BR\",\"@id\":\"https:\\\/\\\/ionn.com.br\\\/mellp\\\/#\\\/schema\\\/logo\\\/image\\\/\",\"url\":\"https:\\\/\\\/ionn.com.br\\\/mellp\\\/wp-content\\\/uploads\\\/loja-virtual-roupas-de-bebe-recem-nascido-sao-paulo.webp\",\"contentUrl\":\"https:\\\/\\\/ionn.com.br\\\/mellp\\\/wp-content\\\/uploads\\\/loja-virtual-roupas-de-bebe-recem-nascido-sao-paulo.webp\",\"width\":178,\"height\":117,\"caption\":\"Mell Petit\"},\"image\":{\"@id\":\"https:\\\/\\\/ionn.com.br\\\/mellp\\\/#\\\/schema\\\/logo\\\/image\\\/\"},\"sameAs\":[\"https:\\\/\\\/facebook.com\\\/mellpetit\",\"https:\\\/\\\/instagram.com\\\/mellpetit\"]}]}<\/script>\n<!-- \/ Yoast SEO plugin. -->","yoast_head_json":{"title":"Cardigan Petit - Rosa beb\u00ea &#8212; Mell Petit","description":"Cardigan com abertura frontal em tricot com trama trabalhada com aplique de mini p\u00e9rolas.\u00a0","robots":{"index":"index","follow":"follow","max-snippet":"max-snippet:-1","max-image-preview":"max-image-preview:large","max-video-preview":"max-video-preview:-1"},"canonical":"https:\/\/ionn.com.br\/mellp\/produto\/cardigan-petit-rosa-bebe\/","og_locale":"pt_BR","og_type":"article","og_title":"Cardigan Petit - Rosa beb\u00ea &#8212; Mell Petit","og_description":"Cardigan com abertura frontal em tricot com trama trabalhada com aplique de mini p\u00e9rolas.\u00a0","og_url":"https:\/\/ionn.com.br\/mellp\/produto\/cardigan-petit-rosa-bebe\/","og_site_name":"Mell Petit","article_publisher":"https:\/\/facebook.com\/mellpetit","article_modified_time":"2026-01-22T02:05:34+00:00","og_image":[{"width":1024,"height":1024,"url":"https:\/\/ionn.com.br\/mellp\/wp-content\/uploads\/CARDIGAN-PETIT-ROSA-1.webp","type":"image\/webp"}],"twitter_card":"summary_large_image","twitter_misc":{"Est. tempo de leitura":"1 minuto"},"schema":{"@context":"https:\/\/schema.org","@graph":[{"@type":"WebPage","@id":"https:\/\/ionn.com.br\/mellp\/produto\/cardigan-petit-rosa-bebe\/","url":"https:\/\/ionn.com.br\/mellp\/produto\/cardigan-petit-rosa-bebe\/","name":"Cardigan Petit - Rosa beb\u00ea &#8212; Mell Petit","isPartOf":{"@id":"https:\/\/ionn.com.br\/mellp\/#website"},"primaryImageOfPage":{"@id":"https:\/\/ionn.com.br\/mellp\/produto\/cardigan-petit-rosa-bebe\/#primaryimage"},"image":{"@id":"https:\/\/ionn.com.br\/mellp\/produto\/cardigan-petit-rosa-bebe\/#primaryimage"},"thumbnailUrl":"https:\/\/ionn.com.br\/mellp\/wp-content\/uploads\/CARDIGAN-PETIT-ROSA-1.webp","datePublished":"2024-07-04T06:06:35+00:00","dateModified":"2026-01-22T02:05:34+00:00","description":"Cardigan com abertura frontal em tricot com trama trabalhada com aplique de mini p\u00e9rolas.\u00a0","breadcrumb":{"@id":"https:\/\/ionn.com.br\/mellp\/produto\/cardigan-petit-rosa-bebe\/#breadcrumb"},"inLanguage":"pt-BR","potentialAction":[{"@type":"ReadAction","target":["https:\/\/ionn.com.br\/mellp\/produto\/cardigan-petit-rosa-bebe\/"]}]},{"@type":"ImageObject","inLanguage":"pt-BR","@id":"https:\/\/ionn.com.br\/mellp\/produto\/cardigan-petit-rosa-bebe\/#primaryimage","url":"https:\/\/ionn.com.br\/mellp\/wp-content\/uploads\/CARDIGAN-PETIT-ROSA-1.webp","contentUrl":"https:\/\/ionn.com.br\/mellp\/wp-content\/uploads\/CARDIGAN-PETIT-ROSA-1.webp","width":1024,"height":1024},{"@type":"BreadcrumbList","@id":"https:\/\/ionn.com.br\/mellp\/produto\/cardigan-petit-rosa-bebe\/#breadcrumb","itemListElement":[{"@type":"ListItem","position":1,"name":"In\u00edcio","item":"https:\/\/ionn.com.br\/mellp\/"},{"@type":"ListItem","position":2,"name":"Produtos","item":"https:\/\/ionn.com.br\/mellp\/shop\/"},{"@type":"ListItem","position":3,"name":"Cardigan Petit &#8211; Rosa beb\u00ea"}]},{"@type":"WebSite","@id":"https:\/\/ionn.com.br\/mellp\/#website","url":"https:\/\/ionn.com.br\/mellp\/","name":"Mell Petit","description":"Sa\u00eddas de maternidade","publisher":{"@id":"https:\/\/ionn.com.br\/mellp\/#organization"},"alternateName":"Mell Petit","potentialAction":[{"@type":"SearchAction","target":{"@type":"EntryPoint","urlTemplate":"https:\/\/ionn.com.br\/mellp\/?s={search_term_string}"},"query-input":{"@type":"PropertyValueSpecification","valueRequired":true,"valueName":"search_term_string"}}],"inLanguage":"pt-BR"},{"@type":"Organization","@id":"https:\/\/ionn.com.br\/mellp\/#organization","name":"Mell Petit","alternateName":"Mell Petit","url":"https:\/\/ionn.com.br\/mellp\/","logo":{"@type":"ImageObject","inLanguage":"pt-BR","@id":"https:\/\/ionn.com.br\/mellp\/#\/schema\/logo\/image\/","url":"https:\/\/ionn.com.br\/mellp\/wp-content\/uploads\/loja-virtual-roupas-de-bebe-recem-nascido-sao-paulo.webp","contentUrl":"https:\/\/ionn.com.br\/mellp\/wp-content\/uploads\/loja-virtual-roupas-de-bebe-recem-nascido-sao-paulo.webp","width":178,"height":117,"caption":"Mell Petit"},"image":{"@id":"https:\/\/ionn.com.br\/mellp\/#\/schema\/logo\/image\/"},"sameAs":["https:\/\/facebook.com\/mellpetit","https:\/\/instagram.com\/mellpetit"]}]}},"_links":{"self":[{"href":"https:\/\/ionn.com.br\/mellp\/wp-json\/wp\/v2\/product\/6824","targetHints":{"allow":["GET"]}}],"collection":[{"href":"https:\/\/ionn.com.br\/mellp\/wp-json\/wp\/v2\/product"}],"about":[{"href":"https:\/\/ionn.com.br\/mellp\/wp-json\/wp\/v2\/types\/product"}],"replies":[{"embeddable":true,"href":"https:\/\/ionn.com.br\/mellp\/wp-json\/wp\/v2\/comments?post=6824"}],"version-history":[{"count":1,"href":"https:\/\/ionn.com.br\/mellp\/wp-json\/wp\/v2\/product\/6824\/revisions"}],"predecessor-version":[{"id":6829,"href":"https:\/\/ionn.com.br\/mellp\/wp-json\/wp\/v2\/product\/6824\/revisions\/6829"}],"wp:featuredmedia":[{"embeddable":true,"href":"https:\/\/ionn.com.br\/mellp\/wp-json\/wp\/v2\/media\/6826"}],"wp:attachment":[{"href":"https:\/\/ionn.com.br\/mellp\/wp-json\/wp\/v2\/media?parent=6824"}],"wp:term":[{"taxonomy":"product_brand","embeddable":true,"href":"https:\/\/ionn.com.br\/mellp\/wp-json\/wp\/v2\/product_brand?post=6824"},{"taxonomy":"product_cat","embeddable":true,"href":"https:\/\/ionn.com.br\/mellp\/wp-json\/wp\/v2\/product_cat?post=6824"},{"taxonomy":"product_tag","embeddable":true,"href":"https:\/\/ionn.com.br\/mellp\/wp-json\/wp\/v2\/product_tag?post=6824"}],"curies":[{"name":"wp","href":"https:\/\/api.w.org\/{rel}","templated":true}]}}