{"id":7804,"date":"2026-02-01T21:41:33","date_gmt":"2026-02-02T00:41:33","guid":{"rendered":"https:\/\/ionn.com.br\/mellp\/?post_type=product&#038;p=7804"},"modified":"2026-03-26T02:01:13","modified_gmt":"2026-03-26T05:01:13","slug":"kit-gorro-e-luvinhas","status":"publish","type":"product","link":"https:\/\/ionn.com.br\/mellp\/produto\/kit-gorro-e-luvinhas\/","title":{"rendered":"Kit Gorro e Luvinhas"},"content":{"rendered":"<p>Pontos a destacar: O kit de gorro e luvinhas \u00e9 ideal para manter o beb\u00ea aquecido, mantendo ouvidos e m\u00e3os protegidas.<\/p>\n<p><strong>Cuidados com a pe\u00e7a:<\/strong><\/p>\n<ol>\n<li>Lavar delicadamente a m\u00e3o<\/li>\n<li>Utilizar sab\u00e3o neutro<\/li>\n<li>N\u00e3o utilizar alvejantes<\/li>\n<li>N\u00e3o misturar com roupas coloridas<\/li>\n<li>Centrifugar com saco apropriado para lavagem<\/li>\n<li>Secar \u00e0 sombra<\/li>\n<li>Passar a ferro com temperatura branda apropriada para tecido em algod\u00e3o<\/li>\n<\/ol>\n<p>&nbsp;<\/p>\n<p>Produtos de qualidade confeccionados artesanalmente, podendo apresentar varia\u00e7\u00f5es em tonalidade, costura e bordados.<\/p>\n","protected":false},"excerpt":{"rendered":"<p>Gorro trabalhado em tricot trama links sem costura<br \/>\nLuvinhas em tricot trama\u00a0 igual ao do gorro, sem costura.<\/p>\n<p>Tricot antial\u00e9rgico 50% algod\u00e3o 50% acr\u00edlico.<\/p>\n<p>&nbsp;<\/p>\n","protected":false},"featured_media":7814,"comment_status":"open","ping_status":"closed","template":"","meta":[],"product_brand":[],"product_cat":[368,82,77,81,66,70],"product_tag":[173,172,171,259,278,159,161,179,276,162,275,274,186,191,187,260],"class_list":{"0":"post-7804","1":"product","2":"type-product","3":"status-publish","4":"has-post-thumbnail","6":"product_cat-gorro-e-luvinhas","7":"product_cat-gorros","8":"product_cat-kit","9":"product_cat-luvas","10":"product_cat-luvinhas-menino","11":"product_cat-produtos","12":"product_tag-azul","13":"product_tag-azul-escuro","14":"product_tag-azul-marinho","15":"product_tag-bordo","16":"product_tag-jeans","17":"product_tag-kit-de-touca-e-luvas","18":"product_tag-kit-touca-e-luvinhas","19":"product_tag-lavanda","20":"product_tag-roquinha","21":"product_tag-toca","22":"product_tag-toquinha","23":"product_tag-touca","24":"product_tag-verde","25":"product_tag-verde-escuro","26":"product_tag-vermelho","27":"product_tag-vermelho-escuro","29":"first","30":"instock","31":"taxable","32":"shipping-taxable","33":"purchasable","34":"product-type-variable"},"yoast_head":"<!-- This site is optimized with the Yoast SEO plugin v27.4 - https:\/\/yoast.com\/product\/yoast-seo-wordpress\/ -->\n<title>Kit Gorro e Luvinhas &#8212; Mell Petit<\/title>\n<meta name=\"description\" content=\"O kit de touca e luvinhas \u00e9 ideal para manter o beb\u00ea aquecido, mantendo ouvidos e m\u00e3os protegidas.\" \/>\n<meta name=\"robots\" content=\"index, follow, max-snippet:-1, max-image-preview:large, max-video-preview:-1\" \/>\n<link rel=\"canonical\" href=\"https:\/\/ionn.com.br\/mellp\/produto\/kit-gorro-e-luvinhas\/\" \/>\n<meta property=\"og:locale\" content=\"pt_BR\" \/>\n<meta property=\"og:type\" content=\"article\" \/>\n<meta property=\"og:title\" content=\"Kit Gorro e Luvinhas &#8212; Mell Petit\" \/>\n<meta property=\"og:description\" content=\"O kit de touca e luvinhas \u00e9 ideal para manter o beb\u00ea aquecido, mantendo ouvidos e m\u00e3os protegidas.\" \/>\n<meta property=\"og:url\" content=\"https:\/\/ionn.com.br\/mellp\/produto\/kit-gorro-e-luvinhas\/\" \/>\n<meta property=\"og:site_name\" content=\"Mell Petit\" \/>\n<meta property=\"article:publisher\" content=\"https:\/\/facebook.com\/mellpetit\" \/>\n<meta property=\"article:modified_time\" content=\"2026-03-26T05:01:13+00:00\" \/>\n<meta property=\"og:image\" content=\"https:\/\/ionn.com.br\/mellp\/wp-content\/uploads\/KIT-GORRO-E-LUVINHAS-AZUL-MARINHO.webp\" \/>\n\t<meta property=\"og:image:width\" content=\"1024\" \/>\n\t<meta property=\"og:image:height\" content=\"1024\" \/>\n\t<meta property=\"og:image:type\" content=\"image\/webp\" \/>\n<meta name=\"twitter:card\" content=\"summary_large_image\" \/>\n<meta name=\"twitter:label1\" content=\"Est. tempo de leitura\" \/>\n\t<meta name=\"twitter:data1\" content=\"1 minuto\" \/>\n<script type=\"application\/ld+json\" class=\"yoast-schema-graph\">{\"@context\":\"https:\\\/\\\/schema.org\",\"@graph\":[{\"@type\":\"WebPage\",\"@id\":\"https:\\\/\\\/ionn.com.br\\\/mellp\\\/produto\\\/kit-gorro-e-luvinhas\\\/\",\"url\":\"https:\\\/\\\/ionn.com.br\\\/mellp\\\/produto\\\/kit-gorro-e-luvinhas\\\/\",\"name\":\"Kit Gorro e Luvinhas &#8212; Mell Petit\",\"isPartOf\":{\"@id\":\"https:\\\/\\\/ionn.com.br\\\/mellp\\\/#website\"},\"primaryImageOfPage\":{\"@id\":\"https:\\\/\\\/ionn.com.br\\\/mellp\\\/produto\\\/kit-gorro-e-luvinhas\\\/#primaryimage\"},\"image\":{\"@id\":\"https:\\\/\\\/ionn.com.br\\\/mellp\\\/produto\\\/kit-gorro-e-luvinhas\\\/#primaryimage\"},\"thumbnailUrl\":\"https:\\\/\\\/ionn.com.br\\\/mellp\\\/wp-content\\\/uploads\\\/KIT-GORRO-E-LUVINHAS-AZUL-MARINHO.webp\",\"datePublished\":\"2026-02-02T00:41:33+00:00\",\"dateModified\":\"2026-03-26T05:01:13+00:00\",\"description\":\"O kit de touca e luvinhas \u00e9 ideal para manter o beb\u00ea aquecido, mantendo ouvidos e m\u00e3os protegidas.\",\"breadcrumb\":{\"@id\":\"https:\\\/\\\/ionn.com.br\\\/mellp\\\/produto\\\/kit-gorro-e-luvinhas\\\/#breadcrumb\"},\"inLanguage\":\"pt-BR\",\"potentialAction\":[{\"@type\":\"ReadAction\",\"target\":[\"https:\\\/\\\/ionn.com.br\\\/mellp\\\/produto\\\/kit-gorro-e-luvinhas\\\/\"]}]},{\"@type\":\"ImageObject\",\"inLanguage\":\"pt-BR\",\"@id\":\"https:\\\/\\\/ionn.com.br\\\/mellp\\\/produto\\\/kit-gorro-e-luvinhas\\\/#primaryimage\",\"url\":\"https:\\\/\\\/ionn.com.br\\\/mellp\\\/wp-content\\\/uploads\\\/KIT-GORRO-E-LUVINHAS-AZUL-MARINHO.webp\",\"contentUrl\":\"https:\\\/\\\/ionn.com.br\\\/mellp\\\/wp-content\\\/uploads\\\/KIT-GORRO-E-LUVINHAS-AZUL-MARINHO.webp\",\"width\":1024,\"height\":1024},{\"@type\":\"BreadcrumbList\",\"@id\":\"https:\\\/\\\/ionn.com.br\\\/mellp\\\/produto\\\/kit-gorro-e-luvinhas\\\/#breadcrumb\",\"itemListElement\":[{\"@type\":\"ListItem\",\"position\":1,\"name\":\"In\u00edcio\",\"item\":\"https:\\\/\\\/ionn.com.br\\\/mellp\\\/\"},{\"@type\":\"ListItem\",\"position\":2,\"name\":\"Produtos\",\"item\":\"https:\\\/\\\/ionn.com.br\\\/mellp\\\/shop\\\/\"},{\"@type\":\"ListItem\",\"position\":3,\"name\":\"Kit Gorro e Luvinhas\"}]},{\"@type\":\"WebSite\",\"@id\":\"https:\\\/\\\/ionn.com.br\\\/mellp\\\/#website\",\"url\":\"https:\\\/\\\/ionn.com.br\\\/mellp\\\/\",\"name\":\"Mell Petit\",\"description\":\"Sa\u00eddas de maternidade\",\"publisher\":{\"@id\":\"https:\\\/\\\/ionn.com.br\\\/mellp\\\/#organization\"},\"alternateName\":\"Mell Petit\",\"potentialAction\":[{\"@type\":\"SearchAction\",\"target\":{\"@type\":\"EntryPoint\",\"urlTemplate\":\"https:\\\/\\\/ionn.com.br\\\/mellp\\\/?s={search_term_string}\"},\"query-input\":{\"@type\":\"PropertyValueSpecification\",\"valueRequired\":true,\"valueName\":\"search_term_string\"}}],\"inLanguage\":\"pt-BR\"},{\"@type\":\"Organization\",\"@id\":\"https:\\\/\\\/ionn.com.br\\\/mellp\\\/#organization\",\"name\":\"Mell Petit\",\"alternateName\":\"Mell Petit\",\"url\":\"https:\\\/\\\/ionn.com.br\\\/mellp\\\/\",\"logo\":{\"@type\":\"ImageObject\",\"inLanguage\":\"pt-BR\",\"@id\":\"https:\\\/\\\/ionn.com.br\\\/mellp\\\/#\\\/schema\\\/logo\\\/image\\\/\",\"url\":\"https:\\\/\\\/ionn.com.br\\\/mellp\\\/wp-content\\\/uploads\\\/loja-virtual-roupas-de-bebe-recem-nascido-sao-paulo.webp\",\"contentUrl\":\"https:\\\/\\\/ionn.com.br\\\/mellp\\\/wp-content\\\/uploads\\\/loja-virtual-roupas-de-bebe-recem-nascido-sao-paulo.webp\",\"width\":178,\"height\":117,\"caption\":\"Mell Petit\"},\"image\":{\"@id\":\"https:\\\/\\\/ionn.com.br\\\/mellp\\\/#\\\/schema\\\/logo\\\/image\\\/\"},\"sameAs\":[\"https:\\\/\\\/facebook.com\\\/mellpetit\",\"https:\\\/\\\/instagram.com\\\/mellpetit\"]}]}<\/script>\n<!-- \/ Yoast SEO plugin. -->","yoast_head_json":{"title":"Kit Gorro e Luvinhas &#8212; Mell Petit","description":"O kit de touca e luvinhas \u00e9 ideal para manter o beb\u00ea aquecido, mantendo ouvidos e m\u00e3os protegidas.","robots":{"index":"index","follow":"follow","max-snippet":"max-snippet:-1","max-image-preview":"max-image-preview:large","max-video-preview":"max-video-preview:-1"},"canonical":"https:\/\/ionn.com.br\/mellp\/produto\/kit-gorro-e-luvinhas\/","og_locale":"pt_BR","og_type":"article","og_title":"Kit Gorro e Luvinhas &#8212; Mell Petit","og_description":"O kit de touca e luvinhas \u00e9 ideal para manter o beb\u00ea aquecido, mantendo ouvidos e m\u00e3os protegidas.","og_url":"https:\/\/ionn.com.br\/mellp\/produto\/kit-gorro-e-luvinhas\/","og_site_name":"Mell Petit","article_publisher":"https:\/\/facebook.com\/mellpetit","article_modified_time":"2026-03-26T05:01:13+00:00","og_image":[{"width":1024,"height":1024,"url":"https:\/\/ionn.com.br\/mellp\/wp-content\/uploads\/KIT-GORRO-E-LUVINHAS-AZUL-MARINHO.webp","type":"image\/webp"}],"twitter_card":"summary_large_image","twitter_misc":{"Est. tempo de leitura":"1 minuto"},"schema":{"@context":"https:\/\/schema.org","@graph":[{"@type":"WebPage","@id":"https:\/\/ionn.com.br\/mellp\/produto\/kit-gorro-e-luvinhas\/","url":"https:\/\/ionn.com.br\/mellp\/produto\/kit-gorro-e-luvinhas\/","name":"Kit Gorro e Luvinhas &#8212; Mell Petit","isPartOf":{"@id":"https:\/\/ionn.com.br\/mellp\/#website"},"primaryImageOfPage":{"@id":"https:\/\/ionn.com.br\/mellp\/produto\/kit-gorro-e-luvinhas\/#primaryimage"},"image":{"@id":"https:\/\/ionn.com.br\/mellp\/produto\/kit-gorro-e-luvinhas\/#primaryimage"},"thumbnailUrl":"https:\/\/ionn.com.br\/mellp\/wp-content\/uploads\/KIT-GORRO-E-LUVINHAS-AZUL-MARINHO.webp","datePublished":"2026-02-02T00:41:33+00:00","dateModified":"2026-03-26T05:01:13+00:00","description":"O kit de touca e luvinhas \u00e9 ideal para manter o beb\u00ea aquecido, mantendo ouvidos e m\u00e3os protegidas.","breadcrumb":{"@id":"https:\/\/ionn.com.br\/mellp\/produto\/kit-gorro-e-luvinhas\/#breadcrumb"},"inLanguage":"pt-BR","potentialAction":[{"@type":"ReadAction","target":["https:\/\/ionn.com.br\/mellp\/produto\/kit-gorro-e-luvinhas\/"]}]},{"@type":"ImageObject","inLanguage":"pt-BR","@id":"https:\/\/ionn.com.br\/mellp\/produto\/kit-gorro-e-luvinhas\/#primaryimage","url":"https:\/\/ionn.com.br\/mellp\/wp-content\/uploads\/KIT-GORRO-E-LUVINHAS-AZUL-MARINHO.webp","contentUrl":"https:\/\/ionn.com.br\/mellp\/wp-content\/uploads\/KIT-GORRO-E-LUVINHAS-AZUL-MARINHO.webp","width":1024,"height":1024},{"@type":"BreadcrumbList","@id":"https:\/\/ionn.com.br\/mellp\/produto\/kit-gorro-e-luvinhas\/#breadcrumb","itemListElement":[{"@type":"ListItem","position":1,"name":"In\u00edcio","item":"https:\/\/ionn.com.br\/mellp\/"},{"@type":"ListItem","position":2,"name":"Produtos","item":"https:\/\/ionn.com.br\/mellp\/shop\/"},{"@type":"ListItem","position":3,"name":"Kit Gorro e Luvinhas"}]},{"@type":"WebSite","@id":"https:\/\/ionn.com.br\/mellp\/#website","url":"https:\/\/ionn.com.br\/mellp\/","name":"Mell Petit","description":"Sa\u00eddas de maternidade","publisher":{"@id":"https:\/\/ionn.com.br\/mellp\/#organization"},"alternateName":"Mell Petit","potentialAction":[{"@type":"SearchAction","target":{"@type":"EntryPoint","urlTemplate":"https:\/\/ionn.com.br\/mellp\/?s={search_term_string}"},"query-input":{"@type":"PropertyValueSpecification","valueRequired":true,"valueName":"search_term_string"}}],"inLanguage":"pt-BR"},{"@type":"Organization","@id":"https:\/\/ionn.com.br\/mellp\/#organization","name":"Mell Petit","alternateName":"Mell Petit","url":"https:\/\/ionn.com.br\/mellp\/","logo":{"@type":"ImageObject","inLanguage":"pt-BR","@id":"https:\/\/ionn.com.br\/mellp\/#\/schema\/logo\/image\/","url":"https:\/\/ionn.com.br\/mellp\/wp-content\/uploads\/loja-virtual-roupas-de-bebe-recem-nascido-sao-paulo.webp","contentUrl":"https:\/\/ionn.com.br\/mellp\/wp-content\/uploads\/loja-virtual-roupas-de-bebe-recem-nascido-sao-paulo.webp","width":178,"height":117,"caption":"Mell Petit"},"image":{"@id":"https:\/\/ionn.com.br\/mellp\/#\/schema\/logo\/image\/"},"sameAs":["https:\/\/facebook.com\/mellpetit","https:\/\/instagram.com\/mellpetit"]}]}},"_links":{"self":[{"href":"https:\/\/ionn.com.br\/mellp\/wp-json\/wp\/v2\/product\/7804","targetHints":{"allow":["GET"]}}],"collection":[{"href":"https:\/\/ionn.com.br\/mellp\/wp-json\/wp\/v2\/product"}],"about":[{"href":"https:\/\/ionn.com.br\/mellp\/wp-json\/wp\/v2\/types\/product"}],"replies":[{"embeddable":true,"href":"https:\/\/ionn.com.br\/mellp\/wp-json\/wp\/v2\/comments?post=7804"}],"version-history":[{"count":1,"href":"https:\/\/ionn.com.br\/mellp\/wp-json\/wp\/v2\/product\/7804\/revisions"}],"predecessor-version":[{"id":7819,"href":"https:\/\/ionn.com.br\/mellp\/wp-json\/wp\/v2\/product\/7804\/revisions\/7819"}],"wp:featuredmedia":[{"embeddable":true,"href":"https:\/\/ionn.com.br\/mellp\/wp-json\/wp\/v2\/media\/7814"}],"wp:attachment":[{"href":"https:\/\/ionn.com.br\/mellp\/wp-json\/wp\/v2\/media?parent=7804"}],"wp:term":[{"taxonomy":"product_brand","embeddable":true,"href":"https:\/\/ionn.com.br\/mellp\/wp-json\/wp\/v2\/product_brand?post=7804"},{"taxonomy":"product_cat","embeddable":true,"href":"https:\/\/ionn.com.br\/mellp\/wp-json\/wp\/v2\/product_cat?post=7804"},{"taxonomy":"product_tag","embeddable":true,"href":"https:\/\/ionn.com.br\/mellp\/wp-json\/wp\/v2\/product_tag?post=7804"}],"curies":[{"name":"wp","href":"https:\/\/api.w.org\/{rel}","templated":true}]}}