{"id":8110,"date":"2026-02-17T02:07:19","date_gmt":"2026-02-17T05:07:19","guid":{"rendered":"https:\/\/ionn.com.br\/mellp\/?post_type=product&#038;p=8110"},"modified":"2026-03-25T12:57:25","modified_gmt":"2026-03-25T15:57:25","slug":"body-em-algodao-vitoria","status":"publish","type":"product","link":"https:\/\/ionn.com.br\/mellp\/produto\/body-em-algodao-vitoria\/","title":{"rendered":"Body em Algod\u00e3o Vit\u00f3ria"},"content":{"rendered":"<p>Pontos a destacar: a golinha bordada destaca a delicadeza do acabamento. Suas aberturas por bot\u00f5es de press\u00e3o oferecem conforto para a beb\u00ea no momento da troca de fralda.\u00a0 \u00c9 perfeita e uma linda combina\u00e7\u00e3o com a sa\u00edda de maternidade.<\/p>\n<p>&nbsp;<\/p>\n<hr \/>\n<p>&nbsp;<\/p>\n<h3>Medidas aproximadas do P:<\/h3>\n<table>\n<tbody>\n<tr>\n<td style=\"padding: 20px;\" width=\"50%\"><strong>Comprimento total: <\/strong><\/td>\n<td style=\"padding: 20px;\" width=\"50%\">35cm<\/td>\n<\/tr>\n<tr>\n<td style=\"padding: 20px;\" width=\"50%\"><strong>Largura: <\/strong><\/td>\n<td style=\"padding: 20px;\" width=\"50%\">22cm<\/td>\n<\/tr>\n<tr>\n<td style=\"padding: 20px;\" width=\"50%\"><strong>Peso: <\/strong><\/td>\n<td style=\"padding: 20px;\" width=\"50%\">70gr<\/td>\n<\/tr>\n<\/tbody>\n<\/table>\n<p><strong>Medidas: P (0 a 3 m\u00eas; beb\u00ea 03 a 06 Kg &#8211; medidas aproximadas).<\/strong><\/p>\n<p>&nbsp;<\/p>\n<hr \/>\n<p>&nbsp;<\/p>\n<h3>Cuidados com a pe\u00e7a:<\/h3>\n<ol>\n<li>Lavar delicadamente a m\u00e3o<\/li>\n<li>Utilizar sab\u00e3o neutro<\/li>\n<li>N\u00e3o utilizar alvejantes<\/li>\n<li>N\u00e3o misturar com roupas coloridas<\/li>\n<li>Centrifugar com saco apropriado para lavagem<\/li>\n<li>Secar \u00e0 sombra<\/li>\n<li>Passar a ferro com temperatura branda apropriada para tecido em algod\u00e3o<\/li>\n<\/ol>\n<p>&nbsp;<\/p>\n<p>Produtos de qualidade confeccionados artesanalmente, podendo apresentar varia\u00e7\u00f5es em tonalidade, costura e bordados.<\/p>\n","protected":false},"excerpt":{"rendered":"<p>Body antial\u00e9rgico em malha 100% Algod\u00e3o.<\/p>\n","protected":false},"featured_media":8119,"comment_status":"open","ping_status":"closed","template":"","meta":[],"product_brand":[],"product_cat":[71,130,60,70],"product_tag":[89,298],"class_list":{"0":"post-8110","1":"product","2":"type-product","3":"status-publish","4":"has-post-thumbnail","6":"product_cat-bodies","7":"product_cat-body-menina","8":"product_cat-menina","9":"product_cat-produtos","10":"product_tag-body","11":"product_tag-floral","13":"first","14":"instock","15":"taxable","16":"shipping-taxable","17":"purchasable","18":"product-type-variable"},"yoast_head":"<!-- This site is optimized with the Yoast SEO plugin v27.4 - https:\/\/yoast.com\/product\/yoast-seo-wordpress\/ -->\n<title>Body em Algod\u00e3o Vit\u00f3ria &#8212; Mell Petit<\/title>\n<meta name=\"description\" content=\"Pontos a destacar: a golinha bordada destaca a delicadeza do acabamento. Suas aberturas por bot\u00f5es de press\u00e3o oferecem conforto para a beb\u00ea no momento da troca de fralda.\u00a0 \u00c9 perfeita e uma linda combina\u00e7\u00e3o com a sa\u00edda de maternidade.\" \/>\n<meta name=\"robots\" content=\"index, follow, max-snippet:-1, max-image-preview:large, max-video-preview:-1\" \/>\n<link rel=\"canonical\" href=\"https:\/\/ionn.com.br\/mellp\/produto\/body-em-algodao-vitoria\/\" \/>\n<meta property=\"og:locale\" content=\"pt_BR\" \/>\n<meta property=\"og:type\" content=\"article\" \/>\n<meta property=\"og:title\" content=\"Body em Algod\u00e3o Vit\u00f3ria &#8212; Mell Petit\" \/>\n<meta property=\"og:description\" content=\"Pontos a destacar: a golinha bordada destaca a delicadeza do acabamento. Suas aberturas por bot\u00f5es de press\u00e3o oferecem conforto para a beb\u00ea no momento da troca de fralda.\u00a0 \u00c9 perfeita e uma linda combina\u00e7\u00e3o com a sa\u00edda de maternidade.\" \/>\n<meta property=\"og:url\" content=\"https:\/\/ionn.com.br\/mellp\/produto\/body-em-algodao-vitoria\/\" \/>\n<meta property=\"og:site_name\" content=\"Mell Petit\" \/>\n<meta property=\"article:publisher\" content=\"https:\/\/facebook.com\/mellpetit\" \/>\n<meta property=\"article:modified_time\" content=\"2026-03-25T15:57:25+00:00\" \/>\n<meta property=\"og:image\" content=\"https:\/\/ionn.com.br\/mellp\/wp-content\/uploads\/BODY-VITORIA1-.webp\" \/>\n\t<meta property=\"og:image:width\" content=\"1024\" \/>\n\t<meta property=\"og:image:height\" content=\"1024\" \/>\n\t<meta property=\"og:image:type\" content=\"image\/webp\" \/>\n<meta name=\"twitter:card\" content=\"summary_large_image\" \/>\n<meta name=\"twitter:label1\" content=\"Est. tempo de leitura\" \/>\n\t<meta name=\"twitter:data1\" content=\"1 minuto\" \/>\n<script type=\"application\/ld+json\" class=\"yoast-schema-graph\">{\"@context\":\"https:\\\/\\\/schema.org\",\"@graph\":[{\"@type\":\"WebPage\",\"@id\":\"https:\\\/\\\/ionn.com.br\\\/mellp\\\/produto\\\/body-em-algodao-vitoria\\\/\",\"url\":\"https:\\\/\\\/ionn.com.br\\\/mellp\\\/produto\\\/body-em-algodao-vitoria\\\/\",\"name\":\"Body em Algod\u00e3o Vit\u00f3ria &#8212; Mell Petit\",\"isPartOf\":{\"@id\":\"https:\\\/\\\/ionn.com.br\\\/mellp\\\/#website\"},\"primaryImageOfPage\":{\"@id\":\"https:\\\/\\\/ionn.com.br\\\/mellp\\\/produto\\\/body-em-algodao-vitoria\\\/#primaryimage\"},\"image\":{\"@id\":\"https:\\\/\\\/ionn.com.br\\\/mellp\\\/produto\\\/body-em-algodao-vitoria\\\/#primaryimage\"},\"thumbnailUrl\":\"https:\\\/\\\/ionn.com.br\\\/mellp\\\/wp-content\\\/uploads\\\/BODY-VITORIA1-.webp\",\"datePublished\":\"2026-02-17T05:07:19+00:00\",\"dateModified\":\"2026-03-25T15:57:25+00:00\",\"description\":\"Pontos a destacar: a golinha bordada destaca a delicadeza do acabamento. Suas aberturas por bot\u00f5es de press\u00e3o oferecem conforto para a beb\u00ea no momento da troca de fralda.\u00a0 \u00c9 perfeita e uma linda combina\u00e7\u00e3o com a sa\u00edda de maternidade.\",\"breadcrumb\":{\"@id\":\"https:\\\/\\\/ionn.com.br\\\/mellp\\\/produto\\\/body-em-algodao-vitoria\\\/#breadcrumb\"},\"inLanguage\":\"pt-BR\",\"potentialAction\":[{\"@type\":\"ReadAction\",\"target\":[\"https:\\\/\\\/ionn.com.br\\\/mellp\\\/produto\\\/body-em-algodao-vitoria\\\/\"]}]},{\"@type\":\"ImageObject\",\"inLanguage\":\"pt-BR\",\"@id\":\"https:\\\/\\\/ionn.com.br\\\/mellp\\\/produto\\\/body-em-algodao-vitoria\\\/#primaryimage\",\"url\":\"https:\\\/\\\/ionn.com.br\\\/mellp\\\/wp-content\\\/uploads\\\/BODY-VITORIA1-.webp\",\"contentUrl\":\"https:\\\/\\\/ionn.com.br\\\/mellp\\\/wp-content\\\/uploads\\\/BODY-VITORIA1-.webp\",\"width\":1024,\"height\":1024},{\"@type\":\"BreadcrumbList\",\"@id\":\"https:\\\/\\\/ionn.com.br\\\/mellp\\\/produto\\\/body-em-algodao-vitoria\\\/#breadcrumb\",\"itemListElement\":[{\"@type\":\"ListItem\",\"position\":1,\"name\":\"In\u00edcio\",\"item\":\"https:\\\/\\\/ionn.com.br\\\/mellp\\\/\"},{\"@type\":\"ListItem\",\"position\":2,\"name\":\"Produtos\",\"item\":\"https:\\\/\\\/ionn.com.br\\\/mellp\\\/shop\\\/\"},{\"@type\":\"ListItem\",\"position\":3,\"name\":\"Body em Algod\u00e3o Vit\u00f3ria\"}]},{\"@type\":\"WebSite\",\"@id\":\"https:\\\/\\\/ionn.com.br\\\/mellp\\\/#website\",\"url\":\"https:\\\/\\\/ionn.com.br\\\/mellp\\\/\",\"name\":\"Mell Petit\",\"description\":\"Sa\u00eddas de maternidade\",\"publisher\":{\"@id\":\"https:\\\/\\\/ionn.com.br\\\/mellp\\\/#organization\"},\"alternateName\":\"Mell Petit\",\"potentialAction\":[{\"@type\":\"SearchAction\",\"target\":{\"@type\":\"EntryPoint\",\"urlTemplate\":\"https:\\\/\\\/ionn.com.br\\\/mellp\\\/?s={search_term_string}\"},\"query-input\":{\"@type\":\"PropertyValueSpecification\",\"valueRequired\":true,\"valueName\":\"search_term_string\"}}],\"inLanguage\":\"pt-BR\"},{\"@type\":\"Organization\",\"@id\":\"https:\\\/\\\/ionn.com.br\\\/mellp\\\/#organization\",\"name\":\"Mell Petit\",\"alternateName\":\"Mell Petit\",\"url\":\"https:\\\/\\\/ionn.com.br\\\/mellp\\\/\",\"logo\":{\"@type\":\"ImageObject\",\"inLanguage\":\"pt-BR\",\"@id\":\"https:\\\/\\\/ionn.com.br\\\/mellp\\\/#\\\/schema\\\/logo\\\/image\\\/\",\"url\":\"https:\\\/\\\/ionn.com.br\\\/mellp\\\/wp-content\\\/uploads\\\/loja-virtual-roupas-de-bebe-recem-nascido-sao-paulo.webp\",\"contentUrl\":\"https:\\\/\\\/ionn.com.br\\\/mellp\\\/wp-content\\\/uploads\\\/loja-virtual-roupas-de-bebe-recem-nascido-sao-paulo.webp\",\"width\":178,\"height\":117,\"caption\":\"Mell Petit\"},\"image\":{\"@id\":\"https:\\\/\\\/ionn.com.br\\\/mellp\\\/#\\\/schema\\\/logo\\\/image\\\/\"},\"sameAs\":[\"https:\\\/\\\/facebook.com\\\/mellpetit\",\"https:\\\/\\\/instagram.com\\\/mellpetit\"]}]}<\/script>\n<!-- \/ Yoast SEO plugin. -->","yoast_head_json":{"title":"Body em Algod\u00e3o Vit\u00f3ria &#8212; Mell Petit","description":"Pontos a destacar: a golinha bordada destaca a delicadeza do acabamento. Suas aberturas por bot\u00f5es de press\u00e3o oferecem conforto para a beb\u00ea no momento da troca de fralda.\u00a0 \u00c9 perfeita e uma linda combina\u00e7\u00e3o com a sa\u00edda de maternidade.","robots":{"index":"index","follow":"follow","max-snippet":"max-snippet:-1","max-image-preview":"max-image-preview:large","max-video-preview":"max-video-preview:-1"},"canonical":"https:\/\/ionn.com.br\/mellp\/produto\/body-em-algodao-vitoria\/","og_locale":"pt_BR","og_type":"article","og_title":"Body em Algod\u00e3o Vit\u00f3ria &#8212; Mell Petit","og_description":"Pontos a destacar: a golinha bordada destaca a delicadeza do acabamento. Suas aberturas por bot\u00f5es de press\u00e3o oferecem conforto para a beb\u00ea no momento da troca de fralda.\u00a0 \u00c9 perfeita e uma linda combina\u00e7\u00e3o com a sa\u00edda de maternidade.","og_url":"https:\/\/ionn.com.br\/mellp\/produto\/body-em-algodao-vitoria\/","og_site_name":"Mell Petit","article_publisher":"https:\/\/facebook.com\/mellpetit","article_modified_time":"2026-03-25T15:57:25+00:00","og_image":[{"width":1024,"height":1024,"url":"https:\/\/ionn.com.br\/mellp\/wp-content\/uploads\/BODY-VITORIA1-.webp","type":"image\/webp"}],"twitter_card":"summary_large_image","twitter_misc":{"Est. tempo de leitura":"1 minuto"},"schema":{"@context":"https:\/\/schema.org","@graph":[{"@type":"WebPage","@id":"https:\/\/ionn.com.br\/mellp\/produto\/body-em-algodao-vitoria\/","url":"https:\/\/ionn.com.br\/mellp\/produto\/body-em-algodao-vitoria\/","name":"Body em Algod\u00e3o Vit\u00f3ria &#8212; Mell Petit","isPartOf":{"@id":"https:\/\/ionn.com.br\/mellp\/#website"},"primaryImageOfPage":{"@id":"https:\/\/ionn.com.br\/mellp\/produto\/body-em-algodao-vitoria\/#primaryimage"},"image":{"@id":"https:\/\/ionn.com.br\/mellp\/produto\/body-em-algodao-vitoria\/#primaryimage"},"thumbnailUrl":"https:\/\/ionn.com.br\/mellp\/wp-content\/uploads\/BODY-VITORIA1-.webp","datePublished":"2026-02-17T05:07:19+00:00","dateModified":"2026-03-25T15:57:25+00:00","description":"Pontos a destacar: a golinha bordada destaca a delicadeza do acabamento. Suas aberturas por bot\u00f5es de press\u00e3o oferecem conforto para a beb\u00ea no momento da troca de fralda.\u00a0 \u00c9 perfeita e uma linda combina\u00e7\u00e3o com a sa\u00edda de maternidade.","breadcrumb":{"@id":"https:\/\/ionn.com.br\/mellp\/produto\/body-em-algodao-vitoria\/#breadcrumb"},"inLanguage":"pt-BR","potentialAction":[{"@type":"ReadAction","target":["https:\/\/ionn.com.br\/mellp\/produto\/body-em-algodao-vitoria\/"]}]},{"@type":"ImageObject","inLanguage":"pt-BR","@id":"https:\/\/ionn.com.br\/mellp\/produto\/body-em-algodao-vitoria\/#primaryimage","url":"https:\/\/ionn.com.br\/mellp\/wp-content\/uploads\/BODY-VITORIA1-.webp","contentUrl":"https:\/\/ionn.com.br\/mellp\/wp-content\/uploads\/BODY-VITORIA1-.webp","width":1024,"height":1024},{"@type":"BreadcrumbList","@id":"https:\/\/ionn.com.br\/mellp\/produto\/body-em-algodao-vitoria\/#breadcrumb","itemListElement":[{"@type":"ListItem","position":1,"name":"In\u00edcio","item":"https:\/\/ionn.com.br\/mellp\/"},{"@type":"ListItem","position":2,"name":"Produtos","item":"https:\/\/ionn.com.br\/mellp\/shop\/"},{"@type":"ListItem","position":3,"name":"Body em Algod\u00e3o Vit\u00f3ria"}]},{"@type":"WebSite","@id":"https:\/\/ionn.com.br\/mellp\/#website","url":"https:\/\/ionn.com.br\/mellp\/","name":"Mell Petit","description":"Sa\u00eddas de maternidade","publisher":{"@id":"https:\/\/ionn.com.br\/mellp\/#organization"},"alternateName":"Mell Petit","potentialAction":[{"@type":"SearchAction","target":{"@type":"EntryPoint","urlTemplate":"https:\/\/ionn.com.br\/mellp\/?s={search_term_string}"},"query-input":{"@type":"PropertyValueSpecification","valueRequired":true,"valueName":"search_term_string"}}],"inLanguage":"pt-BR"},{"@type":"Organization","@id":"https:\/\/ionn.com.br\/mellp\/#organization","name":"Mell Petit","alternateName":"Mell Petit","url":"https:\/\/ionn.com.br\/mellp\/","logo":{"@type":"ImageObject","inLanguage":"pt-BR","@id":"https:\/\/ionn.com.br\/mellp\/#\/schema\/logo\/image\/","url":"https:\/\/ionn.com.br\/mellp\/wp-content\/uploads\/loja-virtual-roupas-de-bebe-recem-nascido-sao-paulo.webp","contentUrl":"https:\/\/ionn.com.br\/mellp\/wp-content\/uploads\/loja-virtual-roupas-de-bebe-recem-nascido-sao-paulo.webp","width":178,"height":117,"caption":"Mell Petit"},"image":{"@id":"https:\/\/ionn.com.br\/mellp\/#\/schema\/logo\/image\/"},"sameAs":["https:\/\/facebook.com\/mellpetit","https:\/\/instagram.com\/mellpetit"]}]}},"_links":{"self":[{"href":"https:\/\/ionn.com.br\/mellp\/wp-json\/wp\/v2\/product\/8110","targetHints":{"allow":["GET"]}}],"collection":[{"href":"https:\/\/ionn.com.br\/mellp\/wp-json\/wp\/v2\/product"}],"about":[{"href":"https:\/\/ionn.com.br\/mellp\/wp-json\/wp\/v2\/types\/product"}],"replies":[{"embeddable":true,"href":"https:\/\/ionn.com.br\/mellp\/wp-json\/wp\/v2\/comments?post=8110"}],"version-history":[{"count":1,"href":"https:\/\/ionn.com.br\/mellp\/wp-json\/wp\/v2\/product\/8110\/revisions"}],"predecessor-version":[{"id":8121,"href":"https:\/\/ionn.com.br\/mellp\/wp-json\/wp\/v2\/product\/8110\/revisions\/8121"}],"wp:featuredmedia":[{"embeddable":true,"href":"https:\/\/ionn.com.br\/mellp\/wp-json\/wp\/v2\/media\/8119"}],"wp:attachment":[{"href":"https:\/\/ionn.com.br\/mellp\/wp-json\/wp\/v2\/media?parent=8110"}],"wp:term":[{"taxonomy":"product_brand","embeddable":true,"href":"https:\/\/ionn.com.br\/mellp\/wp-json\/wp\/v2\/product_brand?post=8110"},{"taxonomy":"product_cat","embeddable":true,"href":"https:\/\/ionn.com.br\/mellp\/wp-json\/wp\/v2\/product_cat?post=8110"},{"taxonomy":"product_tag","embeddable":true,"href":"https:\/\/ionn.com.br\/mellp\/wp-json\/wp\/v2\/product_tag?post=8110"}],"curies":[{"name":"wp","href":"https:\/\/api.w.org\/{rel}","templated":true}]}}